{"id":13960,"date":"2022-07-09T18:15:55","date_gmt":"2022-07-09T18:15:55","guid":{"rendered":"https:\/\/aims.cat\/?page_id=13960"},"modified":"2025-11-11T10:29:46","modified_gmt":"2025-11-11T10:29:46","slug":"astrid-steinschaden","status":"publish","type":"page","link":"https:\/\/aims.cat\/es\/aims-academia\/profesorado\/astrid-steinschaden\/","title":{"rendered":"Astrid Steinschaden"},"content":{"rendered":"<p>[et_pb_section fb_built=\u00bb1&#8243; custom_padding_last_edited=\u00bbon|desktop\u00bb _builder_version=\u00bb4.16&#8243; custom_padding_tablet=\u00bb50px|0|50px|0&#8243; custom_padding_phone=\u00bb\u00bb custom_css_main_element=\u00bbpadding-bottom:0px;\u00bb transparent_background=\u00bboff\u00bb padding_mobile=\u00bboff\u00bb global_colors_info=\u00bb{}\u00bb][et_pb_row _builder_version=\u00bb4.16&#8243; background_size=\u00bbinitial\u00bb background_position=\u00bbtop_left\u00bb background_repeat=\u00bbrepeat\u00bb global_colors_info=\u00bb{}\u00bb][et_pb_column type=\u00bb4_4&#8243; _builder_version=\u00bb4.16&#8243; custom_padding=\u00bb|||\u00bb global_colors_info=\u00bb{}\u00bb custom_padding__hover=\u00bb|||\u00bb][et_pb_post_title meta=\u00bboff\u00bb featured_image=\u00bboff\u00bb text_color=\u00bblight\u00bb text_background=\u00bbon\u00bb text_bg_color=\u00bb#222222&#8243; admin_label=\u00bbT\u00edtulo de publicaci\u00f3n\u00bb _builder_version=\u00bb4.16&#8243; title_font_size=\u00bb18px\u00bb title_all_caps=\u00bboff\u00bb background_color=\u00bbrgba(255,255,255,0)\u00bb parallax=\u00bbon\u00bb parallax_effect=\u00bbon\u00bb module_bg_color=\u00bbrgba(255,255,255,0)\u00bb global_colors_info=\u00bb{}\u00bb]<\/p>\n<p>\n&nbsp;<\/p>\n<p>[\/et_pb_post_title][\/et_pb_column][\/et_pb_row][\/et_pb_section][et_pb_section fb_built=\u00bb1&#8243; custom_padding_last_edited=\u00bbon|desktop\u00bb _builder_version=\u00bb4.16&#8243; custom_padding_tablet=\u00bb50px|0|50px|0&#8243; custom_padding_phone=\u00bb\u00bb custom_css_main_element=\u00bbpadding-top:0px;\u00bb transparent_background=\u00bboff\u00bb padding_mobile=\u00bboff\u00bb global_colors_info=\u00bb{}\u00bb][et_pb_row column_structure=\u00bb1_2,1_2&#8243; _builder_version=\u00bb4.27.0&#8243; background_size=\u00bbinitial\u00bb background_position=\u00bbtop_left\u00bb background_repeat=\u00bbrepeat\u00bb custom_margin=\u00bb|auto|-37px|auto||\u00bb global_colors_info=\u00bb{}\u00bb][et_pb_column type=\u00bb1_2&#8243; _builder_version=\u00bb4.16&#8243; custom_padding=\u00bb|||\u00bb global_colors_info=\u00bb{}\u00bb custom_padding__hover=\u00bb|||\u00bb][et_pb_image src=\u00bbhttps:\/\/aims.cat\/wp-content\/uploads\/2025\/11\/Astrid-Steinshcaden-1.jpg\u00bb title_text=\u00bbAstrid Steinshcaden\u00bb show_in_lightbox=\u00bbon\u00bb align_tablet=\u00bbcenter\u00bb align_phone=\u00bb\u00bb align_last_edited=\u00bbon|desktop\u00bb _builder_version=\u00bb4.27.0&#8243; always_center_on_mobile=\u00bbon\u00bb global_colors_info=\u00bb{}\u00bb]<\/p>\n<p>\n&nbsp;<\/p>\n<p>[\/et_pb_image][\/et_pb_column][et_pb_column type=\u00bb1_2&#8243; _builder_version=\u00bb4.16&#8243; custom_padding=\u00bb|||\u00bb global_colors_info=\u00bb{}\u00bb custom_padding__hover=\u00bb|||\u00bb][et_pb_text admin_label=\u00bbTexto\u00bb _builder_version=\u00bb4.16&#8243; background_size=\u00bbinitial\u00bb background_position=\u00bbtop_left\u00bb background_repeat=\u00bbrepeat\u00bb global_colors_info=\u00bb{}\u00bb]<\/p>\n<p style=\"text-align: justify;\">La pianista austr\u00edaca Astrid Steinschaden nace en Salzburgo, donde recibe su formaci\u00f3n musical con los profesores Anton Czjzek, Karl-Heinz K\u00e4mmerling y Cordelia H\u00f6fer-Teutsch. Pronto se especializa en m\u00fasica de c\u00e1mara en todas las formaciones posibles, as\u00ed como en el acompa\u00f1amiento instrumental y vocal con una gran variedad de repertorio. Recibe consejos valiosos y asiste a clases magistrales de Sergei Dorensky, Stanislav Pochekin y Elisabeth Leonskaya, entre otros.\u00a0<\/p>\n<p style=\"text-align: justify;\">Realiza conciertos en salas europeas y estadounidenses tan destacadas como la Filarm\u00f3nica de Berl\u00edn, el Palau de la M\u00fasica Catalana, el Gran Teatro del Liceo, el Mozarteum de Salzburgo o el Conservatorio de San Petersburgo.\u00a0<\/p>\n<p style=\"text-align: justify;\">Es galardonada con diversos premios de concursos nacionales e internacionales como solista, pero tambi\u00e9n como pianista acompa\u00f1ante.\u00a0<\/p>\n<p>[\/et_pb_text][\/et_pb_column][\/et_pb_row][et_pb_row _builder_version=\u00bb4.27.0&#8243; _module_preset=\u00bbdefault\u00bb global_colors_info=\u00bb{}\u00bb][et_pb_column type=\u00bb4_4&#8243; _builder_version=\u00bb4.27.0&#8243; _module_preset=\u00bbdefault\u00bb global_colors_info=\u00bb{}\u00bb][et_pb_text _builder_version=\u00bb4.27.0&#8243; _module_preset=\u00bbdefault\u00bb global_colors_info=\u00bb{}\u00bb]<\/p>\n<p style=\"text-align: justify;\">Actualmente es colaboradora habitual del Gran Teatro del Liceo y la orquesta OBC, y compagina sus actuaciones con la pedagog\u00eda en la Escuela Superior de M\u00fasica de Barcelona (ESMUC), donde desarrolla una extensa actividad art\u00edstica. Regularmente acompa\u00f1a clases magistrales instrumentales y vocales con profesores de la talla de Luciana Serra, Nelly Miriciou, Gustav Rivinius, Gary Hoffman, Maria de Macedo, Amir Eldan, entre muchos otros.<\/p>\n<p>[\/et_pb_text][\/et_pb_column][\/et_pb_row][\/et_pb_section]<\/p>\n","protected":false},"excerpt":{"rendered":"<p>&nbsp; &nbsp;La pianista austr\u00edaca Astrid Steinschaden nace en Salzburgo, donde recibe su formaci\u00f3n musical con los profesores Anton Czjzek, Karl-Heinz K\u00e4mmerling y Cordelia H\u00f6fer-Teutsch. Pronto se especializa en m\u00fasica de [&hellip;]<\/p>\n","protected":false},"author":2,"featured_media":0,"parent":1464,"menu_order":0,"comment_status":"closed","ping_status":"closed","template":"","meta":{"_acf_changed":false,"_et_pb_use_builder":"on","_et_pb_old_content":"","_et_gb_content_width":"","footnotes":"","_links_to":"","_links_to_target":""},"class_list":["post-13960","page","type-page","status-publish","hentry"],"acf":[],"_links":{"self":[{"href":"https:\/\/aims.cat\/es\/wp-json\/wp\/v2\/pages\/13960","targetHints":{"allow":["GET"]}}],"collection":[{"href":"https:\/\/aims.cat\/es\/wp-json\/wp\/v2\/pages"}],"about":[{"href":"https:\/\/aims.cat\/es\/wp-json\/wp\/v2\/types\/page"}],"author":[{"embeddable":true,"href":"https:\/\/aims.cat\/es\/wp-json\/wp\/v2\/users\/2"}],"replies":[{"embeddable":true,"href":"https:\/\/aims.cat\/es\/wp-json\/wp\/v2\/comments?post=13960"}],"version-history":[{"count":6,"href":"https:\/\/aims.cat\/es\/wp-json\/wp\/v2\/pages\/13960\/revisions"}],"predecessor-version":[{"id":17888,"href":"https:\/\/aims.cat\/es\/wp-json\/wp\/v2\/pages\/13960\/revisions\/17888"}],"up":[{"embeddable":true,"href":"https:\/\/aims.cat\/es\/wp-json\/wp\/v2\/pages\/1464"}],"wp:attachment":[{"href":"https:\/\/aims.cat\/es\/wp-json\/wp\/v2\/media?parent=13960"}],"curies":[{"name":"wp","href":"https:\/\/api.w.org\/{rel}","templated":true}]}}