{"id":1431,"date":"2016-01-27T09:44:57","date_gmt":"2016-01-27T09:44:57","guid":{"rendered":"https:\/\/aims.cat\/es\/johannes-geffert\/"},"modified":"2020-12-11T11:40:38","modified_gmt":"2020-12-11T11:40:38","slug":"johannes-geffert","status":"publish","type":"page","link":"https:\/\/aims.cat\/es\/aims-academia\/profesorado\/johannes-geffert\/","title":{"rendered":"Johannes Geffert"},"content":{"rendered":"<p>[et_pb_section fb_built=\u00bb1&#8243; custom_padding_last_edited=\u00bbon|desktop\u00bb _builder_version=\u00bb3.22&#8243; custom_padding_tablet=\u00bb50px|0|50px|0&#8243; custom_padding_phone=\u00bb\u00bb custom_css_main_element=\u00bbpadding-bottom:0px;\u00bb transparent_background=\u00bboff\u00bb padding_mobile=\u00bboff\u00bb make_fullwidth=\u00bboff\u00bb use_custom_width=\u00bboff\u00bb width_unit=\u00bbon\u00bb][et_pb_row _builder_version=\u00bb3.25&#8243; background_size=\u00bbinitial\u00bb background_position=\u00bbtop_left\u00bb background_repeat=\u00bbrepeat\u00bb column_structure=\u00bb1_4,3_4&#8243;][et_pb_column type=\u00bb1_4&#8243; _builder_version=\u00bb3.25&#8243; custom_padding=\u00bb|||\u00bb custom_padding__hover=\u00bb|||\u00bb][et_pb_text admin_label=\u00bbTexto\u00bb _builder_version=\u00bb3.27.4&#8243; text_font_size=\u00bb18&#8243; background_color=\u00bb#ea4951&#8243; background_size=\u00bbinitial\u00bb background_position=\u00bbtop_left\u00bb background_repeat=\u00bbrepeat\u00bb background_layout=\u00bbdark\u00bb custom_padding=\u00bb14px|21px|21px|24px\u00bb use_border_color=\u00bboff\u00bb border_color=\u00bb#ffffff\u00bb border_style=\u00bbsolid\u00bb]<\/p>\n<p>\nAIMS\u00a0Academia<\/p>\n<p>[\/et_pb_text][\/et_pb_column][et_pb_column type=\u00bb3_4&#8243; _builder_version=\u00bb3.25&#8243; custom_padding=\u00bb|||\u00bb custom_padding__hover=\u00bb|||\u00bb][et_pb_post_title meta=\u00bboff\u00bb featured_image=\u00bboff\u00bb text_color=\u00bblight\u00bb text_background=\u00bbon\u00bb text_bg_color=\u00bb#222222&#8243; admin_label=\u00bbT\u00edtulo de publicaci\u00f3n\u00bb _builder_version=\u00bb3.0.87&#8243; title_font_size=\u00bb18px\u00bb title_all_caps=\u00bboff\u00bb background_color=\u00bbrgba(255,255,255,0)\u00bb parallax=\u00bbon\u00bb use_border_color=\u00bboff\u00bb border_color=\u00bb#ffffff\u00bb border_style=\u00bbsolid\u00bb parallax_effect=\u00bbon\u00bb module_bg_color=\u00bbrgba(255,255,255,0)\u00bb]<br \/>\n[\/et_pb_post_title][\/et_pb_column][\/et_pb_row][\/et_pb_section][et_pb_section fb_built=\u00bb1&#8243; custom_padding_last_edited=\u00bbon|desktop\u00bb _builder_version=\u00bb3.22&#8243; custom_padding_tablet=\u00bb50px|0|50px|0&#8243; custom_padding_phone=\u00bb\u00bb custom_css_main_element=\u00bbpadding-top:0px;\u00bb transparent_background=\u00bboff\u00bb padding_mobile=\u00bboff\u00bb make_fullwidth=\u00bboff\u00bb use_custom_width=\u00bboff\u00bb width_unit=\u00bbon\u00bb][et_pb_row _builder_version=\u00bb3.25&#8243; background_size=\u00bbinitial\u00bb background_position=\u00bbtop_left\u00bb background_repeat=\u00bbrepeat\u00bb column_structure=\u00bb1_4,1_4,1_2&#8243;][et_pb_column type=\u00bb1_4&#8243; _builder_version=\u00bb3.25&#8243; custom_padding=\u00bb|||\u00bb custom_padding__hover=\u00bb|||\u00bb][et_pb_sidebar area=\u00bbet_pb_widget_area_3&#8243; admin_label=\u00bbMENU\u00bb module_id=\u00bbAcademyMenu\u00bb _builder_version=\u00bb3.0.74&#8243; remove_border=\u00bboff\u00bb]<br \/>\n[\/et_pb_sidebar][\/et_pb_column][et_pb_column type=\u00bb1_4&#8243; _builder_version=\u00bb3.25&#8243; custom_padding=\u00bb|||\u00bb custom_padding__hover=\u00bb|||\u00bb][et_pb_image src=\u00bbhttps:\/\/aims.cat\/wp-content\/uploads\/2016\/01\/Johannes-Geffert.jpg\u00bb show_in_lightbox=\u00bbon\u00bb align_tablet=\u00bbcenter\u00bb align_last_edited=\u00bbon|desktop\u00bb _builder_version=\u00bb3.23&#8243; use_border_color=\u00bboff\u00bb border_color=\u00bb#ffffff\u00bb border_style=\u00bbsolid\u00bb animation=\u00bboff\u00bb sticky=\u00bboff\u00bb always_center_on_mobile=\u00bbon\u00bb]<br \/>\n[\/et_pb_image][et_pb_text admin_label=\u00bbHighlights\u00bb module_class=\u00bbhighlights\u00bb _builder_version=\u00bb3.27.4&#8243; background_size=\u00bbinitial\u00bb background_position=\u00bbtop_left\u00bb background_repeat=\u00bbrepeat\u00bb use_border_color=\u00bboff\u00bb border_color=\u00bb#ffffff\u00bb border_style=\u00bbsolid\u00bb]<\/p>\n<h3>Johannes Geffert<\/h3>\n<h3>\u00d3rgano e improvisaci\u00f3n<\/h3>\n<h3>Alemania<\/h3>\n<h3>Universidad de la M\u00fasica y la Danza de Colonia, Alemania<\/h3>\n<p>[\/et_pb_text][\/et_pb_column][et_pb_column type=\u00bb1_2&#8243; _builder_version=\u00bb3.25&#8243; custom_padding=\u00bb|||\u00bb custom_padding__hover=\u00bb|||\u00bb][et_pb_text admin_label=\u00bbTexto\u00bb _builder_version=\u00bb3.27.4&#8243; background_size=\u00bbinitial\u00bb background_position=\u00bbtop_left\u00bb background_repeat=\u00bbrepeat\u00bb use_border_color=\u00bboff\u00bb]<\/p>\n<p><strong>Johannes Geffert<\/strong> es catedr\u00e1tico de \u00f3rgano e improvisaci\u00f3n en el Conservatorio Superior de M\u00fasica de Colonia, siendo tambi\u00e9n jefe del departamento de m\u00fasica sacra protestante. Nacido en 1951, creci\u00f3 rodeado por la tradici\u00f3n de la profesi\u00f3n al ser hijo de un reconocido organista y director de m\u00fasica sacra. El legendario Dr. Michael Schneider, que combina el arte del \u00f3rgano franc\u00e9s y alem\u00e1n a trav\u00e9s de sus famosos profesores Karl Straube y Marcel Dupr\u00e8, fue su profesor mientras estudi\u00f3 m\u00fasica sacra en Colonia entre 1962 y 1972. Geffert prosigui\u00f3 su formaci\u00f3n con el concertista brit\u00e1nico Nicolas Kynaston.<\/p>\n<p>Desde 1974 hasta 1979 Johannes Geffert fue organista en Achen y director de la sociedad Achen Bach, donde fund\u00f3 el Festival \u201cAachener Bachtage\u201d. Desde 1980 hasta 1997 fue director de m\u00fasica sacra en la Kreuzkirche Bonn, conocida por su alto nivel musical en sus servicios religiosos y sus ciclos de conciertos con tradicionales representaciones de oratorios, cantatas, m\u00fasica de c\u00e1mara y recitales de \u00f3rgano. En Bonn, Geffert es tambi\u00e9n organista titular del auditorio municipal \u201cBeethovenhalle\u201d.<\/p>\n<p>Johannes Geffert ha participado en muchos festivales de \u00f3rgano de Europa, Jap\u00f3n, Am\u00e9rica del Sur, \u00cdndias Occidentales y de los Estados Unidos. Sus retransmisiones y CDs han recibido las mejores aclamaciones. Desde 1978 Geffert ha estado ense\u00f1ando en la Schumann-Hochschule de D\u00fcsseldorf y ha impartido clases magistrales por Alemania y el extranjero. Ha sido solicitado para ser miembro del jurado de numerosos concursos de \u00f3rgano. En 1991 Geffert fund\u00f3 la \u00abJohann Christian Bach-Academy\u00bb, una orquesta con instrumentos hist\u00f3ricos que ha interpretado todos los oratorios de Bach y gran parte del repertorio de m\u00fasica sacra m\u00e1s habitual en muchas iglesias hist\u00f3ricas alemanas. Como editor, supervisa series de publicaciones de m\u00fasica para \u00f3rgano de compositores alemanes y brit\u00e1nicos<\/p>\n<p>Johannes Geffert est\u00e1 considerado uno de los m\u00e1s grandes maestros del arte de la improvisaci\u00f3n.<\/p>\n<p>[\/et_pb_text][\/et_pb_column][\/et_pb_row][\/et_pb_section]<\/p>\n","protected":false},"excerpt":{"rendered":"<p>AIMS\u00a0Academia Johannes Geffert \u00d3rgano e improvisaci\u00f3n Alemania Universidad de la M\u00fasica y la Danza de Colonia, Alemania Johannes Geffert es catedr\u00e1tico de \u00f3rgano e improvisaci\u00f3n en el Conservatorio Superior de [&hellip;]<\/p>\n","protected":false},"author":2,"featured_media":0,"parent":1464,"menu_order":0,"comment_status":"closed","ping_status":"closed","template":"","meta":{"_acf_changed":false,"_et_pb_use_builder":"on","_et_pb_old_content":"","_et_gb_content_width":"","footnotes":"","_links_to":"","_links_to_target":""},"class_list":["post-1431","page","type-page","status-publish","hentry"],"acf":[],"_links":{"self":[{"href":"https:\/\/aims.cat\/es\/wp-json\/wp\/v2\/pages\/1431","targetHints":{"allow":["GET"]}}],"collection":[{"href":"https:\/\/aims.cat\/es\/wp-json\/wp\/v2\/pages"}],"about":[{"href":"https:\/\/aims.cat\/es\/wp-json\/wp\/v2\/types\/page"}],"author":[{"embeddable":true,"href":"https:\/\/aims.cat\/es\/wp-json\/wp\/v2\/users\/2"}],"replies":[{"embeddable":true,"href":"https:\/\/aims.cat\/es\/wp-json\/wp\/v2\/comments?post=1431"}],"version-history":[{"count":0,"href":"https:\/\/aims.cat\/es\/wp-json\/wp\/v2\/pages\/1431\/revisions"}],"up":[{"embeddable":true,"href":"https:\/\/aims.cat\/es\/wp-json\/wp\/v2\/pages\/1464"}],"wp:attachment":[{"href":"https:\/\/aims.cat\/es\/wp-json\/wp\/v2\/media?parent=1431"}],"curies":[{"name":"wp","href":"https:\/\/api.w.org\/{rel}","templated":true}]}}