{"id":1503,"date":"2016-01-26T09:53:35","date_gmt":"2016-01-26T09:53:35","guid":{"rendered":"https:\/\/aims.cat\/es\/aims-academia\/general-info\/"},"modified":"2025-11-11T10:31:51","modified_gmt":"2025-11-11T10:31:51","slug":"aims-2023","status":"publish","type":"page","link":"https:\/\/aims.cat\/es\/aims-academia\/aims-2023\/","title":{"rendered":"AIMS ACADEMIA DE CUERDA &#038; PIANO"},"content":{"rendered":"<p>[et_pb_section fb_built=\u00bb1&#8243; specialty=\u00bbon\u00bb _builder_version=\u00bb4.16&#8243; global_colors_info=\u00bb{}\u00bb][et_pb_column type=\u00bb1_4&#8243; _builder_version=\u00bb4.16&#8243; custom_padding=\u00bb|||\u00bb global_colors_info=\u00bb{}\u00bb custom_padding__hover=\u00bb|||\u00bb][et_pb_sidebar area=\u00bbet_pb_widget_area_3&#8243; admin_label=\u00bbMENU\u00bb module_id=\u00bbAcademyMenu\u00bb _builder_version=\u00bb4.16&#8243; remove_border=\u00bboff\u00bb global_colors_info=\u00bb{}\u00bb][\/et_pb_sidebar][\/et_pb_column][et_pb_column type=\u00bb3_4&#8243; specialty_columns=\u00bb3&#8243; _builder_version=\u00bb4.16&#8243; custom_padding=\u00bb|||\u00bb global_colors_info=\u00bb{}\u00bb custom_padding__hover=\u00bb|||\u00bb][et_pb_row_inner admin_label=\u00bbRow\u00bb _builder_version=\u00bb4.16&#8243; global_colors_info=\u00bb{}\u00bb][et_pb_column_inner saved_specialty_column_type=\u00bb3_4&#8243; _builder_version=\u00bb4.16&#8243; custom_padding=\u00bb|||\u00bb global_colors_info=\u00bb{}\u00bb custom_padding__hover=\u00bb|||\u00bb][et_pb_text _builder_version=\u00bb4.20.4&#8243; global_colors_info=\u00bb{}\u00bb]<\/p>\n<p>Queridos amigos y amigas,<\/p>\n<p>Despu\u00e9s de celebrar 24 a\u00f1os de AIMS, tengo muchas ganas de seguir con el proyecto que iniciamos en 2002 con la visi\u00f3n de crear una academia y un festival internacional de m\u00fasica excepcionales.<\/p>\n<p>Durante los \u00faltimos a\u00f1os, miles de estudiantes de todos los continentes con un talento extraordinario se han encontrado en Solsona en agosto para aprender m\u00e1s con nosotros, para actuar en nuestros numerosos conciertos en los lugares m\u00e1s bonitos, para conocerse y entablar amistad con otras personas, para probar nuevos idiomas o, incluso, para disfrutar del verano de los entornos de Solsona, del sol y de los preciosos paisajes de monta\u00f1a.<\/p>\n<p>Para este 2025 estamos trabajando para conseguir un evento lo m\u00e1s lucido posible, con el reto de conseguir, cada a\u00f1o, mejores niveles, ver de nuevo las caras conocidas y conocer de nuevas\u2026 y, como cada a\u00f1o, con novedades tanto en la academia como en el festival (\u00a1con nuevos escenarios impresionantes!).<\/p>\n<p>Para empezar, echad un vistazo a nuestro prestigioso claustro de profesores e imaginaros ser uno de los int\u00e9rpretes de los m\u00e1s de 40 conciertos.<\/p>\n<p>Ap\u00fantate y an\u00edmate a conocer AIMS, esta comunidad \u00fanica de m\u00fasicos profesionales, estudiantes excelentes, que cada a\u00f1o aumenta el p\u00fablico que disfruta de la mejor m\u00fasica en lugares preciosos.<\/p>\n<p>No dejes escapar esta oportunidad y espero verte en verano en Solsona.<\/p>\n<p><span lang=\"ES\" style=\"font-size: 10.5pt; line-height: 115%; font-family: 'Open Sans',sans-serif; color: #666666;\">\u00a1Hasta pronto!<\/span><\/p>\n<p style=\"text-align: center;\"><img loading=\"lazy\" decoding=\"async\" class=\"wp-image-9639 alignnone aligncenter\" src=\"https:\/\/aims.cat\/wp-content\/uploads\/2020\/07\/Signature-Peter-Thiemann-300x150.png\" alt=\"\" width=\"244\" height=\"122\" \/>Peter Thiemann<br \/>Presidente Fundaci\u00f3n AIMS<\/p>\n<hr \/>\n<p>&nbsp;<\/p>\n<p>[\/et_pb_text][\/et_pb_column_inner][\/et_pb_row_inner][et_pb_row_inner column_structure=\u00bb1_2,1_2&#8243; padding_mobile=\u00bboff\u00bb column_padding_mobile=\u00bbon\u00bb admin_label=\u00bbRow\u00bb _builder_version=\u00bb4.16&#8243; global_colors_info=\u00bb{}\u00bb][et_pb_column_inner type=\u00bb1_2&#8243; saved_specialty_column_type=\u00bb3_4&#8243; _builder_version=\u00bb4.16&#8243; custom_padding=\u00bb|||\u00bb global_colors_info=\u00bb{}\u00bb custom_padding__hover=\u00bb|||\u00bb][et_pb_testimonial author=\u00bbEkaterina Manafova \u00bb job_title=\u00bbalumna de viola \u00bb company_name=\u00bbUniversit\u00e4t der K\u00fcnste (Berlin)\u00bb _builder_version=\u00bb4.16&#8243; border_style=\u00bbsolid\u00bb global_colors_info=\u00bb{}\u00bb]<\/p>\n<p style=\"margin: 0cm; margin-bottom: .0001pt;\">AIMS es como una gran familia de m\u00fasicos. Es muy intenso, con mucha diversi\u00f3n y posibilidades de presentarte. Una vez llegas, quieres volver cada verano.<\/p>\n<p>[\/et_pb_testimonial][\/et_pb_column_inner][et_pb_column_inner type=\u00bb1_2&#8243; saved_specialty_column_type=\u00bb3_4&#8243; _builder_version=\u00bb4.16&#8243; custom_padding=\u00bb|||\u00bb global_colors_info=\u00bb{}\u00bb custom_padding__hover=\u00bb|||\u00bb][et_pb_testimonial author=\u00bbAnna Litvinenko\u00bb job_title=\u00bbalumna de violoncelo \u00bb company_name=\u00bbThe Juilliard School (Nueva York)\u00bb _builder_version=\u00bb4.16&#8243; border_style=\u00bbsolid\u00bb global_colors_info=\u00bb{}\u00bb]<\/p>\n<p>Unos de los d\u00edas m\u00e1s intensos, ocupados y superdivertidos con el mejor grupo de chicos y profesores. No lo puedo recomendar lo suficiente porque me ha fascinado.<\/p>\n<p>[\/et_pb_testimonial][\/et_pb_column_inner][\/et_pb_row_inner][\/et_pb_column][\/et_pb_section]<\/p>\n","protected":false},"excerpt":{"rendered":"<p>Queridos amigos y amigas, Despu\u00e9s de celebrar 24 a\u00f1os de AIMS, tengo muchas ganas de seguir con el proyecto que iniciamos en 2002 con la visi\u00f3n de crear una academia [&hellip;]<\/p>\n","protected":false},"author":2,"featured_media":0,"parent":1020,"menu_order":0,"comment_status":"closed","ping_status":"closed","template":"","meta":{"_acf_changed":false,"_et_pb_use_builder":"on","_et_pb_old_content":"","_et_gb_content_width":"","footnotes":"","_links_to":"","_links_to_target":""},"class_list":["post-1503","page","type-page","status-publish","hentry"],"acf":[],"_links":{"self":[{"href":"https:\/\/aims.cat\/es\/wp-json\/wp\/v2\/pages\/1503","targetHints":{"allow":["GET"]}}],"collection":[{"href":"https:\/\/aims.cat\/es\/wp-json\/wp\/v2\/pages"}],"about":[{"href":"https:\/\/aims.cat\/es\/wp-json\/wp\/v2\/types\/page"}],"author":[{"embeddable":true,"href":"https:\/\/aims.cat\/es\/wp-json\/wp\/v2\/users\/2"}],"replies":[{"embeddable":true,"href":"https:\/\/aims.cat\/es\/wp-json\/wp\/v2\/comments?post=1503"}],"version-history":[{"count":16,"href":"https:\/\/aims.cat\/es\/wp-json\/wp\/v2\/pages\/1503\/revisions"}],"predecessor-version":[{"id":17892,"href":"https:\/\/aims.cat\/es\/wp-json\/wp\/v2\/pages\/1503\/revisions\/17892"}],"up":[{"embeddable":true,"href":"https:\/\/aims.cat\/es\/wp-json\/wp\/v2\/pages\/1020"}],"wp:attachment":[{"href":"https:\/\/aims.cat\/es\/wp-json\/wp\/v2\/media?parent=1503"}],"curies":[{"name":"wp","href":"https:\/\/api.w.org\/{rel}","templated":true}]}}