{"id":15881,"date":"2023-12-18T06:53:49","date_gmt":"2023-12-18T06:53:49","guid":{"rendered":"https:\/\/aims.cat\/?page_id=15881"},"modified":"2025-11-03T11:48:24","modified_gmt":"2025-11-03T11:48:24","slug":"joel-marosi","status":"publish","type":"page","link":"https:\/\/aims.cat\/es\/aims-academia\/profesorado\/joel-marosi\/","title":{"rendered":"Jo\u00ebl Marosi"},"content":{"rendered":"<p>[et_pb_section fb_built=\u00bb1&#8243; custom_padding_last_edited=\u00bbon|desktop\u00bb _builder_version=\u00bb4.16&#8243; custom_padding_tablet=\u00bb50px|0|50px|0&#8243; custom_padding_phone=\u00bb\u00bb custom_css_main_element=\u00bbpadding-bottom:0px;\u00bb transparent_background=\u00bboff\u00bb padding_mobile=\u00bboff\u00bb global_colors_info=\u00bb{}\u00bb][et_pb_row _builder_version=\u00bb4.16&#8243; background_size=\u00bbinitial\u00bb background_position=\u00bbtop_left\u00bb background_repeat=\u00bbrepeat\u00bb global_colors_info=\u00bb{}\u00bb][et_pb_column type=\u00bb4_4&#8243; _builder_version=\u00bb4.16&#8243; custom_padding=\u00bb|||\u00bb global_colors_info=\u00bb{}\u00bb custom_padding__hover=\u00bb|||\u00bb][et_pb_post_title meta=\u00bboff\u00bb featured_image=\u00bboff\u00bb text_color=\u00bblight\u00bb text_background=\u00bbon\u00bb text_bg_color=\u00bb#222222&#8243; admin_label=\u00bbT\u00edtulo de publicaci\u00f3n\u00bb _builder_version=\u00bb4.16&#8243; title_font_size=\u00bb18px\u00bb title_all_caps=\u00bboff\u00bb background_color=\u00bbrgba(255,255,255,0)\u00bb parallax=\u00bbon\u00bb parallax_method=\u00bboff\u00bb parallax_effect=\u00bbon\u00bb module_bg_color=\u00bbrgba(255,255,255,0)\u00bb global_colors_info=\u00bb{}\u00bb][\/et_pb_post_title][\/et_pb_column][\/et_pb_row][\/et_pb_section][et_pb_section fb_built=\u00bb1&#8243; custom_padding_last_edited=\u00bbon|desktop\u00bb _builder_version=\u00bb4.16&#8243; custom_padding_tablet=\u00bb50px|0|50px|0&#8243; custom_padding_phone=\u00bb\u00bb custom_css_main_element=\u00bbpadding-top:0px;\u00bb transparent_background=\u00bboff\u00bb padding_mobile=\u00bboff\u00bb global_colors_info=\u00bb{}\u00bb][et_pb_row column_structure=\u00bb1_2,1_2&#8243; _builder_version=\u00bb4.27.0&#8243; background_size=\u00bbinitial\u00bb background_position=\u00bbtop_left\u00bb background_repeat=\u00bbrepeat\u00bb min_height=\u00bb779.1px\u00bb global_colors_info=\u00bb{}\u00bb][et_pb_column type=\u00bb1_2&#8243; _builder_version=\u00bb4.16&#8243; custom_padding=\u00bb|||\u00bb global_colors_info=\u00bb{}\u00bb custom_padding__hover=\u00bb|||\u00bb][et_pb_image src=\u00bbhttps:\/\/aims.cat\/wp-content\/uploads\/2025\/11\/Joel-Marosi-2.jpg\u00bb title_text=\u00bbJo\u00ebl Marosi 2&#8243; show_in_lightbox=\u00bbon\u00bb align_tablet=\u00bbcenter\u00bb align_phone=\u00bb\u00bb align_last_edited=\u00bbon|desktop\u00bb _builder_version=\u00bb4.27.0&#8243; animation_direction=\u00bboff\u00bb animation=\u00bboff\u00bb global_colors_info=\u00bb{}\u00bb][\/et_pb_image][\/et_pb_column][et_pb_column type=\u00bb1_2&#8243; _builder_version=\u00bb4.16&#8243; custom_padding=\u00bb|||\u00bb global_colors_info=\u00bb{}\u00bb custom_padding__hover=\u00bb|||\u00bb][et_pb_button button_url=\u00bbhttps:\/\/aims.cat\/es\/aims-academia\/inscripcion-pago\/\u00bb button_text=\u00bbRegistration form\u00bb button_alignment=\u00bbleft\u00bb _builder_version=\u00bb4.16&#8243; custom_button=\u00bbon\u00bb button_text_size=\u00bb13&#8243; button_text_color=\u00bb#000000&#8243; button_bg_color=\u00bb#eeeeee\u00bb button_border_color=\u00bb#eeeeee\u00bb button_icon=\u00bb&#x6c;||divi||400&#8243; button_icon_placement=\u00bbleft\u00bb button_on_hover=\u00bboff\u00bb button_text_size_last_edited=\u00bboff|desktop\u00bb button_text_color_hover=\u00bb#ffffff\u00bb button_border_color_hover=\u00bb#ea4951&#8243; button_bg_color_hover=\u00bb#ea4951&#8243; global_colors_info=\u00bb{}\u00bb button_text_size__hover_enabled=\u00bboff\u00bb button_one_text_size__hover_enabled=\u00bboff\u00bb button_two_text_size__hover_enabled=\u00bboff\u00bb button_text_color__hover_enabled=\u00bbon\u00bb button_text_color__hover=\u00bb#ffffff\u00bb button_one_text_color__hover_enabled=\u00bboff\u00bb button_two_text_color__hover_enabled=\u00bboff\u00bb button_border_width__hover_enabled=\u00bboff\u00bb button_one_border_width__hover_enabled=\u00bboff\u00bb button_two_border_width__hover_enabled=\u00bboff\u00bb button_border_color__hover_enabled=\u00bbon\u00bb button_border_color__hover=\u00bb#ea4951&#8243; button_one_border_color__hover_enabled=\u00bboff\u00bb button_two_border_color__hover_enabled=\u00bboff\u00bb button_border_radius__hover_enabled=\u00bboff\u00bb button_one_border_radius__hover_enabled=\u00bboff\u00bb button_two_border_radius__hover_enabled=\u00bboff\u00bb button_letter_spacing__hover_enabled=\u00bboff\u00bb button_one_letter_spacing__hover_enabled=\u00bboff\u00bb button_two_letter_spacing__hover_enabled=\u00bboff\u00bb button_bg_color__hover_enabled=\u00bbon\u00bb button_bg_color__hover=\u00bb#ea4951&#8243; button_one_bg_color__hover_enabled=\u00bboff\u00bb button_two_bg_color__hover_enabled=\u00bboff\u00bb][\/et_pb_button][et_pb_text admin_label=\u00bbHighlights\u00bb module_class=\u00bbhighlights\u00bb _builder_version=\u00bb4.20.4&#8243; background_size=\u00bbinitial\u00bb background_position=\u00bbtop_left\u00bb background_repeat=\u00bbrepeat\u00bb module_alignment=\u00bbleft\u00bb global_colors_info=\u00bb{}\u00bb]<\/p>\n<h3>Violonchelo<\/h3>\n<h3>Universidad de Lucerna<\/h3>\n<h3>AIMS Academia 2026<br \/>Del 5 al 15 de agosto<\/h3>\n<p>[\/et_pb_text][et_pb_text _builder_version=\u00bb4.27.0&#8243; _module_preset=\u00bbdefault\u00bb min_height=\u00bb498.9px\u00bb custom_margin=\u00bb||0px|||\u00bb custom_padding=\u00bb||16px|||\u00bb global_colors_info=\u00bb{}\u00bb]<\/p>\n<p data-start=\"144\" data-end=\"711\" style=\"text-align: justify;\">Joel Marosi, nacido en Z\u00farich, estudi\u00f3 con Nancy Chumachenco en Z\u00farich, Heinrich Schiff en Basilea, Claus Kanngiesser en Colonia y Arto Noras en la Academia Sibelius de Helsinki. En 1996 obtuvo los t\u00edtulos de Solista y M\u00fasica de C\u00e1mara con distinci\u00f3n. Particip\u00f3 en clases magistrales con Janos Starker, Yo-Yo Ma, Harvey Shapiro, David Geringas y Ralph Kirschbaum, y ha sido galardonado en numerosos concursos nacionales e internacionales, entre ellos Lausana 1991, el Concurso Mendelssohn de Berl\u00edn 1992 y Osaka 1996.<\/p>\n<p data-start=\"713\" data-end=\"1190\" style=\"text-align: justify;\">Joel Marosi act\u00faa regularmente como violonchelo solista en la Camerata Bern y la Camerata Salzburg, y ha sido solista invitado en numerosas orquestas, como la DSO Berlin o la Luzerner Sinfonieorchester. Entre 2000 y 2003 fue solista de violonchelo en la Sinfonieorchester Basel y, desde 2005, ocupa el mismo puesto en la Orchestre de Chambre de Lausanne. Desde 2019, tambi\u00e9n es solista en la Verbier Festival Chamber Orchestra.<\/p>\n<p data-start=\"1192\" data-end=\"1644\" style=\"text-align: justify;\">Como solista, Joel Marosi ha actuado con orquestas como la Orchestre de Chambre de Lausanne, la Prague Chamber Orchestra, la G\u00f6ttinger Symphonieorchester, la Hannoversche Orchestervereinigung, el Musikkollegium Winterthur y la Athens State Symphony Orchestra, bajo la direcci\u00f3n de Ton Koopman, Heinrich Schiff, Christoph M\u00fcller, Christian Zacharias, Hannu Lintu, Thomas Zehetmair, Mario Venzago y Loukas Karytinos.<\/p>\n<p>[\/et_pb_text][\/et_pb_column][\/et_pb_row][et_pb_row _builder_version=\u00bb4.16&#8243; global_colors_info=\u00bb{}\u00bb][et_pb_column type=\u00bb4_4&#8243; _builder_version=\u00bb4.16&#8243; global_colors_info=\u00bb{}\u00bb][et_pb_text admin_label=\u00bbTexto\u00bb _builder_version=\u00bb4.27.0&#8243; background_size=\u00bbinitial\u00bb background_position=\u00bbtop_left\u00bb background_repeat=\u00bbrepeat\u00bb module_alignment=\u00bbleft\u00bb global_colors_info=\u00bb{}\u00bb]<\/p>\n<p data-start=\"1646\" data-end=\"1945\" style=\"text-align: justify;\">Apasionado de la m\u00fasica de c\u00e1mara, ha colaborado en numerosos conciertos con artistas como G\u00e1bor Tak\u00e1cs, Ursula Holliger, J\u00fcrg D\u00e4hler, Irene Abrigo, Dimitri Ashkenazy, Ilya Gringolts, Davide Bandieri, Li-Wei Qin, Isabelle van Keulen, Renaud Capu\u00e7on, James Ehnes y Pablo S\u00e1inz-Villegas.<\/p>\n<p data-start=\"1947\" data-end=\"2295\" style=\"text-align: justify;\">Joel Marosi es miembro fundador del Zurich Piano Trio, que ofreci\u00f3 su concierto de debut en el Carnegie Hall por invitaci\u00f3n de Isaac Stern en 1997, iniciando desde entonces una destacada carrera internacional. Entre 2018 y 2023, form\u00f3 parte del Swiss Piano Trio, agrupaci\u00f3n con m\u00e1s de veinte a\u00f1os de trayectoria internacional.<\/p>\n<p data-start=\"2297\" data-end=\"2701\" style=\"text-align: justify;\">Ha realizado numerosas grabaciones para sellos como Claves, Audite, Harmonia Mundi, Warner Music Korea y Prospero Classical. Su \u00e1lbum m\u00e1s reciente, dedicado a las obras completas para violonchelo y piano de Fanny y Felix Mendelssohn, grabado junto a la pianista Esther Walker, fue producido en 2021 por First Hand Records (Londres) y recibi\u00f3 excelentes cr\u00edticas internacionales.<\/p>\n<p data-start=\"2703\" data-end=\"3150\" style=\"text-align: justify;\">Joel Marosi imparte clases magistrales de forma regular en Europa y Asia, y entre 2019 y 2021 ocup\u00f3 una c\u00e1tedra interina de m\u00fasica de c\u00e1mara en la Acad\u00e9mie de Musique de Gen\u00e8ve-Neuch\u00e2tel. En 2023 inici\u00f3 una colaboraci\u00f3n con la Underground Youth Orchestra de Atenas, que incluye clases magistrales y proyectos de formaci\u00f3n. Ese mismo a\u00f1o fue nombrado profesor de violonchelo en la Universidad de M\u00fasica de Lucerna.<\/p>\n<p>[\/et_pb_text][\/et_pb_column][\/et_pb_row][\/et_pb_section]<\/p>\n","protected":false},"excerpt":{"rendered":"<p>Violonchelo Universidad de Lucerna AIMS Academia 2026Del 5 al 15 de agostoJoel Marosi, nacido en Z\u00farich, estudi\u00f3 con Nancy Chumachenco en Z\u00farich, Heinrich Schiff en Basilea, Claus Kanngiesser en Colonia [&hellip;]<\/p>\n","protected":false},"author":2,"featured_media":0,"parent":1464,"menu_order":0,"comment_status":"closed","ping_status":"closed","template":"","meta":{"_acf_changed":false,"_et_pb_use_builder":"on","_et_pb_old_content":"","_et_gb_content_width":"","footnotes":"","_links_to":"","_links_to_target":""},"class_list":["post-15881","page","type-page","status-publish","hentry"],"acf":[],"_links":{"self":[{"href":"https:\/\/aims.cat\/es\/wp-json\/wp\/v2\/pages\/15881","targetHints":{"allow":["GET"]}}],"collection":[{"href":"https:\/\/aims.cat\/es\/wp-json\/wp\/v2\/pages"}],"about":[{"href":"https:\/\/aims.cat\/es\/wp-json\/wp\/v2\/types\/page"}],"author":[{"embeddable":true,"href":"https:\/\/aims.cat\/es\/wp-json\/wp\/v2\/users\/2"}],"replies":[{"embeddable":true,"href":"https:\/\/aims.cat\/es\/wp-json\/wp\/v2\/comments?post=15881"}],"version-history":[{"count":8,"href":"https:\/\/aims.cat\/es\/wp-json\/wp\/v2\/pages\/15881\/revisions"}],"predecessor-version":[{"id":17759,"href":"https:\/\/aims.cat\/es\/wp-json\/wp\/v2\/pages\/15881\/revisions\/17759"}],"up":[{"embeddable":true,"href":"https:\/\/aims.cat\/es\/wp-json\/wp\/v2\/pages\/1464"}],"wp:attachment":[{"href":"https:\/\/aims.cat\/es\/wp-json\/wp\/v2\/media?parent=15881"}],"curies":[{"name":"wp","href":"https:\/\/api.w.org\/{rel}","templated":true}]}}