{"id":1685,"date":"2016-02-22T06:30:24","date_gmt":"2016-02-22T06:30:24","guid":{"rendered":"https:\/\/aims.cat\/es\/privacy-policy\/"},"modified":"2021-01-31T17:01:01","modified_gmt":"2021-01-31T17:01:01","slug":"politica-de-privacidad","status":"publish","type":"page","link":"https:\/\/aims.cat\/es\/politica-de-privacidad\/","title":{"rendered":"Pol\u00edtica de privacidad"},"content":{"rendered":"<p>[et_pb_section fb_built=\u00bb1&#8243; admin_label=\u00bbsection\u00bb _builder_version=\u00bb3.22&#8243;][et_pb_row column_structure=\u00bb1_4,3_4&#8243; admin_label=\u00bbrow\u00bb _builder_version=\u00bb3.25&#8243; background_size=\u00bbinitial\u00bb background_position=\u00bbtop_left\u00bb background_repeat=\u00bbrepeat\u00bb][et_pb_column type=\u00bb1_4&#8243; _builder_version=\u00bb3.25&#8243; custom_padding=\u00bb|||\u00bb custom_padding__hover=\u00bb|||\u00bb][et_pb_post_title meta=\u00bboff\u00bb featured_image=\u00bboff\u00bb text_color=\u00bblight\u00bb text_background=\u00bbon\u00bb text_bg_color=\u00bb#ea4951&#8243; admin_label=\u00bbT\u00edtulo de publicaci\u00f3n\u00bb _builder_version=\u00bb4.4.9&#8243; title_all_caps=\u00bboff\u00bb background_color=\u00bbrgba(255,255,255,0)\u00bb parallax=\u00bbon\u00bb parallax_method=\u00bboff\u00bb hover_enabled=\u00bb0&#8243; use_border_color=\u00bboff\u00bb border_color=\u00bb#ffffff\u00bb border_style=\u00bbsolid\u00bb parallax_effect=\u00bbon\u00bb module_bg_color=\u00bbrgba(255,255,255,0)\u00bb] [\/et_pb_post_title][\/et_pb_column][et_pb_column type=\u00bb3_4&#8243; _builder_version=\u00bb3.25&#8243; custom_padding=\u00bb|||\u00bb custom_padding__hover=\u00bb|||\u00bb][et_pb_text admin_label=\u00bbTexto\u00bb _builder_version=\u00bb4.4.9&#8243; background_size=\u00bbinitial\u00bb background_position=\u00bbtop_left\u00bb background_repeat=\u00bbrepeat\u00bb hover_enabled=\u00bb0&#8243; use_border_color=\u00bboff\u00bb border_color=\u00bb#ffffff\u00bb border_style=\u00bbsolid\u00bb]<\/p>\n<p><strong>1. Introducci\u00f3n<\/strong><\/p>\n<p>En general, el sitio web www.aims.cat se puede visitar sin necesidad de proporcionar ning\u00fan tipo de informaci\u00f3n personal. Ocasionalmente recopilamos informaci\u00f3n personalizada a partir de los datos que proporcionan los Usuarios de la Web o clientes de nuestros servicios.<\/p>\n<p>En estos casos, la FUNDACI\u00d3N DE LA ACADEMIA INTERNACIONAL DE M\u00daSICA DE SOLSONA-AIMS FUNDACI\u00d3N garantiza el cumplimiento del Reglamento de Protecci\u00f3n de Datos de las personas f\u00edsicas 2016\/679\/UE de 27 de abril, la Ley Org\u00e1nica 3\/2018 de 5 de diciembre (LOPDGDD) y otra normativa legal vigente en materia de protecci\u00f3n de datos personales.<\/p>\n<p>La FUNDACI\u00d3N DE LA ACADEMIA INTERNACIONAL DE M\u00daSICA DE SOLSONA-AIMS FUNDACI\u00d3N se compromete a proteger la informaci\u00f3n almacenada en sus sistemas considerada como datos de car\u00e1cter personal.<\/p>\n<p>A efectos informativos, se considera \u201cDato Personal\u201d cualquier dato o informaci\u00f3n num\u00e9rica, alfab\u00e9tica, gr\u00e1fica, fotogr\u00e1fica, ac\u00fastica o de cualquier tipo concerniente a personas f\u00edsicas identificadas o identificables.<\/p>\n<p>La FUNDACI\u00d3N DE LA ACADEMIA INTERNACIONAL DE M\u00daSICA DE SOLSONA-AIMS FUNDACI\u00d3N ha adoptado las medidas de seguridad de \u00edndole t\u00e9cnica y organizativa que vienen exigidas en la legislaci\u00f3n vigente en materia de protecci\u00f3n de datos de car\u00e1cter personal. Con ese objetivo se han establecido todos los medios y mecanismos necesarios para evitar la alteraci\u00f3n, p\u00e9rdida, mal uso, tratamiento y acceso no autorizado o robo de los mismos. No obstante, el Usuario deber\u00e1 tener en cuenta que las medidas en Internet, debido a su naturaleza y car\u00e1cter global, no son inexpugnables.<\/p>\n<p><strong>2. Recogida, Finalidad y Tratamiento<\/strong><\/p>\n<p>2.1.- En cumplimiento de la normativa vigente en materia de Protecci\u00f3n de Datos le informamos que nuestra p\u00e1gina web incluye enlaces a cuentas de correo electr\u00f3nico y formularios que usted puede utilizar para contactar con nuestra empresa.<\/p>\n<p>2.2.- Su utilizaci\u00f3n supone que nos otorga su consentimiento expreso para que la FUNDACI\u00d3N DE LA ACADEMIA INTERNACIONAL DE M\u00daSICA DE SOLSONA-AIMS FUNDACI\u00d3N trate sus datos personales con las finalidades siguientes: proporcionar informaci\u00f3n a nuestros servicios de contrataci\u00f3n para facilitar el proceso de selecci\u00f3n, ofrecerle e informarle sobre nuestros servicios; responder a sus consultas enviadas a trav\u00e9s del Sitio Web; enviarle informaci\u00f3n de utilidad o inter\u00e9s relativa a art\u00edculos, eventos y publicaciones, publicitarios y de informaci\u00f3n comercial acerca de la Fundaci\u00f3n, sus actividades, concursos, productos, servicios, as\u00ed como documentaci\u00f3n de diversa naturaleza; tratar sus Datos para la prestaci\u00f3n de servicios de informaci\u00f3n sobre los servicios contratados; para la gesti\u00f3n de los servicios ofrecidos a trav\u00e9s del Sitio Web; para la gesti\u00f3n, desarrollo y cumplimiento de la relaci\u00f3n establecida entre la FUNDACI\u00d3N DE LA ACADEMIA INTERNACIONAL DE M\u00daSICA DE SOLSONA-AIMS FUNDACI\u00d3N y quienes aporten sus datos personales a trav\u00e9s del Sitio Web; tratar sus Datos para la contrataci\u00f3n de servicios de mantenimiento y, por \u00faltimo, para tratar sus Datos para controles de calidad del \u00c1rea de Clientes.<\/p>\n<p>Ocasionalmente solicitaremos tu consentimiento para procesar, utilizar o mostrar su informaci\u00f3n para cualquier motivo que no aparezca en la lista anterior.<\/p>\n<p>2.3.- La FUNDACI\u00d3N DE LA ACADEMIA INTERNACIONAL DE M\u00daSICA DE SOLSONA-AIMS FUNDACI\u00d3N no utilizar\u00e1 sus datos personales con finalidades incompatibles a las que figuran en esta cl\u00e1usula o quedan descritas al pie de cada formulario presente en nuestra p\u00e1gina web.<\/p>\n<p>2.4.- La FUNDACI\u00d3N DE LA ACADEMIA INTERNACIONAL DE M\u00daSICA DE SOLSONA-AIMS FUNDACI\u00d3N informa a los Usuarios de la Web que sus datos de car\u00e1cter personal s\u00f3lo podr\u00e1n obtenerse para su tratamiento cuando sean adecuados, pertinentes y no excesivos en relaci\u00f3n con el \u00e1mbito y las finalidades determinadas, expl\u00edcitas y leg\u00edtimas para las que se hayan obtenido. Ser\u00e1n cancelados cuando hayan dejado de ser necesarios o pertinentes para dicha finalidad, o cuando lo solicite el titular en el ejercicio de su derecho de cancelaci\u00f3n.<\/p>\n<p>2.5.- La FUNDACI\u00d3N DE LA ACADEMIA INTERNACIONAL DE M\u00daSICA DE SOLSONA-AIMS FUNDACI\u00d3N informa a los Usuarios que para completar el formulario es necesario aportar ciertos datos personales con car\u00e1cter obligatorio quedando a su elecci\u00f3n la opci\u00f3n de rellenar aquellos datos que no tengan dicha consideraci\u00f3n. El tratamiento de los datos, ya sea automatizado o manual, resulta imprescindible para el cumplimiento de las finalidades detalladas.<\/p>\n<p>2.6.- El Usuario garantiza que los datos aportados son verdaderos, exactos y completos, siendo responsable de cualquier da\u00f1o o perjuicio, directo o indirecto, que pudiera ocasionarse como consecuencia del incumplimiento de tal obligaci\u00f3n. En este sentido, ser\u00e1 obligaci\u00f3n de los Usuarios mantener actualizados los datos de forma tal que correspondan a la realidad en cada momento.<\/p>\n<p>En el caso de que los datos aportados pertenecieran a un tercero, el Usuario garantiza que ha informado a dicho tercero de los aspectos contenidos en esta Pol\u00edtica y obtenido su autorizaci\u00f3n para facilitarlos a la FUNDACI\u00d3N DE LA ACADEMIA INTERNACIONAL DE M\u00daSICA DE SOLSONA-AIMS FUNDACI\u00d3N para los fines se\u00f1alados.<\/p>\n<p>El Usuario ser\u00e1 el \u00fanico responsable a causa de la cumplimentaci\u00f3n de los formularios con datos falsos, inexactos, incompletos o no actualizados.<\/p>\n<p><strong>3. Derechos de los Usuarios<\/strong><\/p>\n<p>Los Usuarios de la Web est\u00e1n legitimados para ejercer los derechos de acceso, rectificaci\u00f3n, cancelaci\u00f3n y oposici\u00f3n previstos en la normativa legal y reglamentaria sobre protecci\u00f3n de datos personales.<\/p>\n<p>El ejercicio de estos derechos podr\u00e1 hacerse mediante env\u00edo de una solicitud escrita y firmada a la direcci\u00f3n postal que aparece en el aviso legal o al email info@aims.cat junto con la siguiente informaci\u00f3n: nombre y apellidos del Usuario, domicilio a efectos de notificaciones, fotocopia del Documento Nacional de Identidad y petici\u00f3n en la que se concrete la solicitud.<\/p>\n<p>[\/et_pb_text][\/et_pb_column][\/et_pb_row][\/et_pb_section]<\/p>\n","protected":false},"excerpt":{"rendered":"<p>1. Introducci\u00f3n En general, el sitio web www.aims.cat se puede visitar sin necesidad de proporcionar ning\u00fan tipo de informaci\u00f3n personal. Ocasionalmente recopilamos informaci\u00f3n personalizada a partir de los datos que [&hellip;]<\/p>\n","protected":false},"author":2,"featured_media":0,"parent":0,"menu_order":0,"comment_status":"closed","ping_status":"closed","template":"","meta":{"_acf_changed":false,"_et_pb_use_builder":"on","_et_pb_old_content":"","_et_gb_content_width":"","footnotes":"","_links_to":"","_links_to_target":""},"class_list":["post-1685","page","type-page","status-publish","hentry"],"acf":[],"_links":{"self":[{"href":"https:\/\/aims.cat\/es\/wp-json\/wp\/v2\/pages\/1685","targetHints":{"allow":["GET"]}}],"collection":[{"href":"https:\/\/aims.cat\/es\/wp-json\/wp\/v2\/pages"}],"about":[{"href":"https:\/\/aims.cat\/es\/wp-json\/wp\/v2\/types\/page"}],"author":[{"embeddable":true,"href":"https:\/\/aims.cat\/es\/wp-json\/wp\/v2\/users\/2"}],"replies":[{"embeddable":true,"href":"https:\/\/aims.cat\/es\/wp-json\/wp\/v2\/comments?post=1685"}],"version-history":[{"count":0,"href":"https:\/\/aims.cat\/es\/wp-json\/wp\/v2\/pages\/1685\/revisions"}],"wp:attachment":[{"href":"https:\/\/aims.cat\/es\/wp-json\/wp\/v2\/media?parent=1685"}],"curies":[{"name":"wp","href":"https:\/\/api.w.org\/{rel}","templated":true}]}}