{"id":18192,"date":"2026-01-20T12:17:00","date_gmt":"2026-01-20T12:17:00","guid":{"rendered":"https:\/\/aims.cat\/?page_id=18192"},"modified":"2026-01-23T09:48:35","modified_gmt":"2026-01-23T09:48:35","slug":"genevieve-strosser","status":"publish","type":"page","link":"https:\/\/aims.cat\/es\/genevieve-strosser\/","title":{"rendered":"Genevi\u00e8ve Strosser"},"content":{"rendered":"<p>[et_pb_section fb_built=\u00bb1&#8243; custom_padding_last_edited=\u00bbon|desktop\u00bb _builder_version=\u00bb4.16&#8243; custom_padding_tablet=\u00bb50px|0|50px|0&#8243; custom_padding_phone=\u00bb\u00bb custom_css_main_element=\u00bbpadding-bottom:0px;\u00bb transparent_background=\u00bboff\u00bb padding_mobile=\u00bboff\u00bb global_colors_info=\u00bb{}\u00bb][et_pb_row _builder_version=\u00bb4.16&#8243; background_size=\u00bbinitial\u00bb background_position=\u00bbtop_left\u00bb background_repeat=\u00bbrepeat\u00bb global_colors_info=\u00bb{}\u00bb][et_pb_column type=\u00bb4_4&#8243; _builder_version=\u00bb4.16&#8243; custom_padding=\u00bb|||\u00bb global_colors_info=\u00bb{}\u00bb custom_padding__hover=\u00bb|||\u00bb][et_pb_post_title meta=\u00bboff\u00bb featured_image=\u00bboff\u00bb text_color=\u00bblight\u00bb text_background=\u00bbon\u00bb text_bg_color=\u00bb#222222&#8243; admin_label=\u00bbT\u00edtulo de publicaci\u00f3n\u00bb _builder_version=\u00bb4.27.0&#8243; title_font_size=\u00bb18px\u00bb title_all_caps=\u00bboff\u00bb background_color=\u00bbrgba(255,255,255,0)\u00bb parallax=\u00bbon\u00bb parallax_method=\u00bboff\u00bb parallax_effect=\u00bbon\u00bb module_bg_color=\u00bbrgba(255,255,255,0)\u00bb global_colors_info=\u00bb{}\u00bb][\/et_pb_post_title][\/et_pb_column][\/et_pb_row][\/et_pb_section][et_pb_section fb_built=\u00bb1&#8243; custom_padding_last_edited=\u00bbon|desktop\u00bb _builder_version=\u00bb4.16&#8243; custom_padding_tablet=\u00bb50px|0|50px|0&#8243; custom_padding_phone=\u00bb\u00bb custom_css_main_element=\u00bbpadding-top:0px;\u00bb transparent_background=\u00bboff\u00bb padding_mobile=\u00bboff\u00bb global_colors_info=\u00bb{}\u00bb][et_pb_row column_structure=\u00bb2_3,1_3&#8243; _builder_version=\u00bb4.16&#8243; background_size=\u00bbinitial\u00bb background_position=\u00bbtop_left\u00bb background_repeat=\u00bbrepeat\u00bb global_colors_info=\u00bb{}\u00bb][et_pb_column type=\u00bb2_3&#8243; _builder_version=\u00bb4.16&#8243; custom_padding=\u00bb|||\u00bb global_colors_info=\u00bb{}\u00bb custom_padding__hover=\u00bb|||\u00bb][et_pb_image src=\u00bbhttps:\/\/aims.cat\/wp-content\/uploads\/2026\/01\/genevieve-strossier2.jpg\u00bb title_text=\u00bbgenevieve strossier2&#8243; show_in_lightbox=\u00bbon\u00bb align_tablet=\u00bbcenter\u00bb align_phone=\u00bb\u00bb align_last_edited=\u00bbon|desktop\u00bb _builder_version=\u00bb4.27.0&#8243; animation_direction=\u00bboff\u00bb animation=\u00bboff\u00bb global_colors_info=\u00bb{}\u00bb][\/et_pb_image][et_pb_text _builder_version=\u00bb4.27.0&#8243; _module_preset=\u00bbdefault\u00bb hover_enabled=\u00bb0&#8243; sticky_enabled=\u00bb0&#8243; custom_padding=\u00bb0px|||||\u00bb custom_margin=\u00bb-30px|||||\u00bb]<\/p>\n<p><span>\u00a9 Florian Kleinefenn<\/span>.<\/p>\n<p>[\/et_pb_text][\/et_pb_column][et_pb_column type=\u00bb1_3&#8243; _builder_version=\u00bb4.16&#8243; custom_padding=\u00bb|||\u00bb global_colors_info=\u00bb{}\u00bb custom_padding__hover=\u00bb|||\u00bb][et_pb_button button_url=\u00bbhttps:\/\/aims.cat\/es\/aims-academia\/inscripcion-pago\/\u00bb button_text=\u00bbRegistration form\u00bb button_alignment=\u00bbleft\u00bb _builder_version=\u00bb4.16&#8243; custom_button=\u00bbon\u00bb button_text_size=\u00bb13&#8243; button_text_color=\u00bb#000000&#8243; button_bg_color=\u00bb#eeeeee\u00bb button_border_color=\u00bb#eeeeee\u00bb button_icon=\u00bb&#x6c;||divi||400&#8243; button_icon_placement=\u00bbleft\u00bb button_on_hover=\u00bboff\u00bb button_text_size_last_edited=\u00bboff|desktop\u00bb button_text_color_hover=\u00bb#ffffff\u00bb button_border_color_hover=\u00bb#ea4951&#8243; button_bg_color_hover=\u00bb#ea4951&#8243; global_colors_info=\u00bb{}\u00bb button_text_size__hover_enabled=\u00bboff\u00bb button_one_text_size__hover_enabled=\u00bboff\u00bb button_two_text_size__hover_enabled=\u00bboff\u00bb button_text_color__hover_enabled=\u00bbon\u00bb button_text_color__hover=\u00bb#ffffff\u00bb button_one_text_color__hover_enabled=\u00bboff\u00bb button_two_text_color__hover_enabled=\u00bboff\u00bb button_border_width__hover_enabled=\u00bboff\u00bb button_one_border_width__hover_enabled=\u00bboff\u00bb button_two_border_width__hover_enabled=\u00bboff\u00bb button_border_color__hover_enabled=\u00bbon\u00bb button_border_color__hover=\u00bb#ea4951&#8243; button_one_border_color__hover_enabled=\u00bboff\u00bb button_two_border_color__hover_enabled=\u00bboff\u00bb button_border_radius__hover_enabled=\u00bboff\u00bb button_one_border_radius__hover_enabled=\u00bboff\u00bb button_two_border_radius__hover_enabled=\u00bboff\u00bb button_letter_spacing__hover_enabled=\u00bboff\u00bb button_one_letter_spacing__hover_enabled=\u00bboff\u00bb button_two_letter_spacing__hover_enabled=\u00bboff\u00bb button_bg_color__hover_enabled=\u00bbon\u00bb button_bg_color__hover=\u00bb#ea4951&#8243; button_one_bg_color__hover_enabled=\u00bboff\u00bb button_two_bg_color__hover_enabled=\u00bboff\u00bb][\/et_pb_button][et_pb_text admin_label=\u00bbHighlights\u00bb module_class=\u00bbhighlights\u00bb _builder_version=\u00bb4.27.0&#8243; background_size=\u00bbinitial\u00bb background_position=\u00bbtop_left\u00bb background_repeat=\u00bbrepeat\u00bb module_alignment=\u00bbleft\u00bb global_colors_info=\u00bb{}\u00bb]<\/p>\n<h3>Viola<\/h3>\n<h3>Profesora\u00a0en la Musikhochschule de Basilea<\/h3>\n<h3>AIMS Academia 2026<br \/>del 5 al 15 de agosto<\/h3>\n<p>[\/et_pb_text][\/et_pb_column][\/et_pb_row][et_pb_row _builder_version=\u00bb4.16&#8243; global_colors_info=\u00bb{}\u00bb][et_pb_column type=\u00bb4_4&#8243; _builder_version=\u00bb4.16&#8243; global_colors_info=\u00bb{}\u00bb][et_pb_text admin_label=\u00bbTexto\u00bb _builder_version=\u00bb4.27.0&#8243; background_size=\u00bbinitial\u00bb background_position=\u00bbtop_left\u00bb background_repeat=\u00bbrepeat\u00bb module_alignment=\u00bbleft\u00bb global_colors_info=\u00bb{}\u00bb]<\/p>\n<p data-start=\"48\" data-end=\"138\">Genevi\u00e8ve Strosser es una de las violistas m\u00e1s interesantes y destacadas de la actualidad.<\/p>\n<p data-start=\"140\" data-end=\"555\">Como solista, act\u00faa con orquestas como la Sinf\u00f3nica de la Radio de Baviera, el Gewandhaus de Leipzig, Ensemble Resonanz, NDR Elbphilharmonie, la Sinf\u00f3nica de Tokio, La Verdi de Mil\u00e1n, SWR, WDR, la Residentie Orkest de La Haya, la Orquesta del Festival de Budapest y la Orquesta Filarm\u00f3nica de Estrasburgo, bajo la direcci\u00f3n de Peter E\u00f6tv\u00f6s, Brad Lubman, Heinz Holliger, Bas Wiegers, Emilio Pomarico y Stefan Asbury.<\/p>\n<p data-start=\"557\" data-end=\"648\">Es invitada regularmente a ofrecer recitales en Francia, Italia, Alemania, Polonia y Suiza.<\/p>\n<p data-start=\"650\" data-end=\"1075\">Genevi\u00e8ve Strosser es una ferviente defensora de la m\u00fasica de nuestro tiempo. Con un gran eclecticismo en sus elecciones est\u00e9ticas, es una de las violistas m\u00e1s reconocidas y solicitadas en la interpretaci\u00f3n del repertorio de los siglos XX y XXI. Ha estrenado numerosas obras, colaborando con compositores como Helmut Lachenmann, Franco Donatoni, Heinz Holliger, Isabel Mundry, Alberto Posadas, Peter E\u00f6tv\u00f6s y George Benjamin.<\/p>\n<p data-start=\"1077\" data-end=\"1437\">Stefano Gervasoni, Hugues Dufourt y Laurent Cuniot le han dedicado cada uno un concierto para viola. Genevi\u00e8ve colabora con los principales conjuntos europeos de m\u00fasica contempor\u00e1nea, participando en proyectos dirigidos por Pierre Boulez, Oliver Knussen, Sylvain Cambreling, Jonathan Nott y George Benjamin. Fue miembro de Ensemble Modern y Ensemble Recherche.<\/p>\n<p data-start=\"1439\" data-end=\"1831\">Su forma de tocar ha inspirado especialmente a Georges Aperghis, quien ha escrito para ella varias obras solistas y de c\u00e1mara. Ha participado en tres de sus piezas de teatro musical: <em data-start=\"1622\" data-end=\"1636\">Commentaires<\/em>, <em data-start=\"1638\" data-end=\"1652\">Machinations<\/em> y <em data-start=\"1655\" data-end=\"1669\">Un Temps Bis<\/em>. Esta intensa colaboraci\u00f3n con Georges Aperghis la ha llevado a desarrollar una faceta m\u00e1s teatral, incorporando la voz y el movimiento a su repertorio esc\u00e9nico.<\/p>\n<p data-start=\"1833\" data-end=\"2281\">Durante m\u00e1s de una d\u00e9cada, Genevi\u00e8ve Strosser form\u00f3 parte de la Chamber Orchestra of Europe, trabajando con directores como Nikolaus Harnoncourt, Claudio Abbado, Carlo Maria Giulini y Sir Georg Solti, entre otros. Actualmente es invitada regularmente como viola solista principal en orquestas como la Philharmonia Orchestra, BBC Wales, la Orchestre National de France, la Sinfonieorchester Basel y la Orquesta del Th\u00e9\u00e2tre de la Monnaie de Bruselas.<\/p>\n<p data-start=\"2283\" data-end=\"2422\">Genevi\u00e8ve Strosser fue miembro del Cuarteto de Cuerdas Vellinger en Londres (junto a Gordan Nikolitch, Philippe Honor\u00e9 y Sally Pendlebury).<\/p>\n<p data-start=\"2424\" data-end=\"2569\">Su \u00e1lbum monogr\u00e1fico ha sido publicado por el sello Aeon, y otras grabaciones suyas han aparecido en los sellos ECM, Kairos y Hungaroton Classic.<\/p>\n<p data-start=\"2571\" data-end=\"2863\">Paralelamente a su actividad concert\u00edstica, Genevi\u00e8ve es tambi\u00e9n una profesora muy solicitada. Pedagoga comprometida, ha impartido clases en el Trinity Laban Conservatoire of Music and Dance y fue asistente de Jean Sulem en el Conservatoire National Sup\u00e9rieur de Musique et de Danse de Par\u00eds.<\/p>\n<p data-start=\"2865\" data-end=\"3083\">Actualmente es profesora de viola en la Musikhochschule de Basilea, en Suiza, y es invitada con regularidad a impartir clases magistrales y talleres en destacados festivales, cursos de cuerda y conservatorios europeos.<\/p>\n<p data-start=\"3085\" data-end=\"3373\">Genevi\u00e8ve Strosser naci\u00f3 en Estrasburgo. Estudi\u00f3 viola con Claude Ducrocq y posteriormente con Serge Collot y Jean Sulem en el Conservatoire National Sup\u00e9rieur de Musique et de Danse de Par\u00eds, ampliando su formaci\u00f3n en clases con Nobuko Imai, Yuri Bashmet, Bruno Giuranna y Gy\u00f6rgy Kurt\u00e1g.<\/p>\n<p data-start=\"3375\" data-end=\"3429\" data-is-last-node=\"\" data-is-only-node=\"\">Toca una viola construida por Matthias Albani en 1660.<\/p>\n<p>[\/et_pb_text][\/et_pb_column][\/et_pb_row][\/et_pb_section]<\/p>\n","protected":false},"excerpt":{"rendered":"<p>\u00a9 Florian Kleinefenn.Viola Profesora\u00a0en la Musikhochschule de Basilea AIMS Academia 2026del 5 al 15 de agostoGenevi\u00e8ve Strosser es una de las violistas m\u00e1s interesantes y destacadas de la actualidad. Como [&hellip;]<\/p>\n","protected":false},"author":3,"featured_media":0,"parent":0,"menu_order":0,"comment_status":"closed","ping_status":"closed","template":"","meta":{"_acf_changed":false,"_et_pb_use_builder":"on","_et_pb_old_content":"","_et_gb_content_width":"","footnotes":"","_links_to":"","_links_to_target":""},"class_list":["post-18192","page","type-page","status-publish","hentry"],"acf":[],"_links":{"self":[{"href":"https:\/\/aims.cat\/es\/wp-json\/wp\/v2\/pages\/18192","targetHints":{"allow":["GET"]}}],"collection":[{"href":"https:\/\/aims.cat\/es\/wp-json\/wp\/v2\/pages"}],"about":[{"href":"https:\/\/aims.cat\/es\/wp-json\/wp\/v2\/types\/page"}],"author":[{"embeddable":true,"href":"https:\/\/aims.cat\/es\/wp-json\/wp\/v2\/users\/3"}],"replies":[{"embeddable":true,"href":"https:\/\/aims.cat\/es\/wp-json\/wp\/v2\/comments?post=18192"}],"version-history":[{"count":4,"href":"https:\/\/aims.cat\/es\/wp-json\/wp\/v2\/pages\/18192\/revisions"}],"predecessor-version":[{"id":18215,"href":"https:\/\/aims.cat\/es\/wp-json\/wp\/v2\/pages\/18192\/revisions\/18215"}],"wp:attachment":[{"href":"https:\/\/aims.cat\/es\/wp-json\/wp\/v2\/media?parent=18192"}],"curies":[{"name":"wp","href":"https:\/\/api.w.org\/{rel}","templated":true}]}}