{"id":18235,"date":"2026-03-10T19:09:35","date_gmt":"2026-03-10T19:09:35","guid":{"rendered":"https:\/\/aims.cat\/?page_id=18235"},"modified":"2026-03-10T19:30:30","modified_gmt":"2026-03-10T19:30:30","slug":"maryellen-woodside","status":"publish","type":"page","link":"https:\/\/aims.cat\/es\/maryellen-woodside\/","title":{"rendered":"Mary Ellen Woodside"},"content":{"rendered":"<p>[et_pb_section fb_built=\u00bb1&#8243; custom_padding_last_edited=\u00bbon|desktop\u00bb _builder_version=\u00bb4.16&#8243; custom_padding_tablet=\u00bb50px|0|50px|0&#8243; custom_padding_phone=\u00bb\u00bb custom_css_main_element=\u00bbpadding-bottom:0px;\u00bb transparent_background=\u00bboff\u00bb padding_mobile=\u00bboff\u00bb global_colors_info=\u00bb{}\u00bb][et_pb_row _builder_version=\u00bb4.16&#8243; background_size=\u00bbinitial\u00bb background_position=\u00bbtop_left\u00bb background_repeat=\u00bbrepeat\u00bb global_colors_info=\u00bb{}\u00bb][et_pb_column type=\u00bb4_4&#8243; _builder_version=\u00bb4.16&#8243; custom_padding=\u00bb|||\u00bb global_colors_info=\u00bb{}\u00bb custom_padding__hover=\u00bb|||\u00bb][et_pb_post_title meta=\u00bboff\u00bb featured_image=\u00bboff\u00bb text_color=\u00bblight\u00bb text_background=\u00bbon\u00bb text_bg_color=\u00bb#222222&#8243; admin_label=\u00bbT\u00edtulo de publicaci\u00f3n\u00bb _builder_version=\u00bb4.16&#8243; title_font_size=\u00bb18px\u00bb title_all_caps=\u00bboff\u00bb background_color=\u00bbrgba(255,255,255,0)\u00bb parallax=\u00bbon\u00bb parallax_method=\u00bboff\u00bb parallax_effect=\u00bbon\u00bb module_bg_color=\u00bbrgba(255,255,255,0)\u00bb global_colors_info=\u00bb{}\u00bb][\/et_pb_post_title][\/et_pb_column][\/et_pb_row][\/et_pb_section][et_pb_section fb_built=\u00bb1&#8243; custom_padding_last_edited=\u00bbon|desktop\u00bb _builder_version=\u00bb4.16&#8243; custom_padding_tablet=\u00bb50px|0|50px|0&#8243; custom_padding_phone=\u00bb\u00bb custom_css_main_element=\u00bbpadding-top:0px;\u00bb transparent_background=\u00bboff\u00bb padding_mobile=\u00bboff\u00bb global_colors_info=\u00bb{}\u00bb][et_pb_row column_structure=\u00bb2_3,1_3&#8243; _builder_version=\u00bb4.16&#8243; background_size=\u00bbinitial\u00bb background_position=\u00bbtop_left\u00bb background_repeat=\u00bbrepeat\u00bb global_colors_info=\u00bb{}\u00bb][et_pb_column type=\u00bb2_3&#8243; _builder_version=\u00bb4.16&#8243; custom_padding=\u00bb|||\u00bb global_colors_info=\u00bb{}\u00bb custom_padding__hover=\u00bb|||\u00bb][et_pb_image src=\u00bbhttps:\/\/aims.cat\/wp-content\/uploads\/2026\/03\/Disseny-sense-titol-1.png\u00bb title_text=\u00bbDisseny sense t\u00edtol\u00bb show_in_lightbox=\u00bbon\u00bb align_tablet=\u00bbcenter\u00bb align_phone=\u00bb\u00bb align_last_edited=\u00bbon|desktop\u00bb admin_label=\u00bbImage\u00bb _builder_version=\u00bb4.27.6&#8243; animation_direction=\u00bboff\u00bb animation=\u00bboff\u00bb global_colors_info=\u00bb{}\u00bb][\/et_pb_image][\/et_pb_column][et_pb_column type=\u00bb1_3&#8243; _builder_version=\u00bb4.16&#8243; custom_padding=\u00bb|||\u00bb global_colors_info=\u00bb{}\u00bb custom_padding__hover=\u00bb|||\u00bb][et_pb_button button_url=\u00bbhttps:\/\/aims.cat\/aims-string-academy\/registration-payment\/\u00bb button_text=\u00bbRegistration form\u00bb button_alignment=\u00bbleft\u00bb _builder_version=\u00bb4.27.6&#8243; custom_button=\u00bbon\u00bb button_text_size=\u00bb13&#8243; button_text_color=\u00bb#000000&#8243; button_bg_color=\u00bb#eeeeee\u00bb button_border_color=\u00bb#eeeeee\u00bb button_icon=\u00bb&#x6c;||divi||400&#8243; button_icon_placement=\u00bbleft\u00bb button_on_hover=\u00bboff\u00bb button_text_size_last_edited=\u00bboff|desktop\u00bb button_text_color_hover=\u00bb#ffffff\u00bb button_border_color_hover=\u00bb#ea4951&#8243; button_bg_color_hover=\u00bb#ea4951&#8243; global_colors_info=\u00bb{}\u00bb button_text_size__hover_enabled=\u00bboff\u00bb button_one_text_size__hover_enabled=\u00bboff\u00bb button_two_text_size__hover_enabled=\u00bboff\u00bb button_text_color__hover_enabled=\u00bbon\u00bb button_text_color__hover=\u00bb#ffffff\u00bb button_one_text_color__hover_enabled=\u00bboff\u00bb button_two_text_color__hover_enabled=\u00bboff\u00bb button_border_width__hover_enabled=\u00bboff\u00bb button_one_border_width__hover_enabled=\u00bboff\u00bb button_two_border_width__hover_enabled=\u00bboff\u00bb button_border_color__hover_enabled=\u00bbon\u00bb button_border_color__hover=\u00bb#ea4951&#8243; button_one_border_color__hover_enabled=\u00bboff\u00bb button_two_border_color__hover_enabled=\u00bboff\u00bb button_border_radius__hover_enabled=\u00bboff\u00bb button_one_border_radius__hover_enabled=\u00bboff\u00bb button_two_border_radius__hover_enabled=\u00bboff\u00bb button_letter_spacing__hover_enabled=\u00bboff\u00bb button_one_letter_spacing__hover_enabled=\u00bboff\u00bb button_two_letter_spacing__hover_enabled=\u00bboff\u00bb button_bg_color__hover_enabled=\u00bbon\u00bb button_bg_color__hover=\u00bb#ea4951&#8243; button_one_bg_color__hover_enabled=\u00bboff\u00bb button_two_bg_color__hover_enabled=\u00bboff\u00bb][\/et_pb_button][et_pb_text admin_label=\u00bbHighlights\u00bb module_class=\u00bbhighlights\u00bb _builder_version=\u00bb4.27.6&#8243; background_size=\u00bbinitial\u00bb background_position=\u00bbtop_left\u00bb background_repeat=\u00bbrepeat\u00bb module_alignment=\u00bbleft\u00bb global_colors_info=\u00bb{}\u00bb]<\/p>\n<h3>Viol\u00edn<\/h3>\n<h3>Cuarteto Merel y Orquesta Tonhalle<\/h3>\n<h3>AIMS Academia 2026<br \/>Del 5 al 15 de agosto<\/h3>\n<p>[\/et_pb_text][\/et_pb_column][\/et_pb_row][et_pb_row _builder_version=\u00bb4.16&#8243; global_colors_info=\u00bb{}\u00bb][et_pb_column type=\u00bb4_4&#8243; _builder_version=\u00bb4.16&#8243; global_colors_info=\u00bb{}\u00bb][et_pb_text admin_label=\u00bbTexto\u00bb _builder_version=\u00bb4.27.6&#8243; background_size=\u00bbinitial\u00bb background_position=\u00bbtop_left\u00bb background_repeat=\u00bbrepeat\u00bb module_alignment=\u00bbleft\u00bb global_colors_info=\u00bb{}\u00bb]<\/p>\n<p>Primera violinista del Cuarteto Merel, M. E. Woodside es una apasionada m\u00fasica de c\u00e1mara que ha actuado en la Wigmore Hall de Londres, la Tonhalle de Z\u00farich y en festivales como el Salzburger Festspiele, el Menuhin Festival Gstaad, el Lucerne Festival, los Ittingen Whitsun Concerts y Omaggio a Palladio en Vicenza. Entre sus compa\u00f1eros de m\u00fasica de c\u00e1mara se encuentran Sir Andr\u00e1s Schiff, Julian Pr\u00e9gardien, Ian Bostridge, Yura Lee, Patrick Demenga, Julian Bliss y D\u00e9nes V\u00e1rjon, y ha actuado como primera violinista invitada con los cuartetos Signum, G\u00e9meaux y Amati.<\/p>\n<p data-start=\"590\" data-end=\"1087\">La Sra. Woodside tambi\u00e9n ha actuado como solista, incluyendo dobles conciertos con Tabea Zimmermann, Hariolf Schlichtig y Adelina Oprean, y estren\u00f3 conciertos para viol\u00edn de Aaron Jay Kernis y Martin Derungs con la Orquesta Tonhalle de Z\u00farich. Con el Cuarteto Merel ha grabado para los sellos Genuin, Solo Musica y Prospero obras de Schumann, Jan\u00e1\u010dek, Mendelssohn, Schubert, Sch\u00f6nberg y Dvo\u0159\u00e1k. Cuenta adem\u00e1s con numerosas grabaciones radiof\u00f3nicas para la Radio Suiza DRS2 y la radio alemana SWR2.<\/p>\n<p data-start=\"1089\" data-end=\"1454\">M. E. Woodside ha actuado como concertino invitada y l\u00edder de los segundos violines con la Camerata Z\u00fcrich, la Orquesta de C\u00e1mara de Basilea y la English Chamber Orchestra. Durante muchos a\u00f1os ocup\u00f3 el puesto de principal de los segundos violines en la Orquesta Tonhalle de Z\u00farich y anteriormente fue asistente de concertino de la Orquesta de C\u00e1mara de W\u00fcrttemberg.<\/p>\n<p data-start=\"1456\" data-end=\"2117\">La Sra. Woodside estudi\u00f3 en la Eastman School of Music con Charles Castleman, donde se gradu\u00f3 con los m\u00e1ximos honores y obtuvo el prestigioso Performer\u2019s Certificate. Gan\u00f3 numerosos premios antes de trasladarse a Europa para continuar sus estudios en la Guildhall School de Londres con Yfrah Neaman. Obtuvo el segundo premio en la Bryan Young Artists Competition y fue finalista en el Washington International Competition y en el Concurso Kulenkampff de Colonia, Alemania. Un aspecto central de su formaci\u00f3n posterior fueron las clases de m\u00fasica de c\u00e1mara con mentores como S\u00e1ndor V\u00e9gh, Andr\u00e1s Schiff, Gy\u00f6rgy Kurt\u00e1g, Robert Levin, Alfred Brendel y Ferenc Rados.<\/p>\n<p data-start=\"2119\" data-end=\"2299\">En 2015 la Sra. Woodside fund\u00f3 el Festival de M\u00fasica de C\u00e1mara Zwischent\u00f6ne en Engelberg, Suiza, del cual es directora art\u00edstica y donde el Cuarteto Merel es el conjunto residente.<\/p>\n<p>[\/et_pb_text][\/et_pb_column][\/et_pb_row][\/et_pb_section]<\/p>\n","protected":false},"excerpt":{"rendered":"<p>Viol\u00edn Cuarteto Merel y Orquesta Tonhalle AIMS Academia 2026Del 5 al 15 de agostoPrimera violinista del Cuarteto Merel, M. E. Woodside es una apasionada m\u00fasica de c\u00e1mara que ha actuado [&hellip;]<\/p>\n","protected":false},"author":3,"featured_media":0,"parent":0,"menu_order":0,"comment_status":"closed","ping_status":"closed","template":"","meta":{"_acf_changed":false,"_et_pb_use_builder":"on","_et_pb_old_content":"","_et_gb_content_width":"","footnotes":"","_links_to":"","_links_to_target":""},"class_list":["post-18235","page","type-page","status-publish","hentry"],"acf":[],"_links":{"self":[{"href":"https:\/\/aims.cat\/es\/wp-json\/wp\/v2\/pages\/18235","targetHints":{"allow":["GET"]}}],"collection":[{"href":"https:\/\/aims.cat\/es\/wp-json\/wp\/v2\/pages"}],"about":[{"href":"https:\/\/aims.cat\/es\/wp-json\/wp\/v2\/types\/page"}],"author":[{"embeddable":true,"href":"https:\/\/aims.cat\/es\/wp-json\/wp\/v2\/users\/3"}],"replies":[{"embeddable":true,"href":"https:\/\/aims.cat\/es\/wp-json\/wp\/v2\/comments?post=18235"}],"version-history":[{"count":4,"href":"https:\/\/aims.cat\/es\/wp-json\/wp\/v2\/pages\/18235\/revisions"}],"predecessor-version":[{"id":18276,"href":"https:\/\/aims.cat\/es\/wp-json\/wp\/v2\/pages\/18235\/revisions\/18276"}],"wp:attachment":[{"href":"https:\/\/aims.cat\/es\/wp-json\/wp\/v2\/media?parent=18235"}],"curies":[{"name":"wp","href":"https:\/\/api.w.org\/{rel}","templated":true}]}}