{"id":18342,"date":"2026-03-15T17:33:56","date_gmt":"2026-03-15T17:33:56","guid":{"rendered":"https:\/\/aims.cat\/?page_id=18342"},"modified":"2026-03-15T17:37:40","modified_gmt":"2026-03-15T17:37:40","slug":"amedeo_salvato","status":"publish","type":"page","link":"https:\/\/aims.cat\/es\/amedeo_salvato\/","title":{"rendered":"Amedeo Salvato"},"content":{"rendered":"<p>[et_pb_section fb_built=\u00bb1&#8243; custom_padding_last_edited=\u00bbon|desktop\u00bb _builder_version=\u00bb4.16&#8243; custom_padding_tablet=\u00bb50px|0|50px|0&#8243; custom_padding_phone=\u00bb\u00bb custom_css_main_element=\u00bbpadding-bottom:0px;\u00bb transparent_background=\u00bboff\u00bb padding_mobile=\u00bboff\u00bb global_colors_info=\u00bb{}\u00bb][et_pb_row _builder_version=\u00bb4.16&#8243; background_size=\u00bbinitial\u00bb background_position=\u00bbtop_left\u00bb background_repeat=\u00bbrepeat\u00bb global_colors_info=\u00bb{}\u00bb][et_pb_column type=\u00bb4_4&#8243; _builder_version=\u00bb4.16&#8243; custom_padding=\u00bb|||\u00bb global_colors_info=\u00bb{}\u00bb custom_padding__hover=\u00bb|||\u00bb][et_pb_post_title meta=\u00bboff\u00bb featured_image=\u00bboff\u00bb text_color=\u00bblight\u00bb text_background=\u00bbon\u00bb text_bg_color=\u00bb#222222&#8243; admin_label=\u00bbT\u00edtulo de publicaci\u00f3n\u00bb _builder_version=\u00bb4.16&#8243; title_font_size=\u00bb18px\u00bb title_all_caps=\u00bboff\u00bb background_color=\u00bbrgba(255,255,255,0)\u00bb parallax=\u00bbon\u00bb parallax_method=\u00bboff\u00bb parallax_effect=\u00bbon\u00bb module_bg_color=\u00bbrgba(255,255,255,0)\u00bb global_colors_info=\u00bb{}\u00bb][\/et_pb_post_title][\/et_pb_column][\/et_pb_row][\/et_pb_section][et_pb_section fb_built=\u00bb1&#8243; custom_padding_last_edited=\u00bbon|desktop\u00bb _builder_version=\u00bb4.16&#8243; custom_padding_tablet=\u00bb50px|0|50px|0&#8243; custom_padding_phone=\u00bb\u00bb custom_css_main_element=\u00bbpadding-top:0px;\u00bb transparent_background=\u00bboff\u00bb padding_mobile=\u00bboff\u00bb global_colors_info=\u00bb{}\u00bb][et_pb_row column_structure=\u00bb1_3,2_3&#8243; _builder_version=\u00bb4.16&#8243; background_size=\u00bbinitial\u00bb background_position=\u00bbtop_left\u00bb background_repeat=\u00bbrepeat\u00bb global_colors_info=\u00bb{}\u00bb][et_pb_column type=\u00bb1_3&#8243; _builder_version=\u00bb4.16&#8243; custom_padding=\u00bb|||\u00bb global_colors_info=\u00bb{}\u00bb custom_padding__hover=\u00bb|||\u00bb][et_pb_image src=\u00bbhttps:\/\/aims.cat\/wp-content\/uploads\/2021\/07\/amedeo.jpg\u00bb title_text=\u00bbamedeo\u00bb show_in_lightbox=\u00bbon\u00bb align_tablet=\u00bbcenter\u00bb align_phone=\u00bb\u00bb align_last_edited=\u00bbon|desktop\u00bb _builder_version=\u00bb4.16&#8243; animation=\u00bboff\u00bb always_center_on_mobile=\u00bbon\u00bb global_colors_info=\u00bb{}\u00bb][\/et_pb_image][\/et_pb_column][et_pb_column type=\u00bb2_3&#8243; _builder_version=\u00bb4.16&#8243; custom_padding=\u00bb|||\u00bb global_colors_info=\u00bb{}\u00bb custom_padding__hover=\u00bb|||\u00bb][et_pb_text admin_label=\u00bbTexto\u00bb _builder_version=\u00bb4.27.6&#8243; background_size=\u00bbinitial\u00bb background_position=\u00bbtop_left\u00bb background_repeat=\u00bbrepeat\u00bb global_colors_info=\u00bb{}\u00bb]<\/p>\n<p data-start=\"0\" data-end=\"594\">El pianista Amedeo Salvato desarrolla una carrera como solista, m\u00fasico de c\u00e1mara y pianista acompa\u00f1ante, colaborando con numerosos instrumentistas y cantantes. Comenz\u00f3 sus estudios de piano a los cinco a\u00f1os y se gradu\u00f3 con matr\u00edcula de honor en el Conservatorio S. Pietro a Majella de N\u00e1poles, donde estudi\u00f3 con Paolo Spagnolo y Antonio Florio. Posteriormente asisti\u00f3 a cursos de perfeccionamiento con Andrej Jazinskj en la Mozarteum Summer Academy de Salzburgo, y con Aldo Ciccolini, Alain Meunier y Christian Ivaldi.<\/p>\n<p data-start=\"596\" data-end=\"1502\">Su intensa actividad musical le ha llevado a actuar por toda Italia y tambi\u00e9n en Austria, Alemania, Suiza, Francia, Espa\u00f1a, Inglaterra, Suecia, Europa del Este, Rusia, Jap\u00f3n y Sudam\u00e9rica. Ha actuado en salas de concierto como el Teatro San Carlo de N\u00e1poles, el Parco della Musica de Roma, el Teatro Carlo Felice de G\u00e9nova, el Teatro Comunale y el Teatro Manzoni de Bolonia, el Teatro Ol\u00edmpico de Vicenza, el Wiener Saal de Salzburgo, el Cuvilli\u00e9s Theatre de M\u00fanich, el Palau de la M\u00fasica de Valencia, el Italian Cultural Institute de Londres, el Opera Theatre de Clermont-Ferrand, la Sala Turina de Sevilla, el Old Parliament Hall de Budapest, el Teatro de la \u00d3pera de Tirana, la Concert Hall de la Gnessin Academy of Music de Mosc\u00fa, el Oji Hall de Tokio y la Fedora Aleman Concert Hall de Caracas.<\/p>\n<p data-start=\"1504\" data-end=\"2129\">Act\u00faa regularmente junto a artistas como Sir James Galway, Emmanuel Pahud, Vicens Prats, Jos\u00e9 Luis Estell\u00e9s, Albrecht Mayer, Wenzel Fuchs y Thomas Inderm\u00fchle, entre otros. Como pianista repertorista, ha trabajado con numerosos cantantes desde una edad temprana. En 2002 fue nombrado pianista oficial del Concurso Internacional de Canto de Clermont-Ferrrand. Desde entonces ha colaborado con diversos teatros de \u00f3pera, como el Teatro Comunale de Bolonia, el Teatro Comunale de Ferrara, el Teatro Ponchielli de Cremona y la \u00d3pera de Rouen.<\/p>\n<p data-start=\"2131\" data-end=\"2429\">Desde 2010 forma parte de La Scuola dell\u2019Opera Italiana del Teatro Comunale de Bolonia, donde entrena regularmente a cantantes profesionales y pianistas acompa\u00f1antes. Desde 2018 tambi\u00e9n imparte docencia en el Conservatorio \u201cG. B. Martini\u201d de Bolonia.<\/p>\n<p data-start=\"2431\" data-end=\"2637\">Si quieres, tambi\u00e9n puedo adaptarlo al estilo habitual de una biograf\u00eda breve para programa de concierto (m\u00e1s condensada y elegante), que suele ocupar solo 6\u20138 l\u00edneas en los programas de m\u00fasica cl\u00e1sica.<\/p>\n<p>[\/et_pb_text][\/et_pb_column][\/et_pb_row][\/et_pb_section]<\/p>\n","protected":false},"excerpt":{"rendered":"<p>El pianista Amedeo Salvato desarrolla una carrera como solista, m\u00fasico de c\u00e1mara y pianista acompa\u00f1ante, colaborando con numerosos instrumentistas y cantantes. Comenz\u00f3 sus estudios de piano a los cinco a\u00f1os [&hellip;]<\/p>\n","protected":false},"author":3,"featured_media":0,"parent":0,"menu_order":0,"comment_status":"closed","ping_status":"closed","template":"","meta":{"_acf_changed":false,"_et_pb_use_builder":"on","_et_pb_old_content":"","_et_gb_content_width":"","footnotes":"","_links_to":"","_links_to_target":""},"class_list":["post-18342","page","type-page","status-publish","hentry"],"acf":[],"_links":{"self":[{"href":"https:\/\/aims.cat\/es\/wp-json\/wp\/v2\/pages\/18342","targetHints":{"allow":["GET"]}}],"collection":[{"href":"https:\/\/aims.cat\/es\/wp-json\/wp\/v2\/pages"}],"about":[{"href":"https:\/\/aims.cat\/es\/wp-json\/wp\/v2\/types\/page"}],"author":[{"embeddable":true,"href":"https:\/\/aims.cat\/es\/wp-json\/wp\/v2\/users\/3"}],"replies":[{"embeddable":true,"href":"https:\/\/aims.cat\/es\/wp-json\/wp\/v2\/comments?post=18342"}],"version-history":[{"count":4,"href":"https:\/\/aims.cat\/es\/wp-json\/wp\/v2\/pages\/18342\/revisions"}],"predecessor-version":[{"id":18629,"href":"https:\/\/aims.cat\/es\/wp-json\/wp\/v2\/pages\/18342\/revisions\/18629"}],"wp:attachment":[{"href":"https:\/\/aims.cat\/es\/wp-json\/wp\/v2\/media?parent=18342"}],"curies":[{"name":"wp","href":"https:\/\/api.w.org\/{rel}","templated":true}]}}