{"id":18381,"date":"2026-03-14T13:00:51","date_gmt":"2026-03-14T13:00:51","guid":{"rendered":"https:\/\/aims.cat\/?page_id=18381"},"modified":"2026-03-14T13:01:10","modified_gmt":"2026-03-14T13:01:10","slug":"gustav-rivinius","status":"publish","type":"page","link":"https:\/\/aims.cat\/es\/gustav-rivinius\/","title":{"rendered":"Gustav Rivinius"},"content":{"rendered":"<p>[et_pb_section fb_built=\u00bb1&#8243; custom_padding_last_edited=\u00bbon|desktop\u00bb _builder_version=\u00bb4.16&#8243; custom_padding_tablet=\u00bb50px|0|50px|0&#8243; custom_padding_phone=\u00bb\u00bb custom_css_main_element=\u00bbpadding-bottom:0px;\u00bb transparent_background=\u00bboff\u00bb padding_mobile=\u00bboff\u00bb global_colors_info=\u00bb{}\u00bb][et_pb_row _builder_version=\u00bb4.16&#8243; background_size=\u00bbinitial\u00bb background_position=\u00bbtop_left\u00bb background_repeat=\u00bbrepeat\u00bb global_colors_info=\u00bb{}\u00bb][et_pb_column type=\u00bb4_4&#8243; _builder_version=\u00bb4.16&#8243; custom_padding=\u00bb|||\u00bb global_colors_info=\u00bb{}\u00bb custom_padding__hover=\u00bb|||\u00bb][et_pb_post_title meta=\u00bboff\u00bb featured_image=\u00bboff\u00bb text_color=\u00bblight\u00bb text_background=\u00bbon\u00bb text_bg_color=\u00bb#222222&#8243; admin_label=\u00bbT\u00edtulo de publicaci\u00f3n\u00bb _builder_version=\u00bb4.16&#8243; title_font_size=\u00bb18px\u00bb title_all_caps=\u00bboff\u00bb background_color=\u00bbrgba(255,255,255,0)\u00bb parallax=\u00bbon\u00bb parallax_method=\u00bboff\u00bb parallax_effect=\u00bbon\u00bb module_bg_color=\u00bbrgba(255,255,255,0)\u00bb global_colors_info=\u00bb{}\u00bb]<br \/>\n[\/et_pb_post_title][\/et_pb_column][\/et_pb_row][\/et_pb_section][et_pb_section fb_built=\u00bb1&#8243; custom_padding_last_edited=\u00bbon|desktop\u00bb _builder_version=\u00bb4.16&#8243; custom_padding_tablet=\u00bb50px|0|50px|0&#8243; custom_padding_phone=\u00bb\u00bb custom_css_main_element=\u00bbpadding-top:0px;\u00bb transparent_background=\u00bboff\u00bb padding_mobile=\u00bboff\u00bb global_colors_info=\u00bb{}\u00bb][et_pb_row column_structure=\u00bb1_3,2_3&#8243; _builder_version=\u00bb4.16&#8243; background_size=\u00bbinitial\u00bb background_position=\u00bbtop_left\u00bb background_repeat=\u00bbrepeat\u00bb global_colors_info=\u00bb{}\u00bb][et_pb_column type=\u00bb1_3&#8243; _builder_version=\u00bb4.16&#8243; custom_padding=\u00bb|||\u00bb global_colors_info=\u00bb{}\u00bb custom_padding__hover=\u00bb|||\u00bb][et_pb_image src=\u00bbhttps:\/\/aims.cat\/wp-content\/uploads\/2026\/03\/Gustav-Rivinius_Foto-von-Bjorn-Klein-1.jpg\u00bb title_text=\u00bbGustav Rivinius_Foto von Bj\u00f6rn Klein\u00bb show_in_lightbox=\u00bbon\u00bb align_tablet=\u00bbcenter\u00bb align_phone=\u00bb\u00bb align_last_edited=\u00bbon|desktop\u00bb _builder_version=\u00bb4.27.6&#8243; animation=\u00bboff\u00bb always_center_on_mobile=\u00bbon\u00bb global_colors_info=\u00bb{}\u00bb]<br \/>\n[\/et_pb_image][\/et_pb_column][et_pb_column type=\u00bb2_3&#8243; _builder_version=\u00bb4.16&#8243; custom_padding=\u00bb|||\u00bb global_colors_info=\u00bb{}\u00bb custom_padding__hover=\u00bb|||\u00bb][et_pb_text admin_label=\u00bbTexto\u00bb _builder_version=\u00bb4.27.6&#8243; background_size=\u00bbinitial\u00bb background_position=\u00bbtop_left\u00bb background_repeat=\u00bbrepeat\u00bb global_colors_info=\u00bb{}\u00bb]<\/p>\n<p data-start=\"3524\" data-end=\"3725\"><em>\u00abRealmente puede hacer que el violonchelo cante como una voz humana. Su interpretaci\u00f3n sensible llega directamente al coraz\u00f3n; es de una belleza y pureza que rara vez se escuchan con tanta perfecci\u00f3n.\u00bb<\/em><\/p>\n<p data-start=\"3727\" data-end=\"4110\">Gustav Rivinius es el primer y \u00fanico m\u00fasico alem\u00e1n en haber recibido la Medalla de Oro del Primer Premio en el Concurso Internacional Chaikovski de Mosc\u00fa en 1990. Adem\u00e1s, obtuvo un premio especial a la mejor interpretaci\u00f3n de una obra de Chaikovski, superando a todos los dem\u00e1s participantes. Desde entonces ha actuado con destacados m\u00fasicos, orquestas y directores de todo el mundo.<\/p>\n<p data-start=\"4112\" data-end=\"4626\">Entre los numerosos hitos de una brillante carrera, Gustav Rivinius ha actuado con la Orquesta Sinf\u00f3nica de la Radio de Baviera, bajo la direcci\u00f3n de Lorin Maazel, Ingo Metzmacher y Hans Zender. En las celebraciones de la reapertura del Sal\u00f3n Espa\u00f1ol del Castillo de Praga, Gustav Rivinius actu\u00f3 con la Orquesta Filarm\u00f3nica Checa bajo la direcci\u00f3n de V\u00e1clav Neumann, y tambi\u00e9n particip\u00f3 en una gala por el 50.\u00ba aniversario de la Orquesta Sinf\u00f3nica de Bamberg, con la que ha sido invitado muchas veces como solista.<\/p>\n<p data-start=\"4628\" data-end=\"5392\">En Estados Unidos, Gustav Rivinius ha actuado con la Orquesta Sinf\u00f3nica de Pittsburgh y con orquestas de Saint Louis, Cincinnati, Washington D. C. y con la Houston Symphony. En Tokio actu\u00f3 con la Filarm\u00f3nica de Mosc\u00fa, en Se\u00fal con la KBS Symphony Orchestra y en Pek\u00edn con la National Ballet Orchestra. Ha trabajado con directores como Marek Janowski, Christoph Eschenbach y Dmitri Kitajenko. Tambi\u00e9n ha actuado con orquestas de Lisboa, Toulouse y Lyon, la Filarm\u00f3nica de Helsinki y la Orquesta de la Radio Sueca, as\u00ed como en Lucerna con la Tonhalle Orchester Z\u00fcrich. Gustav Rivinius ha actuado con todas las orquestas sinf\u00f3nicas de radio de Alemania, as\u00ed como con la Deutsches Symphonie-Orchester, la Gewandhausorchester de Leipzig y la Konzerthausorchester Berlin.<\/p>\n<p data-start=\"5394\" data-end=\"5873\">Adem\u00e1s de su carrera como solista, Gustav Rivinius siente una gran pasi\u00f3n por la m\u00fasica de c\u00e1mara. Toca regularmente junto a sus hermanos en el Rivinius Piano Quartet y ofrece recitales con su hermano Paul al piano. Gustav Rivinius tambi\u00e9n participa cada a\u00f1o en el festival Spannungen de Heimbach, donde act\u00faa junto a amigos m\u00fasicos como Lars Vogt, Christian Tetzlaff, Antje Weithaas, Isabelle Faust y Sharon Kam, adem\u00e1s de participar en numerosas grabaciones en CD del festival.<\/p>\n<p data-start=\"5875\" data-end=\"6519\">Rivinius fund\u00f3 el Gasparo da Sal\u00f3 Trio, el Bartholdy String Quintet y el Tammuz Piano Quartet, que grab\u00f3 los dos cuartetos con piano del compositor George Enescu para el sello cpo. Este mismo sello tambi\u00e9n public\u00f3 la interpretaci\u00f3n de Rivinius del Concierto para violonchelo de Ermanno Wolf-Ferrari con la Orquesta Sinf\u00f3nica de la Radio de Frankfurt bajo la direcci\u00f3n de Alan Francis. La obra <em data-start=\"6268\" data-end=\"6290\">Ode to the West Wind<\/em> de Henze con la RSO Saarbr\u00fccken dirigida por Stanislaw Skrowaczewski fue publicada por Arte Nova. Gustav Rivinius tambi\u00e9n grab\u00f3 el Tr\u00edo para clarinete de Brahms junto a Sharon Kam y Martin Helmchen para el sello Berlin Classics.<\/p>\n<p data-start=\"6521\" data-end=\"7017\">Durante muchos a\u00f1os, Gustav Rivinius ha sido profesor en la Universidad de M\u00fasica de Saarbr\u00fccken. Es cofundador de las Kammermusiktage Mettlach y, de este modo, ha influido en la vida musical de su Saarland natal durante m\u00e1s de 30 a\u00f1os. Cada a\u00f1o imparte diversas clases magistrales, entre ellas en el Schleswig-Holstein Music Festival, y es miembro habitual del jurado de importantes concursos internacionales, como el Concurso Internacional Chaikovski de Mosc\u00fa, en cuyo jurado particip\u00f3 en 2011.<\/p>\n<p>[\/et_pb_text][\/et_pb_column][\/et_pb_row][\/et_pb_section]<\/p>\n","protected":false},"excerpt":{"rendered":"<p>\u00abRealmente puede hacer que el violonchelo cante como una voz humana. Su interpretaci\u00f3n sensible llega directamente al coraz\u00f3n; es de una belleza y pureza que rara vez se escuchan con [&hellip;]<\/p>\n","protected":false},"author":3,"featured_media":0,"parent":0,"menu_order":0,"comment_status":"closed","ping_status":"closed","template":"","meta":{"_acf_changed":false,"_et_pb_use_builder":"on","_et_pb_old_content":"","_et_gb_content_width":"","footnotes":"","_links_to":"","_links_to_target":""},"class_list":["post-18381","page","type-page","status-publish","hentry"],"acf":[],"_links":{"self":[{"href":"https:\/\/aims.cat\/es\/wp-json\/wp\/v2\/pages\/18381","targetHints":{"allow":["GET"]}}],"collection":[{"href":"https:\/\/aims.cat\/es\/wp-json\/wp\/v2\/pages"}],"about":[{"href":"https:\/\/aims.cat\/es\/wp-json\/wp\/v2\/types\/page"}],"author":[{"embeddable":true,"href":"https:\/\/aims.cat\/es\/wp-json\/wp\/v2\/users\/3"}],"replies":[{"embeddable":true,"href":"https:\/\/aims.cat\/es\/wp-json\/wp\/v2\/comments?post=18381"}],"version-history":[{"count":4,"href":"https:\/\/aims.cat\/es\/wp-json\/wp\/v2\/pages\/18381\/revisions"}],"predecessor-version":[{"id":18394,"href":"https:\/\/aims.cat\/es\/wp-json\/wp\/v2\/pages\/18381\/revisions\/18394"}],"wp:attachment":[{"href":"https:\/\/aims.cat\/es\/wp-json\/wp\/v2\/media?parent=18381"}],"curies":[{"name":"wp","href":"https:\/\/api.w.org\/{rel}","templated":true}]}}