{"id":18418,"date":"2026-03-24T19:46:26","date_gmt":"2026-03-24T19:46:26","guid":{"rendered":"https:\/\/aims.cat\/?page_id=18418"},"modified":"2026-03-24T19:46:30","modified_gmt":"2026-03-24T19:46:30","slug":"david-fonseca","status":"publish","type":"page","link":"https:\/\/aims.cat\/es\/david-fonseca\/","title":{"rendered":"David Fonseca-Bibescu"},"content":{"rendered":"<p>[et_pb_section fb_built=\u00bb1&#8243; custom_padding_last_edited=\u00bbon|desktop\u00bb _builder_version=\u00bb4.16&#8243; custom_padding_tablet=\u00bb50px|0|50px|0&#8243; custom_padding_phone=\u00bb\u00bb custom_css_main_element=\u00bbpadding-bottom:0px;\u00bb transparent_background=\u00bboff\u00bb padding_mobile=\u00bboff\u00bb global_colors_info=\u00bb{}\u00bb][et_pb_row _builder_version=\u00bb4.16&#8243; background_size=\u00bbinitial\u00bb background_position=\u00bbtop_left\u00bb background_repeat=\u00bbrepeat\u00bb global_colors_info=\u00bb{}\u00bb][et_pb_column type=\u00bb4_4&#8243; _builder_version=\u00bb4.16&#8243; custom_padding=\u00bb|||\u00bb global_colors_info=\u00bb{}\u00bb custom_padding__hover=\u00bb|||\u00bb][et_pb_post_title meta=\u00bboff\u00bb featured_image=\u00bboff\u00bb text_color=\u00bblight\u00bb text_background=\u00bbon\u00bb text_bg_color=\u00bb#222222&#8243; admin_label=\u00bbT\u00edtulo de publicaci\u00f3n\u00bb _builder_version=\u00bb4.16&#8243; title_font_size=\u00bb18px\u00bb title_all_caps=\u00bboff\u00bb background_color=\u00bbrgba(255,255,255,0)\u00bb parallax=\u00bbon\u00bb parallax_method=\u00bboff\u00bb parallax_effect=\u00bbon\u00bb module_bg_color=\u00bbrgba(255,255,255,0)\u00bb global_colors_info=\u00bb{}\u00bb][\/et_pb_post_title][\/et_pb_column][\/et_pb_row][\/et_pb_section][et_pb_section fb_built=\u00bb1&#8243; custom_padding_last_edited=\u00bbon|desktop\u00bb _builder_version=\u00bb4.16&#8243; custom_padding_tablet=\u00bb50px|0|50px|0&#8243; custom_padding_phone=\u00bb\u00bb custom_css_main_element=\u00bbpadding-top:0px;\u00bb transparent_background=\u00bboff\u00bb padding_mobile=\u00bboff\u00bb global_colors_info=\u00bb{}\u00bb][et_pb_row column_structure=\u00bb1_3,2_3&#8243; _builder_version=\u00bb4.16&#8243; background_size=\u00bbinitial\u00bb background_position=\u00bbtop_left\u00bb background_repeat=\u00bbrepeat\u00bb global_colors_info=\u00bb{}\u00bb][et_pb_column type=\u00bb1_3&#8243; _builder_version=\u00bb4.16&#8243; custom_padding=\u00bb|||\u00bb global_colors_info=\u00bb{}\u00bb custom_padding__hover=\u00bb|||\u00bb][et_pb_image src=\u00bbhttps:\/\/aims.cat\/wp-content\/uploads\/2026\/03\/David-Fontaseca-2-e1773491283712.jpg\u00bb title_text=\u00bbDavid Fontaseca\u00bb show_in_lightbox=\u00bbon\u00bb align_tablet=\u00bbcenter\u00bb align_phone=\u00bb\u00bb align_last_edited=\u00bbon|desktop\u00bb _builder_version=\u00bb4.27.6&#8243; animation=\u00bboff\u00bb always_center_on_mobile=\u00bbon\u00bb global_colors_info=\u00bb{}\u00bb][\/et_pb_image][\/et_pb_column][et_pb_column type=\u00bb2_3&#8243; _builder_version=\u00bb4.16&#8243; custom_padding=\u00bb|||\u00bb global_colors_info=\u00bb{}\u00bb custom_padding__hover=\u00bb|||\u00bb][et_pb_text admin_label=\u00bbTexto\u00bb _builder_version=\u00bb4.27.6&#8243; background_size=\u00bbinitial\u00bb background_position=\u00bbtop_left\u00bb background_repeat=\u00bbrepeat\u00bb hover_enabled=\u00bb0&#8243; global_colors_info=\u00bb{}\u00bb sticky_enabled=\u00bb0&#8243;]<\/p>\n<p>David Fonseca-Bibescu, natural de Barcelona, inici\u00f3 su formaci\u00f3n musical en el IEA Oriol Martorell, donde estudi\u00f3 con su padre, Heriberto Fonseca, obteniendo las m\u00e1ximas calificaciones y el Premio de Honor. Posteriormente, curs\u00f3 el Grado Superior en el Conservatorio Superior de<br \/>M\u00fasica del Liceu gracias a una beca de la Fundaci\u00f3n de M\u00fasica Ferrer Salat, bajo la tutela de Kai Gleusteen y Corrado Bolsi. Durante el \u00faltimo curso, el conservatorio y la fundaci\u00f3n le cedieron un viol\u00edn Joseph Gagliano (1798) durante un a\u00f1o. Continu\u00f3 su formaci\u00f3n en el mismo centro con el M\u00e1ster de Interpretaci\u00f3n de M\u00fasica Cl\u00e1sica y Contempor\u00e1nea, nuevamente con beca del conservatorio, bajo la direcci\u00f3n de Corrado Bolsi y obteniendo las m\u00e1ximas calificaciones.<br \/>Complet\u00f3 sus estudios con un posgrado en la Accademia Musicale Santa Cecilia de B\u00e9rgamo, trabajando con Pavel Vernikov, Svetlana Makarova e Igor Volochine, y se ha perfeccionado adem\u00e1s con Roberto Vald\u00e9s.<br \/>Ha obtenido reconocimientos en concursos nacionales e internacionales. Destacan el 1er Premio en el Concurso ARJAU de Barcelona (2012), 1er Premio en el VII Concurso Cordes de Barcelona (2015), 1er Premio en los XIV Premios de Interpretaci\u00f3n Musical de Girona (2015), 3er Premio en la fase auton\u00f3mica del concurso Intercentros Mel\u00f3mano (2015) y el 1er Premio en el 5\u00ba Concurso Internacional \u201cNote sul mare\u201d en Roma, Italia (2016). En este concurso fue galardonado adem\u00e1s con el Primer Premio Absoluto y el Premio Especial de Instrumentos de Arco, obteniendo una puntuaci\u00f3n de 100\/100. Tambi\u00e9n recibi\u00f3 el Premio BBVA de M\u00fasica \u2013 Premio al Talento Individual (2016), con Menci\u00f3n Especial y el Premio Especial de la Asociaci\u00f3n de Conservatorios de Catalu\u00f1a (ACCat) a la mejor interpretaci\u00f3n de una obra de un compositor catal\u00e1n. Posteriormente, obtuvo el 1er Premio en el V Concurso de Solistas (2018) de la Jove Orquestra InterComarcal (JOIC), el 1er Premio en el 17\u00ba Concurso Internacional de M\u00fasica \u201cPremio Citt\u00e0 di Padova\u201d (2019) en Padua (Italia) y el 3er Premio en el 20\u00ba Concurso Internacional \u201cVirtuosit\u00e9 Prize\u201d en Padua (Italia, 2023).<br \/>Asimismo, ha sido premiado en diversos concursos de m\u00fasica de c\u00e1mara, como el 1er Premio en el Concerto Competition del curso de cuartetos Q4Stage en Lleida con el Lux Quartet (2016), el 2\u00ba Premio en el I Concurso Internacional Cambra Rom\u00e0nica (2019) en Andorra con el Quartet Toldr\u00e0, y el 3er Premio en el V Rookie Chamber Music Online Competition (2020) con el Quartet B\u00e9cquer. Su actividad como int\u00e9rprete incluye actuaciones como solista con orquesta y recitales en Espa\u00f1a,<br \/>Andorra, Italia, Alemania y Portugal. Ha actuado como solista con la Joven Orquesta Nacional de Andorra bajo la direcci\u00f3n de Gerard Claret, la Joven Orquesta InterComarcal con Marcel Ortega, la Orquesta de Guitarras de Barcelona en el Palau de la M\u00fasica Catalana, la Orquesta del Blackmore International Music Academy en Berl\u00edn dirigida por Guy Braunstein, la Camerata Pirineus en el norte de Catalu\u00f1a y la Douro String Academy Orchestra en el Teatro de Vila Real (Portugal).<\/p>\n<p>En el \u00e1mbito camer\u00edstico ha colaborado con m\u00fasicos como Yo-Yo Ma, Sergey Ostrovsky, Andriy Viytovich y Zvi Plessler. Ha grabado para Catalunya M\u00fasica con el Tr\u00edo Montsalvatge y para Radio Nacional de Espa\u00f1a con el Quartet B\u00e9cquer.<\/p>\n<p>En el \u00e1mbito orquestal, ha sido invitado como concertino en formaciones como la Orquestra Simf\u00f2nica del Vall\u00e8s, la Orquestra Cl\u00e1ssica de Espinho (Portugal), la Camerata Eduard Toldr\u00e0, la Orquesta Filarm\u00f3nica del Mediterr\u00e1neo, la Joven Orquesta Nacional de Espa\u00f1a, la Joven Orquesta Nacional de Catalu\u00f1a y la Joven Orquesta Nacional de Andorra. Ha formado parte de la Mahler Chamber Orchestra como academista, ha sido invitado como asistente de concertino en la Orquesta de la Comunitat Valenciana (Les Arts) y como asistente de solista de segundos violines en la Orquesta Sinf\u00f3nica de Castilla y Le\u00f3n. Adem\u00e1s, ha colaborado con la Mahler Chamber Orchestra y con la Orquestra del Gran Teatre del Liceu.<\/p>\n<p>David ha recibido consejos de violinistas como Salvatore Accardo, Oleg Kaskiv, Vilmos Szabadi, Vera Mart\u00ednez, Sergey Ostrovsky, Latica Honda-Rosenberg, Patrice Fontanarosa, Gordan Nikolich, Lukas Hagen, Guy Braunstein y Marco Rizzi, entre otros.<\/p>\n<p>Ha sido profesor invitado en la Joven Orquesta Nacional de Catalu\u00f1a.<\/p>\n<p>[\/et_pb_text][\/et_pb_column][\/et_pb_row][\/et_pb_section]<\/p>\n","protected":false},"excerpt":{"rendered":"<p>David Fonseca-Bibescu, natural de Barcelona, inici\u00f3 su formaci\u00f3n musical en el IEA Oriol Martorell, donde estudi\u00f3 con su padre, Heriberto Fonseca, obteniendo las m\u00e1ximas calificaciones y el Premio de Honor. [&hellip;]<\/p>\n","protected":false},"author":3,"featured_media":0,"parent":0,"menu_order":0,"comment_status":"closed","ping_status":"closed","template":"","meta":{"_acf_changed":false,"_et_pb_use_builder":"on","_et_pb_old_content":"","_et_gb_content_width":"","footnotes":"","_links_to":"","_links_to_target":""},"class_list":["post-18418","page","type-page","status-publish","hentry"],"acf":[],"_links":{"self":[{"href":"https:\/\/aims.cat\/es\/wp-json\/wp\/v2\/pages\/18418","targetHints":{"allow":["GET"]}}],"collection":[{"href":"https:\/\/aims.cat\/es\/wp-json\/wp\/v2\/pages"}],"about":[{"href":"https:\/\/aims.cat\/es\/wp-json\/wp\/v2\/types\/page"}],"author":[{"embeddable":true,"href":"https:\/\/aims.cat\/es\/wp-json\/wp\/v2\/users\/3"}],"replies":[{"embeddable":true,"href":"https:\/\/aims.cat\/es\/wp-json\/wp\/v2\/comments?post=18418"}],"version-history":[{"count":3,"href":"https:\/\/aims.cat\/es\/wp-json\/wp\/v2\/pages\/18418\/revisions"}],"predecessor-version":[{"id":18800,"href":"https:\/\/aims.cat\/es\/wp-json\/wp\/v2\/pages\/18418\/revisions\/18800"}],"wp:attachment":[{"href":"https:\/\/aims.cat\/es\/wp-json\/wp\/v2\/media?parent=18418"}],"curies":[{"name":"wp","href":"https:\/\/api.w.org\/{rel}","templated":true}]}}