{"id":18421,"date":"2026-03-14T15:53:17","date_gmt":"2026-03-14T15:53:17","guid":{"rendered":"https:\/\/aims.cat\/?page_id=18421"},"modified":"2026-03-14T15:54:09","modified_gmt":"2026-03-14T15:54:09","slug":"nuria-ganet","status":"publish","type":"page","link":"https:\/\/aims.cat\/es\/nuria-ganet\/","title":{"rendered":"Nuria Ga\u00f1et Benavente"},"content":{"rendered":"<p>[et_pb_section fb_built=\u00bb1&#8243; custom_padding_last_edited=\u00bbon|desktop\u00bb _builder_version=\u00bb4.16&#8243; custom_padding_tablet=\u00bb50px|0|50px|0&#8243; custom_padding_phone=\u00bb\u00bb custom_css_main_element=\u00bbpadding-bottom:0px;\u00bb transparent_background=\u00bboff\u00bb padding_mobile=\u00bboff\u00bb global_colors_info=\u00bb{}\u00bb][et_pb_row _builder_version=\u00bb4.16&#8243; background_size=\u00bbinitial\u00bb background_position=\u00bbtop_left\u00bb background_repeat=\u00bbrepeat\u00bb global_colors_info=\u00bb{}\u00bb][et_pb_column type=\u00bb4_4&#8243; _builder_version=\u00bb4.16&#8243; custom_padding=\u00bb|||\u00bb global_colors_info=\u00bb{}\u00bb custom_padding__hover=\u00bb|||\u00bb][et_pb_post_title meta=\u00bboff\u00bb featured_image=\u00bboff\u00bb text_color=\u00bblight\u00bb text_background=\u00bbon\u00bb text_bg_color=\u00bb#222222&#8243; admin_label=\u00bbT\u00edtulo de publicaci\u00f3n\u00bb _builder_version=\u00bb4.16&#8243; title_font_size=\u00bb18px\u00bb title_all_caps=\u00bboff\u00bb background_color=\u00bbrgba(255,255,255,0)\u00bb parallax=\u00bbon\u00bb parallax_method=\u00bboff\u00bb parallax_effect=\u00bbon\u00bb module_bg_color=\u00bbrgba(255,255,255,0)\u00bb global_colors_info=\u00bb{}\u00bb]<br \/>\n[\/et_pb_post_title][\/et_pb_column][\/et_pb_row][\/et_pb_section][et_pb_section fb_built=\u00bb1&#8243; custom_padding_last_edited=\u00bbon|desktop\u00bb _builder_version=\u00bb4.16&#8243; custom_padding_tablet=\u00bb50px|0|50px|0&#8243; custom_padding_phone=\u00bb\u00bb custom_css_main_element=\u00bbpadding-top:0px;\u00bb transparent_background=\u00bboff\u00bb padding_mobile=\u00bboff\u00bb global_colors_info=\u00bb{}\u00bb][et_pb_row column_structure=\u00bb1_3,2_3&#8243; _builder_version=\u00bb4.16&#8243; background_size=\u00bbinitial\u00bb background_position=\u00bbtop_left\u00bb background_repeat=\u00bbrepeat\u00bb global_colors_info=\u00bb{}\u00bb][et_pb_column type=\u00bb1_3&#8243; _builder_version=\u00bb4.16&#8243; custom_padding=\u00bb|||\u00bb global_colors_info=\u00bb{}\u00bb custom_padding__hover=\u00bb|||\u00bb][et_pb_image src=\u00bbhttps:\/\/aims.cat\/wp-content\/uploads\/2026\/03\/Nuria-Ganet.jpg\u00bb title_text=\u00bbNuria Ga\u00f1et\u00bb show_in_lightbox=\u00bbon\u00bb align_tablet=\u00bbcenter\u00bb align_phone=\u00bb\u00bb align_last_edited=\u00bbon|desktop\u00bb admin_label=\u00bbImage\u00bb _builder_version=\u00bb4.27.6&#8243; animation=\u00bboff\u00bb always_center_on_mobile=\u00bbon\u00bb global_colors_info=\u00bb{}\u00bb]<br \/>\n[\/et_pb_image][\/et_pb_column][et_pb_column type=\u00bb2_3&#8243; _builder_version=\u00bb4.16&#8243; custom_padding=\u00bb|||\u00bb global_colors_info=\u00bb{}\u00bb custom_padding__hover=\u00bb|||\u00bb][et_pb_text admin_label=\u00bbTexto\u00bb _builder_version=\u00bb4.27.6&#8243; background_size=\u00bbinitial\u00bb background_position=\u00bbtop_left\u00bb background_repeat=\u00bbrepeat\u00bb global_colors_info=\u00bb{}\u00bb]<\/p>\n<p>Nuria Ga\u00f1et es Profesora Titular de Violoncello en el Conservatorio Profesional de M\u00fasica de Alca\u00f1iz, Licenciada en Historia y Ciencias de la M\u00fasica y Doctora en Educaci\u00f3n por la Universidad de Zaragoza.<\/p>\n<p>Alumna de Peter Thiemann durante 5 a\u00f1os, Nuria fue galardonada en su etapa de formaci\u00f3n en distintos concursos nacionales, actu\u00f3 como solista con diversas orquestas y form\u00f3 parte de orquestas juveniles como la JONC y la JONDE.<\/p>\n<p>Actualmente compagina su labor docente con la actividad camer\u00edstica, siendo miembro del Tr\u00edo Salduie del que forma parte desde hace m\u00e1s de 15 a\u00f1os, y con la orquestal en la Orquesta Reino de Arag\u00f3n.<\/p>\n<p>Nuria est\u00e1 casada con Pablo, tambi\u00e9n m\u00fasico, son padres de dos hijos y les encanta la monta\u00f1a, la bicicleta y el esqu\u00ed. Por \u00faltimo, Nuria es tambi\u00e9n Directora Art\u00edstica del Concurso Nacional de Violoncello \u201cJaime Dobato Benavente\u201d que se celebra anualmente en Alca\u00f1iz para apoyar a los j\u00f3venes violonchelistas espa\u00f1oles.<\/p>\n<p>[\/et_pb_text][\/et_pb_column][\/et_pb_row][\/et_pb_section]<\/p>\n","protected":false},"excerpt":{"rendered":"<p>Nuria Ga\u00f1et es Profesora Titular de Violoncello en el Conservatorio Profesional de M\u00fasica de Alca\u00f1iz, Licenciada en Historia y Ciencias de la M\u00fasica y Doctora en Educaci\u00f3n por la Universidad [&hellip;]<\/p>\n","protected":false},"author":3,"featured_media":0,"parent":0,"menu_order":0,"comment_status":"closed","ping_status":"closed","template":"","meta":{"_acf_changed":false,"_et_pb_use_builder":"on","_et_pb_old_content":"","_et_gb_content_width":"","footnotes":"","_links_to":"","_links_to_target":""},"class_list":["post-18421","page","type-page","status-publish","hentry"],"acf":[],"_links":{"self":[{"href":"https:\/\/aims.cat\/es\/wp-json\/wp\/v2\/pages\/18421","targetHints":{"allow":["GET"]}}],"collection":[{"href":"https:\/\/aims.cat\/es\/wp-json\/wp\/v2\/pages"}],"about":[{"href":"https:\/\/aims.cat\/es\/wp-json\/wp\/v2\/types\/page"}],"author":[{"embeddable":true,"href":"https:\/\/aims.cat\/es\/wp-json\/wp\/v2\/users\/3"}],"replies":[{"embeddable":true,"href":"https:\/\/aims.cat\/es\/wp-json\/wp\/v2\/comments?post=18421"}],"version-history":[{"count":4,"href":"https:\/\/aims.cat\/es\/wp-json\/wp\/v2\/pages\/18421\/revisions"}],"predecessor-version":[{"id":18445,"href":"https:\/\/aims.cat\/es\/wp-json\/wp\/v2\/pages\/18421\/revisions\/18445"}],"wp:attachment":[{"href":"https:\/\/aims.cat\/es\/wp-json\/wp\/v2\/media?parent=18421"}],"curies":[{"name":"wp","href":"https:\/\/api.w.org\/{rel}","templated":true}]}}