{"id":18449,"date":"2026-03-14T16:10:32","date_gmt":"2026-03-14T16:10:32","guid":{"rendered":"https:\/\/aims.cat\/?page_id=18449"},"modified":"2026-03-14T16:10:36","modified_gmt":"2026-03-14T16:10:36","slug":"celia-roca","status":"publish","type":"page","link":"https:\/\/aims.cat\/es\/celia-roca\/","title":{"rendered":"C\u00e8lia Roca Matamala"},"content":{"rendered":"<p>[et_pb_section fb_built=\u00bb1&#8243; custom_padding_last_edited=\u00bbon|desktop\u00bb _builder_version=\u00bb4.16&#8243; custom_padding_tablet=\u00bb50px|0|50px|0&#8243; custom_padding_phone=\u00bb\u00bb custom_css_main_element=\u00bbpadding-bottom:0px;\u00bb transparent_background=\u00bboff\u00bb padding_mobile=\u00bboff\u00bb global_colors_info=\u00bb{}\u00bb][et_pb_row _builder_version=\u00bb4.16&#8243; background_size=\u00bbinitial\u00bb background_position=\u00bbtop_left\u00bb background_repeat=\u00bbrepeat\u00bb global_colors_info=\u00bb{}\u00bb][et_pb_column type=\u00bb4_4&#8243; _builder_version=\u00bb4.16&#8243; custom_padding=\u00bb|||\u00bb global_colors_info=\u00bb{}\u00bb custom_padding__hover=\u00bb|||\u00bb][et_pb_post_title meta=\u00bboff\u00bb featured_image=\u00bboff\u00bb text_color=\u00bblight\u00bb text_background=\u00bbon\u00bb text_bg_color=\u00bb#222222&#8243; admin_label=\u00bbT\u00edtulo de publicaci\u00f3n\u00bb _builder_version=\u00bb4.16&#8243; title_font_size=\u00bb18px\u00bb title_all_caps=\u00bboff\u00bb background_color=\u00bbrgba(255,255,255,0)\u00bb parallax=\u00bbon\u00bb parallax_method=\u00bboff\u00bb parallax_effect=\u00bbon\u00bb module_bg_color=\u00bbrgba(255,255,255,0)\u00bb global_colors_info=\u00bb{}\u00bb]<br \/>\n[\/et_pb_post_title][\/et_pb_column][\/et_pb_row][\/et_pb_section][et_pb_section fb_built=\u00bb1&#8243; custom_padding_last_edited=\u00bbon|desktop\u00bb _builder_version=\u00bb4.16&#8243; custom_padding_tablet=\u00bb50px|0|50px|0&#8243; custom_padding_phone=\u00bb\u00bb custom_css_main_element=\u00bbpadding-top:0px;\u00bb transparent_background=\u00bboff\u00bb padding_mobile=\u00bboff\u00bb global_colors_info=\u00bb{}\u00bb][et_pb_row column_structure=\u00bb1_3,2_3&#8243; _builder_version=\u00bb4.16&#8243; background_size=\u00bbinitial\u00bb background_position=\u00bbtop_left\u00bb background_repeat=\u00bbrepeat\u00bb global_colors_info=\u00bb{}\u00bb][et_pb_column type=\u00bb1_3&#8243; _builder_version=\u00bb4.16&#8243; custom_padding=\u00bb|||\u00bb global_colors_info=\u00bb{}\u00bb custom_padding__hover=\u00bb|||\u00bb][et_pb_image src=\u00bbhttps:\/\/aims.cat\/wp-content\/uploads\/2026\/03\/Celia-Roca-2-e1773504373935.jpg\u00bb title_text=\u00bbC\u00e8lia Roca\u00bb show_in_lightbox=\u00bbon\u00bb align_tablet=\u00bbcenter\u00bb align_phone=\u00bb\u00bb align_last_edited=\u00bbon|desktop\u00bb _builder_version=\u00bb4.27.6&#8243; hover_enabled=\u00bb0&#8243; animation=\u00bboff\u00bb always_center_on_mobile=\u00bbon\u00bb global_colors_info=\u00bb{}\u00bb sticky_enabled=\u00bb0&#8243;]<br \/>\n[\/et_pb_image][\/et_pb_column][et_pb_column type=\u00bb2_3&#8243; _builder_version=\u00bb4.16&#8243; custom_padding=\u00bb|||\u00bb global_colors_info=\u00bb{}\u00bb custom_padding__hover=\u00bb|||\u00bb][et_pb_text admin_label=\u00bbTexto\u00bb _builder_version=\u00bb4.27.6&#8243; background_size=\u00bbinitial\u00bb background_position=\u00bbtop_left\u00bb background_repeat=\u00bbrepeat\u00bb hover_enabled=\u00bb0&#8243; global_colors_info=\u00bb{}\u00bb sticky_enabled=\u00bb0&#8243;]<\/p>\n<p data-start=\"3071\" data-end=\"3542\">C\u00e8lia Roca Matamala es una violonchelista catalana que actualmente cursa el Grado en Violonchelo Cl\u00e1sico en el Conservatorium Maastricht, donde estudia con el reconocido violonchelista Gustav Rivinius. Anteriormente complet\u00f3 el Grado Profesional de M\u00fasica en el Conservatori Municipal de Manresa, donde se especializ\u00f3 en violonchelo con Anna Costa, al mismo tiempo que estudiaba con Peter Thiemann, quien se convirti\u00f3 en un importante mentor en su desarrollo musical.<\/p>\n<p data-start=\"3544\" data-end=\"3792\">Paralelamente a sus estudios principales, C\u00e8lia ha explorado distintos \u00e1mbitos musicales, como el canto jazz, el tromb\u00f3n y el piano tanto cl\u00e1sico como moderno, experiencias que han contribuido a desarrollar su voz art\u00edstica y su curiosidad musical.<\/p>\n<p data-start=\"3794\" data-end=\"4174\">Ha participado en diversas academias y festivales internacionales, entre ellos la Acad\u00e9mie Musicale de Morges, la NJO (Nationale Jeugdorkesten Nederland), la International Music Academy of Solsona (AIMS), el Allegro Vivo Kammermusik Festival y la Vic Chamber Music Academy, donde ha trabajado con m\u00fasicos como L\u00e1szl\u00f3 Feny\u0151, Mathias Johansen, German Tcakulov y el Cuarteto Gerhard.<\/p>\n<p data-start=\"4176\" data-end=\"4560\">La m\u00fasica de c\u00e1mara ocupa un lugar especialmente importante en su vida art\u00edstica, ya que le permite explorar el profundo sentido de conexi\u00f3n y libertad que encuentra en la pr\u00e1ctica musical. A lo largo de su trayectoria, C\u00e8lia aspira a seguir desarroll\u00e1ndose tanto como m\u00fasico como persona, con un fuerte inter\u00e9s en la comunicaci\u00f3n expresiva y la conexi\u00f3n humana a trav\u00e9s de la m\u00fasica.<\/p>\n<p>[\/et_pb_text][\/et_pb_column][\/et_pb_row][\/et_pb_section]<\/p>\n","protected":false},"excerpt":{"rendered":"<p>C\u00e8lia Roca Matamala es una violonchelista catalana que actualmente cursa el Grado en Violonchelo Cl\u00e1sico en el Conservatorium Maastricht, donde estudia con el reconocido violonchelista Gustav Rivinius. Anteriormente complet\u00f3 el [&hellip;]<\/p>\n","protected":false},"author":3,"featured_media":0,"parent":0,"menu_order":0,"comment_status":"closed","ping_status":"closed","template":"","meta":{"_acf_changed":false,"_et_pb_use_builder":"on","_et_pb_old_content":"","_et_gb_content_width":"","footnotes":"","_links_to":"","_links_to_target":""},"class_list":["post-18449","page","type-page","status-publish","hentry"],"acf":[],"_links":{"self":[{"href":"https:\/\/aims.cat\/es\/wp-json\/wp\/v2\/pages\/18449","targetHints":{"allow":["GET"]}}],"collection":[{"href":"https:\/\/aims.cat\/es\/wp-json\/wp\/v2\/pages"}],"about":[{"href":"https:\/\/aims.cat\/es\/wp-json\/wp\/v2\/types\/page"}],"author":[{"embeddable":true,"href":"https:\/\/aims.cat\/es\/wp-json\/wp\/v2\/users\/3"}],"replies":[{"embeddable":true,"href":"https:\/\/aims.cat\/es\/wp-json\/wp\/v2\/comments?post=18449"}],"version-history":[{"count":3,"href":"https:\/\/aims.cat\/es\/wp-json\/wp\/v2\/pages\/18449\/revisions"}],"predecessor-version":[{"id":18462,"href":"https:\/\/aims.cat\/es\/wp-json\/wp\/v2\/pages\/18449\/revisions\/18462"}],"wp:attachment":[{"href":"https:\/\/aims.cat\/es\/wp-json\/wp\/v2\/media?parent=18449"}],"curies":[{"name":"wp","href":"https:\/\/api.w.org\/{rel}","templated":true}]}}