{"id":18477,"date":"2026-03-14T16:25:37","date_gmt":"2026-03-14T16:25:37","guid":{"rendered":"https:\/\/aims.cat\/?page_id=18477"},"modified":"2026-03-14T16:26:11","modified_gmt":"2026-03-14T16:26:11","slug":"david-rebull","status":"publish","type":"page","link":"https:\/\/aims.cat\/es\/david-rebull\/","title":{"rendered":"David Rebull"},"content":{"rendered":"<p>[et_pb_section fb_built=\u00bb1&#8243; custom_padding_last_edited=\u00bbon|desktop\u00bb _builder_version=\u00bb4.16&#8243; custom_padding_tablet=\u00bb50px|0|50px|0&#8243; custom_padding_phone=\u00bb\u00bb custom_css_main_element=\u00bbpadding-bottom:0px;\u00bb transparent_background=\u00bboff\u00bb padding_mobile=\u00bboff\u00bb global_colors_info=\u00bb{}\u00bb][et_pb_row _builder_version=\u00bb4.16&#8243; background_size=\u00bbinitial\u00bb background_position=\u00bbtop_left\u00bb background_repeat=\u00bbrepeat\u00bb global_colors_info=\u00bb{}\u00bb][et_pb_column type=\u00bb4_4&#8243; _builder_version=\u00bb4.16&#8243; custom_padding=\u00bb|||\u00bb global_colors_info=\u00bb{}\u00bb custom_padding__hover=\u00bb|||\u00bb][et_pb_post_title meta=\u00bboff\u00bb featured_image=\u00bboff\u00bb text_color=\u00bblight\u00bb text_background=\u00bbon\u00bb text_bg_color=\u00bb#222222&#8243; admin_label=\u00bbT\u00edtulo de publicaci\u00f3n\u00bb _builder_version=\u00bb4.16&#8243; title_font_size=\u00bb18px\u00bb title_all_caps=\u00bboff\u00bb background_color=\u00bbrgba(255,255,255,0)\u00bb parallax=\u00bbon\u00bb parallax_method=\u00bboff\u00bb parallax_effect=\u00bbon\u00bb module_bg_color=\u00bbrgba(255,255,255,0)\u00bb global_colors_info=\u00bb{}\u00bb]<br \/>\n[\/et_pb_post_title][\/et_pb_column][\/et_pb_row][\/et_pb_section][et_pb_section fb_built=\u00bb1&#8243; custom_padding_last_edited=\u00bbon|desktop\u00bb _builder_version=\u00bb4.16&#8243; custom_padding_tablet=\u00bb50px|0|50px|0&#8243; custom_padding_phone=\u00bb\u00bb custom_css_main_element=\u00bbpadding-top:0px;\u00bb transparent_background=\u00bboff\u00bb padding_mobile=\u00bboff\u00bb global_colors_info=\u00bb{}\u00bb][et_pb_row column_structure=\u00bb1_3,2_3&#8243; _builder_version=\u00bb4.16&#8243; background_size=\u00bbinitial\u00bb background_position=\u00bbtop_left\u00bb background_repeat=\u00bbrepeat\u00bb global_colors_info=\u00bb{}\u00bb][et_pb_column type=\u00bb1_3&#8243; _builder_version=\u00bb4.16&#8243; custom_padding=\u00bb|||\u00bb global_colors_info=\u00bb{}\u00bb custom_padding__hover=\u00bb|||\u00bb][et_pb_image src=\u00bbhttps:\/\/aims.cat\/wp-content\/uploads\/2026\/03\/david-rebull-1-e1773505228291.jpg\u00bb title_text=\u00bbdavid rebull\u00bb show_in_lightbox=\u00bbon\u00bb align_tablet=\u00bbcenter\u00bb align_phone=\u00bb\u00bb align_last_edited=\u00bbon|desktop\u00bb _builder_version=\u00bb4.27.6&#8243; animation=\u00bboff\u00bb always_center_on_mobile=\u00bbon\u00bb global_colors_info=\u00bb{}\u00bb]<br \/>\n[\/et_pb_image][\/et_pb_column][et_pb_column type=\u00bb2_3&#8243; _builder_version=\u00bb4.16&#8243; custom_padding=\u00bb|||\u00bb global_colors_info=\u00bb{}\u00bb custom_padding__hover=\u00bb|||\u00bb][et_pb_text admin_label=\u00bbTexto\u00bb _builder_version=\u00bb4.27.6&#8243; background_size=\u00bbinitial\u00bb background_position=\u00bbtop_left\u00bb background_repeat=\u00bbrepeat\u00bb global_colors_info=\u00bb{}\u00bb]<\/p>\n<p>David Rebull (Amposta, 2004) es un violonchelista galardonado internacionalmente y alumno de Gustav Rivinius en la Hochschule f\u00fcr Musik Saar (Alemania), donde estudia desde 2022 gracias a la beca Ezequ\u00edas Wardwell de la Fundaci\u00f3n Alexander von Humboldt.<\/p>\n<p>Ha sido premiado en concursos como el David Popper International Cello Competition (tercer premio, Hungr\u00eda, 2023), el Premio Extraordinario de Formaci\u00f3n Profesional Art\u00edstica en Catalu\u00f1a (2022), el Gran Premio Virtuoso Par\u00eds Online (2020), el Concurso Jaime Dobato Benavente (2019) y el Premio de Interpretaci\u00f3n Musical de Girona (2017), entre otros. En 2025 fue seleccionado para el prestigioso Kalamata International Music Festival, donde trabaj\u00f3 con Jean-Guihen Queyras, y ha recibido masterclasses de violonchelistas como Asier Polo, Timora Rosler, Johannes Moser y Gustav Rivinius.<\/p>\n<p>Como solista, destacan su interpretaci\u00f3n del Cant dels Ocells en el centenario de la Orquesta Pau Casals (Barcelona, 2021) y su participaci\u00f3n en el ciclo de conciertos de la Universidad de Lleida (2022), junto a la pianista Seon-hee Myong. Inici\u00f3 sus estudios de violonchelo a los 5 a\u00f1os con Naiade Mart\u00ednez en la Lira Ampostina, y posteriormente se form\u00f3 con I\u00f1aki Etxepare y Oriol Aymat.y en 2024 protagonizar\u00e1 el Concierto para violonchelo y orquesta de viento de Friedrich Gulda en el concierto de A\u00f1o Nuevo en la Capilla de L\u2019Aldea.<\/p>\n<p>Tambi\u00e9n ha participado en prestigiosos festivales de m\u00fasica de c\u00e1mara, como el Delta Chamber Music Festival, tras ganar en 2022 el concurso \u201cYoung Talent\u201d.<\/p>\n<p>[\/et_pb_text][\/et_pb_column][\/et_pb_row][\/et_pb_section]<\/p>\n","protected":false},"excerpt":{"rendered":"<p>David Rebull (Amposta, 2004) es un violonchelista galardonado internacionalmente y alumno de Gustav Rivinius en la Hochschule f\u00fcr Musik Saar (Alemania), donde estudia desde 2022 gracias a la beca Ezequ\u00edas [&hellip;]<\/p>\n","protected":false},"author":3,"featured_media":0,"parent":0,"menu_order":0,"comment_status":"closed","ping_status":"closed","template":"","meta":{"_acf_changed":false,"_et_pb_use_builder":"on","_et_pb_old_content":"","_et_gb_content_width":"","footnotes":"","_links_to":"","_links_to_target":""},"class_list":["post-18477","page","type-page","status-publish","hentry"],"acf":[],"_links":{"self":[{"href":"https:\/\/aims.cat\/es\/wp-json\/wp\/v2\/pages\/18477","targetHints":{"allow":["GET"]}}],"collection":[{"href":"https:\/\/aims.cat\/es\/wp-json\/wp\/v2\/pages"}],"about":[{"href":"https:\/\/aims.cat\/es\/wp-json\/wp\/v2\/types\/page"}],"author":[{"embeddable":true,"href":"https:\/\/aims.cat\/es\/wp-json\/wp\/v2\/users\/3"}],"replies":[{"embeddable":true,"href":"https:\/\/aims.cat\/es\/wp-json\/wp\/v2\/comments?post=18477"}],"version-history":[{"count":4,"href":"https:\/\/aims.cat\/es\/wp-json\/wp\/v2\/pages\/18477\/revisions"}],"predecessor-version":[{"id":18500,"href":"https:\/\/aims.cat\/es\/wp-json\/wp\/v2\/pages\/18477\/revisions\/18500"}],"wp:attachment":[{"href":"https:\/\/aims.cat\/es\/wp-json\/wp\/v2\/media?parent=18477"}],"curies":[{"name":"wp","href":"https:\/\/api.w.org\/{rel}","templated":true}]}}