{"id":18502,"date":"2026-03-14T16:56:11","date_gmt":"2026-03-14T16:56:11","guid":{"rendered":"https:\/\/aims.cat\/?page_id=18502"},"modified":"2026-03-14T16:56:15","modified_gmt":"2026-03-14T16:56:15","slug":"theresa-klose","status":"publish","type":"page","link":"https:\/\/aims.cat\/es\/theresa-klose\/","title":{"rendered":"Theresa Klose"},"content":{"rendered":"<p>[et_pb_section fb_built=\u00bb1&#8243; custom_padding_last_edited=\u00bbon|desktop\u00bb _builder_version=\u00bb4.16&#8243; custom_padding_tablet=\u00bb50px|0|50px|0&#8243; custom_padding_phone=\u00bb\u00bb custom_css_main_element=\u00bbpadding-bottom:0px;\u00bb transparent_background=\u00bboff\u00bb padding_mobile=\u00bboff\u00bb global_colors_info=\u00bb{}\u00bb][et_pb_row _builder_version=\u00bb4.16&#8243; background_size=\u00bbinitial\u00bb background_position=\u00bbtop_left\u00bb background_repeat=\u00bbrepeat\u00bb global_colors_info=\u00bb{}\u00bb][et_pb_column type=\u00bb4_4&#8243; _builder_version=\u00bb4.16&#8243; custom_padding=\u00bb|||\u00bb global_colors_info=\u00bb{}\u00bb custom_padding__hover=\u00bb|||\u00bb][et_pb_post_title meta=\u00bboff\u00bb featured_image=\u00bboff\u00bb text_color=\u00bblight\u00bb text_background=\u00bbon\u00bb text_bg_color=\u00bb#222222&#8243; admin_label=\u00bbT\u00edtulo de publicaci\u00f3n\u00bb _builder_version=\u00bb4.16&#8243; title_font_size=\u00bb18px\u00bb title_all_caps=\u00bboff\u00bb background_color=\u00bbrgba(255,255,255,0)\u00bb parallax=\u00bbon\u00bb parallax_method=\u00bboff\u00bb parallax_effect=\u00bbon\u00bb module_bg_color=\u00bbrgba(255,255,255,0)\u00bb global_colors_info=\u00bb{}\u00bb]<br \/>\n[\/et_pb_post_title][\/et_pb_column][\/et_pb_row][\/et_pb_section][et_pb_section fb_built=\u00bb1&#8243; custom_padding_last_edited=\u00bbon|desktop\u00bb _builder_version=\u00bb4.16&#8243; custom_padding_tablet=\u00bb50px|0|50px|0&#8243; custom_padding_phone=\u00bb\u00bb custom_css_main_element=\u00bbpadding-top:0px;\u00bb transparent_background=\u00bboff\u00bb padding_mobile=\u00bboff\u00bb global_colors_info=\u00bb{}\u00bb][et_pb_row column_structure=\u00bb1_3,2_3&#8243; _builder_version=\u00bb4.16&#8243; background_size=\u00bbinitial\u00bb background_position=\u00bbtop_left\u00bb background_repeat=\u00bbrepeat\u00bb global_colors_info=\u00bb{}\u00bb][et_pb_column type=\u00bb1_3&#8243; _builder_version=\u00bb4.16&#8243; custom_padding=\u00bb|||\u00bb global_colors_info=\u00bb{}\u00bb custom_padding__hover=\u00bb|||\u00bb][et_pb_image src=\u00bbhttps:\/\/aims.cat\/wp-content\/uploads\/2026\/03\/Foto-Theresa-Klose-1.jpg\u00bb title_text=\u00bbFoto Theresa Klose\u00bb show_in_lightbox=\u00bbon\u00bb align_tablet=\u00bbcenter\u00bb align_phone=\u00bb\u00bb align_last_edited=\u00bbon|desktop\u00bb _builder_version=\u00bb4.27.6&#8243; hover_enabled=\u00bb0&#8243; animation=\u00bboff\u00bb always_center_on_mobile=\u00bbon\u00bb global_colors_info=\u00bb{}\u00bb sticky_enabled=\u00bb0&#8243;]<br \/>\n[\/et_pb_image][\/et_pb_column][et_pb_column type=\u00bb2_3&#8243; _builder_version=\u00bb4.16&#8243; custom_padding=\u00bb|||\u00bb global_colors_info=\u00bb{}\u00bb custom_padding__hover=\u00bb|||\u00bb][et_pb_text admin_label=\u00bbTexto\u00bb _builder_version=\u00bb4.27.6&#8243; background_size=\u00bbinitial\u00bb background_position=\u00bbtop_left\u00bb background_repeat=\u00bbrepeat\u00bb hover_enabled=\u00bb0&#8243; global_colors_info=\u00bb{}\u00bb sticky_enabled=\u00bb0&#8243;]<\/p>\n<p data-start=\"1803\" data-end=\"2236\">Theresa Klose se ha consolidado en los \u00faltimos a\u00f1os como una cantante muy solicitada, especialmente en los \u00e1mbitos del lied, el oratorio y el concierto. Act\u00faa regularmente en grandes catedrales, salas de conciertos y festivales como el Leipziger Bachfest, el Beethovenfest Bonn o el Festival Alte Musik de Knechtsteden. Sus giras de conciertos la han llevado a Inglaterra, Francia, Italia, Noruega y los Pa\u00edses Bajos.<\/p>\n<p data-start=\"2238\" data-end=\"2730\">Su repertorio abarca m\u00fasica del siglo XVII, as\u00ed como obras rom\u00e1nticas y contempor\u00e1neas. Diversas grabaciones documentan su actividad art\u00edstica. Adem\u00e1s de un CD en solitario publicado en 2022 (<em data-start=\"2430\" data-end=\"2437\">Augen<\/em>), ha participado en numerosas grabaciones para Deutschlandfunk y WDR. Ha actuado con destacadas orquestas como la Bochumer Symphoniker, la G\u00fcrzenich-Orchester K\u00f6ln, la C\u00f6lner Barockorchester, la Neue Hofkapelle Osnabr\u00fcck y con miembros de la Bamberger Symphoniker.<\/p>\n<p data-start=\"2732\" data-end=\"3243\">Tras completar estudios de pedagog\u00eda musical y filolog\u00eda alemana, Theresa Klose estudi\u00f3 canto con el profesor Kai Wessel en la Hochschule f\u00fcr Musik und Tanz K\u00f6ln, donde se gradu\u00f3 en 2020 con la m\u00e1xima calificaci\u00f3n. Posteriormente continu\u00f3 su formaci\u00f3n con la soprano Juanita Lascarro en Frankfurt. En octubre de 2022 comenz\u00f3 tambi\u00e9n estudios de posgrado con el profesor Thilo Dahlmann en la Hochschule f\u00fcr Musik und Darstellende Kunst Frankfurt, que finaliz\u00f3 en julio de 2024 con distinci\u00f3n.<\/p>\n<p data-start=\"3245\" data-end=\"3449\">Paralelamente a su actividad art\u00edstica, desde 2017 trabaja como formadora vocal de los K\u00f6lner Domch\u00f6re, y desde el semestre de invierno de 2024 es profesora asociada de canto en la HMDK Stuttgart.<\/p>\n<p>[\/et_pb_text][\/et_pb_column][\/et_pb_row][\/et_pb_section]<\/p>\n","protected":false},"excerpt":{"rendered":"<p>Theresa Klose se ha consolidado en los \u00faltimos a\u00f1os como una cantante muy solicitada, especialmente en los \u00e1mbitos del lied, el oratorio y el concierto. Act\u00faa regularmente en grandes catedrales, [&hellip;]<\/p>\n","protected":false},"author":3,"featured_media":0,"parent":0,"menu_order":0,"comment_status":"closed","ping_status":"closed","template":"","meta":{"_acf_changed":false,"_et_pb_use_builder":"on","_et_pb_old_content":"","_et_gb_content_width":"","footnotes":"","_links_to":"","_links_to_target":""},"class_list":["post-18502","page","type-page","status-publish","hentry"],"acf":[],"_links":{"self":[{"href":"https:\/\/aims.cat\/es\/wp-json\/wp\/v2\/pages\/18502","targetHints":{"allow":["GET"]}}],"collection":[{"href":"https:\/\/aims.cat\/es\/wp-json\/wp\/v2\/pages"}],"about":[{"href":"https:\/\/aims.cat\/es\/wp-json\/wp\/v2\/types\/page"}],"author":[{"embeddable":true,"href":"https:\/\/aims.cat\/es\/wp-json\/wp\/v2\/users\/3"}],"replies":[{"embeddable":true,"href":"https:\/\/aims.cat\/es\/wp-json\/wp\/v2\/comments?post=18502"}],"version-history":[{"count":3,"href":"https:\/\/aims.cat\/es\/wp-json\/wp\/v2\/pages\/18502\/revisions"}],"predecessor-version":[{"id":18511,"href":"https:\/\/aims.cat\/es\/wp-json\/wp\/v2\/pages\/18502\/revisions\/18511"}],"wp:attachment":[{"href":"https:\/\/aims.cat\/es\/wp-json\/wp\/v2\/media?parent=18502"}],"curies":[{"name":"wp","href":"https:\/\/api.w.org\/{rel}","templated":true}]}}