{"id":18555,"date":"2026-03-15T10:41:31","date_gmt":"2026-03-15T10:41:31","guid":{"rendered":"https:\/\/aims.cat\/?page_id=18555"},"modified":"2026-03-15T10:41:54","modified_gmt":"2026-03-15T10:41:54","slug":"biel-garriga","status":"publish","type":"page","link":"https:\/\/aims.cat\/es\/biel-garriga\/","title":{"rendered":"Biel Garriga Carretero"},"content":{"rendered":"<p>[et_pb_section fb_built=\u00bb1&#8243; custom_padding_last_edited=\u00bbon|desktop\u00bb _builder_version=\u00bb4.16&#8243; custom_padding_tablet=\u00bb50px|0|50px|0&#8243; custom_padding_phone=\u00bb\u00bb custom_css_main_element=\u00bbpadding-bottom:0px;\u00bb transparent_background=\u00bboff\u00bb padding_mobile=\u00bboff\u00bb global_colors_info=\u00bb{}\u00bb][et_pb_row _builder_version=\u00bb4.16&#8243; background_size=\u00bbinitial\u00bb background_position=\u00bbtop_left\u00bb background_repeat=\u00bbrepeat\u00bb global_colors_info=\u00bb{}\u00bb][et_pb_column type=\u00bb4_4&#8243; _builder_version=\u00bb4.16&#8243; custom_padding=\u00bb|||\u00bb global_colors_info=\u00bb{}\u00bb custom_padding__hover=\u00bb|||\u00bb][et_pb_post_title meta=\u00bboff\u00bb featured_image=\u00bboff\u00bb text_color=\u00bblight\u00bb text_background=\u00bbon\u00bb text_bg_color=\u00bb#222222&#8243; admin_label=\u00bbT\u00edtulo de publicaci\u00f3n\u00bb _builder_version=\u00bb4.16&#8243; title_font_size=\u00bb18px\u00bb title_all_caps=\u00bboff\u00bb background_color=\u00bbrgba(255,255,255,0)\u00bb parallax=\u00bbon\u00bb parallax_method=\u00bboff\u00bb parallax_effect=\u00bbon\u00bb module_bg_color=\u00bbrgba(255,255,255,0)\u00bb global_colors_info=\u00bb{}\u00bb]<br \/>\n[\/et_pb_post_title][\/et_pb_column][\/et_pb_row][\/et_pb_section][et_pb_section fb_built=\u00bb1&#8243; custom_padding_last_edited=\u00bbon|desktop\u00bb _builder_version=\u00bb4.16&#8243; custom_padding_tablet=\u00bb50px|0|50px|0&#8243; custom_padding_phone=\u00bb\u00bb custom_css_main_element=\u00bbpadding-top:0px;\u00bb transparent_background=\u00bboff\u00bb padding_mobile=\u00bboff\u00bb global_colors_info=\u00bb{}\u00bb][et_pb_row column_structure=\u00bb1_3,2_3&#8243; _builder_version=\u00bb4.16&#8243; background_size=\u00bbinitial\u00bb background_position=\u00bbtop_left\u00bb background_repeat=\u00bbrepeat\u00bb global_colors_info=\u00bb{}\u00bb][et_pb_column type=\u00bb1_3&#8243; _builder_version=\u00bb4.16&#8243; custom_padding=\u00bb|||\u00bb global_colors_info=\u00bb{}\u00bb custom_padding__hover=\u00bb|||\u00bb][et_pb_image src=\u00bbhttps:\/\/aims.cat\/wp-content\/uploads\/2026\/03\/biel-garriga2-e1773570944299.jpeg\u00bb title_text=\u00bbbiel garriga2&#8243; show_in_lightbox=\u00bbon\u00bb align_tablet=\u00bbcenter\u00bb align_phone=\u00bb\u00bb align_last_edited=\u00bbon|desktop\u00bb admin_label=\u00bbImage\u00bb _builder_version=\u00bb4.27.6&#8243; animation=\u00bboff\u00bb always_center_on_mobile=\u00bbon\u00bb global_colors_info=\u00bb{}\u00bb]<br \/>\n[\/et_pb_image][\/et_pb_column][et_pb_column type=\u00bb2_3&#8243; _builder_version=\u00bb4.16&#8243; custom_padding=\u00bb|||\u00bb global_colors_info=\u00bb{}\u00bb custom_padding__hover=\u00bb|||\u00bb][et_pb_text admin_label=\u00bbTexto\u00bb _builder_version=\u00bb4.27.6&#8243; background_size=\u00bbinitial\u00bb background_position=\u00bbtop_left\u00bb background_repeat=\u00bbrepeat\u00bb global_colors_info=\u00bb{}\u00bb]<\/p>\n<p>Biel Garriga Carretero (2006) inicia sus estudios musicales a la edad de 4 a\u00f1os en el Aula de M\u00fasica Contrapunt de Malgrat de Mar. Posteriormente estudia con Anna Ferrer hasta los 14 a\u00f1os, cuando pasa a ser alumno de Peter Thiemann, profesor en el Conservatorio Superior de M\u00fasica del Liceu. Actualmente sigue sus estudios con Gustav Rivinius, solista internacional y profesor de gran renombre, en el conservatorio de Maastricht, becado por la fundaci\u00f3n neerlandesa Miep en Loek Graus Kohl.<\/p>\n<p>Ha participado desde 2021 en el curso internacional de m\u00fasica que organiza el AIMS en Solsona. En 2022 fue seleccionado en el concurso de solistas, por eso pudo interpretar en el castillo de Cardona el Concierto n\u00fam. 3 para violonchelo de L. Boccherini.<\/p>\n<p>En m\u00fasica de c\u00e1mara ha trabajado con m\u00fasicos de gran renombre como Simone Zgraggen o Shunske Sato. Tambi\u00e9n se ha formado en varias masterclasses con violonchelistas conocidos internacionalmente como Hilel Zori o Gary Hoffman. Ha realizado varios conciertos en lugares remarcables como el Gran Teatro del Liceo, el Paraninfo de la Universidad de Barcelona, en la Schubert\u00edada de Cantabria, la iglesia de Santa Susanna del Mercadal en Girona, e incluso en Francia y en los Pa\u00edses Bajos.<\/p>\n<p>Forma parte de la Joven Orquesta Nacional de Catalu\u00f1a, con la que ha podido tocar en el Palau de la M\u00fasica Catalana y en el Auditori de Barcelona. Desde febrero de 2023 hasta agosto de 2024 ha tocado con un violonchelo Laberte (1921) cedido por la Fundaci\u00f3n Pau Casals, instrumento que perteneci\u00f3 al propio Pau Casals y fue su principal instrumento durante varios a\u00f1os y con el que incluso realiz\u00f3 giras de conciertos. Por ese motivo, tambi\u00e9n es colaborador directo con la Fundaci\u00f3n.<\/p>\n<p>[\/et_pb_text][\/et_pb_column][\/et_pb_row][\/et_pb_section]<\/p>\n","protected":false},"excerpt":{"rendered":"<p>Biel Garriga Carretero (2006) inicia sus estudios musicales a la edad de 4 a\u00f1os en el Aula de M\u00fasica Contrapunt de Malgrat de Mar. Posteriormente estudia con Anna Ferrer hasta [&hellip;]<\/p>\n","protected":false},"author":3,"featured_media":0,"parent":0,"menu_order":0,"comment_status":"closed","ping_status":"closed","template":"","meta":{"_acf_changed":false,"_et_pb_use_builder":"on","_et_pb_old_content":"","_et_gb_content_width":"","footnotes":"","_links_to":"","_links_to_target":""},"class_list":["post-18555","page","type-page","status-publish","hentry"],"acf":[],"_links":{"self":[{"href":"https:\/\/aims.cat\/es\/wp-json\/wp\/v2\/pages\/18555","targetHints":{"allow":["GET"]}}],"collection":[{"href":"https:\/\/aims.cat\/es\/wp-json\/wp\/v2\/pages"}],"about":[{"href":"https:\/\/aims.cat\/es\/wp-json\/wp\/v2\/types\/page"}],"author":[{"embeddable":true,"href":"https:\/\/aims.cat\/es\/wp-json\/wp\/v2\/users\/3"}],"replies":[{"embeddable":true,"href":"https:\/\/aims.cat\/es\/wp-json\/wp\/v2\/comments?post=18555"}],"version-history":[{"count":4,"href":"https:\/\/aims.cat\/es\/wp-json\/wp\/v2\/pages\/18555\/revisions"}],"predecessor-version":[{"id":18576,"href":"https:\/\/aims.cat\/es\/wp-json\/wp\/v2\/pages\/18555\/revisions\/18576"}],"wp:attachment":[{"href":"https:\/\/aims.cat\/es\/wp-json\/wp\/v2\/media?parent=18555"}],"curies":[{"name":"wp","href":"https:\/\/api.w.org\/{rel}","templated":true}]}}