{"id":4232,"date":"2017-10-20T11:47:45","date_gmt":"2017-10-20T11:47:45","guid":{"rendered":"https:\/\/aims.cat\/?page_id=4232"},"modified":"2018-11-18T20:52:58","modified_gmt":"2018-11-18T20:52:58","slug":"richard","status":"publish","type":"page","link":"https:\/\/aims.cat\/es\/aims-academia-de-viento\/profesorado\/richard\/","title":{"rendered":"Richard Bissill"},"content":{"rendered":"<p>[et_pb_section bb_built=\u00bb1&#8243; custom_padding_last_edited=\u00bbon|desktop\u00bb _builder_version=\u00bb3.0.47&#8243; custom_padding_tablet=\u00bb50px|0|50px|0&#8243; custom_css_main_element=\u00bbpadding-bottom:0px;\u00bb transparent_background=\u00bboff\u00bb padding_mobile=\u00bboff\u00bb prev_background_color=\u00bb#000000&#8243; next_background_color=\u00bb#ffffff\u00bb][et_pb_row _builder_version=\u00bb3.0.47&#8243; background_size=\u00bbinitial\u00bb background_position=\u00bbtop_left\u00bb background_repeat=\u00bbrepeat\u00bb][et_pb_column type=\u00bb1_4&#8243;][et_pb_text admin_label=\u00bbTexto\u00bb background_layout=\u00bbdark\u00bb _builder_version=\u00bb3.0.86&#8243; text_font_size=\u00bb18&#8243; background_color=\u00bb#ea4951&#8243; background_size=\u00bbinitial\u00bb background_position=\u00bbtop_left\u00bb background_repeat=\u00bbrepeat\u00bb module_alignment=\u00bbleft\u00bb custom_padding=\u00bb14px|21px|21px|24px\u00bb]<\/p>\n<p>\nAIMS Academia de Vientos<\/p>\n<p>[\/et_pb_text][\/et_pb_column][et_pb_column type=\u00bb3_4&#8243;][et_pb_post_title admin_label=\u00bbT\u00edtulo de publicaci\u00f3n\u00bb meta=\u00bboff\u00bb featured_image=\u00bboff\u00bb text_color=\u00bblight\u00bb text_background=\u00bbon\u00bb text_bg_color=\u00bb#222222&#8243; _builder_version=\u00bb3.0.77&#8243; title_font_size=\u00bb18px\u00bb title_all_caps=\u00bboff\u00bb background_color=\u00bbrgba(255,255,255,0)\u00bb parallax=\u00bbon\u00bb parallax_method=\u00bboff\u00bb parallax_effect=\u00bbon\u00bb module_bg_color=\u00bbrgba(255,255,255,0)\u00bb \/][\/et_pb_column][\/et_pb_row][\/et_pb_section][et_pb_section bb_built=\u00bb1&#8243; custom_padding_last_edited=\u00bbon|desktop\u00bb _builder_version=\u00bb3.0.47&#8243; custom_padding_tablet=\u00bb50px|0|50px|0&#8243; custom_css_main_element=\u00bbpadding-top:0px;\u00bb transparent_background=\u00bboff\u00bb padding_mobile=\u00bboff\u00bb prev_background_color=\u00bb#ffffff\u00bb next_background_color=\u00bb#000000&#8243;][et_pb_row _builder_version=\u00bb3.0.47&#8243; background_size=\u00bbinitial\u00bb background_position=\u00bbtop_left\u00bb background_repeat=\u00bbrepeat\u00bb][et_pb_column type=\u00bb1_4&#8243;][et_pb_sidebar admin_label=\u00bbMENU\u00bb area=\u00bbet_pb_widget_area_6&#8243; show_border=\u00bboff\u00bb module_id=\u00bbFestivalMenu\u00bb _builder_version=\u00bb3.0.86&#8243; remove_border=\u00bboff\u00bb \/][\/et_pb_column][et_pb_column type=\u00bb1_4&#8243;][et_pb_image src=\u00bbhttps:\/\/aims.cat\/wp-content\/uploads\/2018\/11\/RB-ROH.jpg\u00bb show_in_lightbox=\u00bbon\u00bb _builder_version=\u00bb3.0.92&#8243; url_new_window=\u00bboff\u00bb use_overlay=\u00bboff\u00bb always_center_on_mobile=\u00bbon\u00bb force_fullwidth=\u00bboff\u00bb show_bottom_space=\u00bbon\u00bb \/][et_pb_text admin_label=\u00bbHighlights\u00bb module_class=\u00bbhighlights\u00bb _builder_version=\u00bb3.17.6&#8243; background_size=\u00bbinitial\u00bb background_position=\u00bbtop_left\u00bb background_repeat=\u00bbrepeat\u00bb module_alignment=\u00bbleft\u00bb]<\/p>\n<p>\u00a0<\/p>\n<h3>Richard Bissill<\/h3>\n<h3>Trompa<\/h3>\n<h3>Royal Opera House, Covent Garden &#8211; Londres<\/h3>\n<h3>Guildhall School of Music &amp; Drama &#8211; Londres<\/h3>\n<p>\u00a0<\/p>\n<p>[\/et_pb_text][\/et_pb_column][et_pb_column type=\u00bb1_2&#8243;][et_pb_text admin_label=\u00bbTexto\u00bb _builder_version=\u00bb3.0.92&#8243; background_size=\u00bbinitial\u00bb background_position=\u00bbtop_left\u00bb background_repeat=\u00bbrepeat\u00bb module_alignment=\u00bbleft\u00bb background_layout=\u00bblight\u00bb]<\/p>\n<p>\nEl profesor Richard Bissill, FGS, FRAM es un trompista, arreglista y compositor. Estudi\u00f3 trompa y piano en la Royal Academy of Music y con 22 a\u00f1os se uni\u00f3 a la London Symphony Orchestra. A partir de 1984, fue trompa solista de la Orquesta Filarm\u00f3nica de Londres y de la Orquesta de la Royal Opera House. Desde 1983 ha sido profesor de trompa en la Escuela de Guildhall de M\u00fasica y Drama.<\/p>\n<p>Ha aparecido en innumerables bandas sonoras de pel\u00edculas como The Return of the Jedi, Gladiator, Shrek, The Lord of the Rings y las \u00faltimas siete pel\u00edculas de James Bond, por nombrar s\u00f3lo algunas. Tambi\u00e9n ha trabajado y grabado con artistas como Paul McCartney, Joni Mitchell y Quincy Jones.<\/p>\n<p>Desde 1990 y como miembro de London Brass, ha participado en algunos de los festivales de m\u00fasica m\u00e1s importantes del mundo y ha impartido clases magistrales en Europa, Jap\u00f3n y Estados Unidos. Muchos de sus arreglos virtuosos se han registrado para Teldec y se han convertido en elementos b\u00e1sicos del repertorio.<\/p>\n<p>Como compositor ha escrito varias comisiones a gran escala. Para la Orquesta Filarm\u00f3nica de Londres compuso el <em>Christmas Carnival<\/em> (grabado por las orquestas RPO, RSNO y Hall\u00e9 orquestas, y ganador del primer premio MU \/ YTV Peter Knight), <em>Rhapsody for Piano and Orchestra <\/em>and<em> Excite! <\/em>La London Symphony Orchestra le encarg\u00f3 a su <em>Sinfonia Concertante<\/em> para inaugurar su centenario el 2004. Tambi\u00e9n ha escrito numerosas piezas de concierto para grupos de c\u00e1mara junto con m\u00fasica para cine y televisi\u00f3n, adem\u00e1s de una gran cantidad de m\u00fasica educativa de metal que aparece regularmente en planes de estudio.<\/p>\n<p>Fue arreglista en jefe del exitoso CD London Horn Sound de 2001, que fue votado como el mejor CD de trompas de la historia por la International Horn Society. El CD del 2007, Give it One, present\u00f3 sus composiciones y arreglos.<\/p>\n<p>Richard ha sido galardonado con becas tanto de la Escuela de Guildhall como de la Royal Academy of Music y recibi\u00f3 el t\u00edtulo de Profesor en 2018.<\/p>\n<p>[\/et_pb_text][\/et_pb_column][\/et_pb_row][\/et_pb_section]<\/p>\n","protected":false},"excerpt":{"rendered":"<p>AIMS Academia de Vientos \u00a0Richard BissillTrompaRoyal Opera House, Covent Garden &#8211; LondresGuildhall School of Music &amp; Drama &#8211; Londres\u00a0 El profesor Richard Bissill, FGS, FRAM es un trompista, arreglista y [&hellip;]<\/p>\n","protected":false},"author":2,"featured_media":0,"parent":4509,"menu_order":0,"comment_status":"closed","ping_status":"closed","template":"","meta":{"_acf_changed":false,"_et_pb_use_builder":"on","_et_pb_old_content":"","_et_gb_content_width":"","footnotes":"","_links_to":"","_links_to_target":""},"class_list":["post-4232","page","type-page","status-publish","hentry"],"acf":[],"_links":{"self":[{"href":"https:\/\/aims.cat\/es\/wp-json\/wp\/v2\/pages\/4232","targetHints":{"allow":["GET"]}}],"collection":[{"href":"https:\/\/aims.cat\/es\/wp-json\/wp\/v2\/pages"}],"about":[{"href":"https:\/\/aims.cat\/es\/wp-json\/wp\/v2\/types\/page"}],"author":[{"embeddable":true,"href":"https:\/\/aims.cat\/es\/wp-json\/wp\/v2\/users\/2"}],"replies":[{"embeddable":true,"href":"https:\/\/aims.cat\/es\/wp-json\/wp\/v2\/comments?post=4232"}],"version-history":[{"count":0,"href":"https:\/\/aims.cat\/es\/wp-json\/wp\/v2\/pages\/4232\/revisions"}],"up":[{"embeddable":true,"href":"https:\/\/aims.cat\/es\/wp-json\/wp\/v2\/pages\/4509"}],"wp:attachment":[{"href":"https:\/\/aims.cat\/es\/wp-json\/wp\/v2\/media?parent=4232"}],"curies":[{"name":"wp","href":"https:\/\/api.w.org\/{rel}","templated":true}]}}