{"id":4489,"date":"2017-11-03T10:21:34","date_gmt":"2017-11-03T10:21:34","guid":{"rendered":"https:\/\/aims.cat\/?page_id=4489"},"modified":"2025-11-15T17:52:43","modified_gmt":"2025-11-15T17:52:43","slug":"aims-academia-de-viento","status":"publish","type":"page","link":"https:\/\/aims.cat\/es\/aims-academia-de-viento\/","title":{"rendered":"AIMS Academia de Vientos"},"content":{"rendered":"<p>[et_pb_section fb_built=\u00bb1&#8243; specialty=\u00bbon\u00bb _builder_version=\u00bb4.16&#8243; global_colors_info=\u00bb{}\u00bb][et_pb_column type=\u00bb1_4&#8243; _builder_version=\u00bb4.16&#8243; custom_padding=\u00bb|||\u00bb global_colors_info=\u00bb{}\u00bb custom_padding__hover=\u00bb|||\u00bb][et_pb_sidebar area=\u00bbet_pb_widget_area_6&#8243; show_border=\u00bboff\u00bb admin_label=\u00bbMENU\u00bb module_id=\u00bbAcademyMenu\u00bb _builder_version=\u00bb4.16&#8243; remove_border=\u00bboff\u00bb global_colors_info=\u00bb{}\u00bb][\/et_pb_sidebar][\/et_pb_column][et_pb_column type=\u00bb3_4&#8243; specialty_columns=\u00bb3&#8243; _builder_version=\u00bb4.16&#8243; custom_padding=\u00bb|||\u00bb global_colors_info=\u00bb{}\u00bb custom_padding__hover=\u00bb|||\u00bb][et_pb_row_inner admin_label=\u00bbRow\u00bb _builder_version=\u00bb4.16&#8243; global_colors_info=\u00bb{}\u00bb][et_pb_column_inner saved_specialty_column_type=\u00bb3_4&#8243; _builder_version=\u00bb4.16&#8243; custom_padding=\u00bb|||\u00bb global_colors_info=\u00bb{}\u00bb custom_padding__hover=\u00bb|||\u00bb][et_pb_text _builder_version=\u00bb4.20.4&#8243; global_colors_info=\u00bb{}\u00bb]<\/p>\n<p>Estimados estudiantes, amigos de AIMS y p\u00fablico en general,<\/p>\n<p>Me siento honrado y agradecido a la Fundaci\u00f3n AIMS por seguir confiando en m\u00ed como Co-Director Art\u00edstico de la Academia de Viento. Un rol que acept\u00e9 hace a\u00f1os con la esperanza de ayudar a toda la comunidad AIMS &#8211; estudiantes, profesionales, p\u00fablico &#8211; a disfrutar de una experiencia musical y humana, aut\u00e9ntica e inspiradora.<\/p>\n<p>Hacer m\u00fasica es un trabajo de equipo, y en el AIMS contamos con una organizaci\u00f3n que facilita el d\u00eda a d\u00eda tanto de los estudiantes como del sensacional claustro de artistas invitados. Como resultado, venir a AIMS es una experiencia \u00fanica: con 24 a\u00f1os de historia, el Festival cuenta con un p\u00fablico entusiasta que apoya a nuestros m\u00fasicos en todos los conciertos programados, tanto en Solsona como en toda la hermosa comarca y sus alrededores.<\/p>\n<p>Para los m\u00fasicos, el verano es una \u00e9poca de intercambio y apertura. AIMS os invita a estudiar al m\u00e1s alto nivel posible y a vivir vuestra principal pasi\u00f3n en un ambiente relajado y verdaderamente internacional.<\/p>\n<p>Os animo a uniros a nosotros en 2026 y espero que las clases, los ensayos, los conciertos y los momentos compartidos sean inolvidables. No quiero que nadie pierda esta oportunidad: las plazas son limitadas y el tiempo vuela. Inscr\u00edbete, env\u00edanos una buena grabaci\u00f3n\u2026 \u00a1Y aseg\u00farate ya tu plaza en AIMS!<\/p>\n<p>\u00a1Hasta pronto! \u00a1Nos vemos en Solsona!<\/p>\n<p><img loading=\"lazy\" decoding=\"async\" class=\"wp-image-10696  alignright\" src=\"https:\/\/aims.cat\/wp-content\/uploads\/2020\/11\/Unbenannt-297x300.jpg\" alt=\"\" width=\"194\" height=\"196\" \/><\/p>\n<p><img loading=\"lazy\" decoding=\"async\" class=\"wp-image-10732 size-medium aligncenter\" src=\"https:\/\/aims.cat\/wp-content\/uploads\/2020\/11\/firma_JLE-2-300x88.png\" alt=\"\" width=\"300\" height=\"88\" \/><\/p>\n<p style=\"text-align: center;\">Jos\u00e9 Luis Estell\u00e9s<br \/>Co-director Art\u00edstico de la AIMS Academia de Vientos<\/p>\n<hr \/>\n<p>&nbsp;<\/p>\n<p>[\/et_pb_text][\/et_pb_column_inner][\/et_pb_row_inner][et_pb_row_inner column_structure=\u00bb1_2,1_2&#8243; padding_mobile=\u00bboff\u00bb column_padding_mobile=\u00bbon\u00bb admin_label=\u00bbRow\u00bb _builder_version=\u00bb4.16&#8243; global_colors_info=\u00bb{}\u00bb][et_pb_column_inner type=\u00bb1_2&#8243; saved_specialty_column_type=\u00bb3_4&#8243; _builder_version=\u00bb4.16&#8243; custom_padding=\u00bb|||\u00bb global_colors_info=\u00bb{}\u00bb custom_padding__hover=\u00bb|||\u00bb][et_pb_testimonial author=\u00bbEkaterina Manafova \u00bb job_title=\u00bbalumna de viola \u00bb company_name=\u00bbUniversit\u00e4t der K\u00fcnste (Berlin)\u00bb _builder_version=\u00bb4.16&#8243; global_colors_info=\u00bb{}\u00bb]<\/p>\n<p style=\"margin: 0cm; margin-bottom: .0001pt;\">AIMS es como una gran familia de m\u00fasicos. Es muy intenso, con mucha diversi\u00f3n y posibilidades de presentarte. Una vez llegas, quieres volver cada verano.<\/p>\n<p>[\/et_pb_testimonial][\/et_pb_column_inner][et_pb_column_inner type=\u00bb1_2&#8243; saved_specialty_column_type=\u00bb3_4&#8243; _builder_version=\u00bb4.16&#8243; custom_padding=\u00bb|||\u00bb global_colors_info=\u00bb{}\u00bb custom_padding__hover=\u00bb|||\u00bb][et_pb_testimonial author=\u00bbAnna Litvinenko\u00bb job_title=\u00bbalumna de violoncelo \u00bb company_name=\u00bbThe Juilliard School (Nueva York)\u00bb _builder_version=\u00bb4.16&#8243; global_colors_info=\u00bb{}\u00bb]<\/p>\n<p>Unos de los d\u00edas m\u00e1s intensos, ocupados y superdivertidos con el mejor grupo de chicos y profesores. No lo puedo recomendar lo suficiente porque me ha fascinado.<\/p>\n<p>[\/et_pb_testimonial][\/et_pb_column_inner][\/et_pb_row_inner][\/et_pb_column][\/et_pb_section]<\/p>\n","protected":false},"excerpt":{"rendered":"<p>Estimados estudiantes, amigos de AIMS y p\u00fablico en general, Me siento honrado y agradecido a la Fundaci\u00f3n AIMS por seguir confiando en m\u00ed como Co-Director Art\u00edstico de la Academia de [&hellip;]<\/p>\n","protected":false},"author":2,"featured_media":0,"parent":0,"menu_order":0,"comment_status":"closed","ping_status":"closed","template":"","meta":{"_acf_changed":false,"_et_pb_use_builder":"on","_et_pb_old_content":"<p>welcome<\/p>","_et_gb_content_width":"","footnotes":"","_links_to":"","_links_to_target":""},"class_list":["post-4489","page","type-page","status-publish","hentry"],"acf":[],"_links":{"self":[{"href":"https:\/\/aims.cat\/es\/wp-json\/wp\/v2\/pages\/4489","targetHints":{"allow":["GET"]}}],"collection":[{"href":"https:\/\/aims.cat\/es\/wp-json\/wp\/v2\/pages"}],"about":[{"href":"https:\/\/aims.cat\/es\/wp-json\/wp\/v2\/types\/page"}],"author":[{"embeddable":true,"href":"https:\/\/aims.cat\/es\/wp-json\/wp\/v2\/users\/2"}],"replies":[{"embeddable":true,"href":"https:\/\/aims.cat\/es\/wp-json\/wp\/v2\/comments?post=4489"}],"version-history":[{"count":8,"href":"https:\/\/aims.cat\/es\/wp-json\/wp\/v2\/pages\/4489\/revisions"}],"predecessor-version":[{"id":17936,"href":"https:\/\/aims.cat\/es\/wp-json\/wp\/v2\/pages\/4489\/revisions\/17936"}],"wp:attachment":[{"href":"https:\/\/aims.cat\/es\/wp-json\/wp\/v2\/media?parent=4489"}],"curies":[{"name":"wp","href":"https:\/\/api.w.org\/{rel}","templated":true}]}}