{"id":4530,"date":"2017-11-03T10:45:31","date_gmt":"2017-11-03T10:45:31","guid":{"rendered":"https:\/\/aims.cat\/?page_id=4530"},"modified":"2025-11-15T19:19:55","modified_gmt":"2025-11-15T19:19:55","slug":"ayudas-economicas","status":"publish","type":"page","link":"https:\/\/aims.cat\/es\/aims-academia-de-viento\/ayudas-economicas\/","title":{"rendered":"Ayudas econ\u00f3micas"},"content":{"rendered":"<p>[et_pb_section fb_built=\u00bb1&#8243; admin_label=\u00bbsection\u00bb _builder_version=\u00bb4.16&#8243; global_colors_info=\u00bb{}\u00bb][et_pb_row column_structure=\u00bb1_4,3_4&#8243; admin_label=\u00bbrow\u00bb _builder_version=\u00bb4.16&#8243; background_size=\u00bbinitial\u00bb background_position=\u00bbtop_left\u00bb background_repeat=\u00bbrepeat\u00bb global_colors_info=\u00bb{}\u00bb][et_pb_column type=\u00bb1_4&#8243; _builder_version=\u00bb4.16&#8243; custom_padding=\u00bb|||\u00bb global_colors_info=\u00bb{}\u00bb custom_padding__hover=\u00bb|||\u00bb][et_pb_sidebar area=\u00bbet_pb_widget_area_6&#8243; show_border=\u00bboff\u00bb admin_label=\u00bbMENU\u00bb module_id=\u00bbAcademyMenu\u00bb _builder_version=\u00bb4.16&#8243; remove_border=\u00bboff\u00bb global_colors_info=\u00bb{}\u00bb][\/et_pb_sidebar][\/et_pb_column][et_pb_column type=\u00bb3_4&#8243; _builder_version=\u00bb4.16&#8243; custom_padding=\u00bb|||\u00bb global_colors_info=\u00bb{}\u00bb custom_padding__hover=\u00bb|||\u00bb][et_pb_text admin_label=\u00bbTexto\u00bb _builder_version=\u00bb4.19.0&#8243; background_size=\u00bbinitial\u00bb background_position=\u00bbtop_left\u00bb background_repeat=\u00bbrepeat\u00bb module_alignment=\u00bbleft\u00bb z_index_tablet=\u00bb500&#8243; text_text_shadow_horizontal_length_tablet=\u00bb0px\u00bb text_text_shadow_vertical_length_tablet=\u00bb0px\u00bb text_text_shadow_blur_strength_tablet=\u00bb1px\u00bb link_text_shadow_horizontal_length_tablet=\u00bb0px\u00bb link_text_shadow_vertical_length_tablet=\u00bb0px\u00bb link_text_shadow_blur_strength_tablet=\u00bb1px\u00bb ul_text_shadow_horizontal_length_tablet=\u00bb0px\u00bb ul_text_shadow_vertical_length_tablet=\u00bb0px\u00bb ul_text_shadow_blur_strength_tablet=\u00bb1px\u00bb ol_text_shadow_horizontal_length_tablet=\u00bb0px\u00bb ol_text_shadow_vertical_length_tablet=\u00bb0px\u00bb ol_text_shadow_blur_strength_tablet=\u00bb1px\u00bb quote_text_shadow_horizontal_length_tablet=\u00bb0px\u00bb quote_text_shadow_vertical_length_tablet=\u00bb0px\u00bb quote_text_shadow_blur_strength_tablet=\u00bb1px\u00bb header_text_shadow_horizontal_length_tablet=\u00bb0px\u00bb header_text_shadow_vertical_length_tablet=\u00bb0px\u00bb header_text_shadow_blur_strength_tablet=\u00bb1px\u00bb header_2_text_shadow_horizontal_length_tablet=\u00bb0px\u00bb header_2_text_shadow_vertical_length_tablet=\u00bb0px\u00bb header_2_text_shadow_blur_strength_tablet=\u00bb1px\u00bb header_3_text_shadow_horizontal_length_tablet=\u00bb0px\u00bb header_3_text_shadow_vertical_length_tablet=\u00bb0px\u00bb header_3_text_shadow_blur_strength_tablet=\u00bb1px\u00bb header_4_text_shadow_horizontal_length_tablet=\u00bb0px\u00bb header_4_text_shadow_vertical_length_tablet=\u00bb0px\u00bb header_4_text_shadow_blur_strength_tablet=\u00bb1px\u00bb header_5_text_shadow_horizontal_length_tablet=\u00bb0px\u00bb header_5_text_shadow_vertical_length_tablet=\u00bb0px\u00bb header_5_text_shadow_blur_strength_tablet=\u00bb1px\u00bb header_6_text_shadow_horizontal_length_tablet=\u00bb0px\u00bb header_6_text_shadow_vertical_length_tablet=\u00bb0px\u00bb header_6_text_shadow_blur_strength_tablet=\u00bb1px\u00bb box_shadow_horizontal_tablet=\u00bb0px\u00bb box_shadow_vertical_tablet=\u00bb0px\u00bb box_shadow_blur_tablet=\u00bb40px\u00bb box_shadow_spread_tablet=\u00bb0px\u00bb global_colors_info=\u00bb{}\u00bb]<\/p>\n<h4>Ayudas econ\u00f3micas<\/h4>\n<p style=\"text-align: justify;\"><span>Para la edici\u00f3n 2026 de la Academia de Cuerdas se ha establecido un fondo de becas destinado a apoyar a los estudiantes que lo necesiten. Lamentablemente, los recursos disponibles son muy limitados y no ser\u00e1 posible ofrecer ayudas econ\u00f3micas de gran cuant\u00eda. Aun as\u00ed, se anima a los interesados a presentar su solicitud.<\/span><\/p>\n<p style=\"text-align: justify;\"><span>Este fondo ha sido posible gracias a la colaboraci\u00f3n de <a href=\"https:\/\/aims.cat\/es\/aims-amigos-de-los-eeuu\/\">Friends of AIMS US Inc.<\/a> <\/span><span>y la Fundaci\u00f3n AIMS expresa su sincero agradecimiento por su generosidad y apoyo continuado.<\/span><\/p>\n<p><strong>Requerimientos b\u00e1sicos para solicitar la beca:<\/strong><\/p>\n<p>Para solicitar una ayuda de la AIMS Fundaci\u00f3n es necesario enviar el formulario de inscripci\u00f3n + un correo electr\u00f3nico a <u>info@aims.cat<\/u> con:<\/p>\n<ul>\n<li>Una carta breve de motivaci\u00f3n.<\/li>\n<li>Un v\u00eddeo de 10 minutos interpretando dos obras de tu elecci\u00f3n de diferentes per\u00edodos y estilos (enviar el archivo a trav\u00e9s de un enlace abierto de YouTube, Drive o similar).<\/li>\n<\/ul>\n<p>No debes enviar la cuota de inscripci\u00f3n de 140\u202f\u20ac hasta que exista la resoluci\u00f3n de la beca.\u00a0<\/p>\n<p>AIMS Fundaci\u00f3n se reserva el derecho de pedir informaci\u00f3n fiable sobre la situaci\u00f3n econ\u00f3mica familiar.<\/p>\n<p><strong>Fecha l\u00edmite de solicitud: 31 de marzo de 2026<\/strong><\/p>\n<p>[\/et_pb_text][\/et_pb_column][\/et_pb_row][\/et_pb_section]<\/p>\n","protected":false},"excerpt":{"rendered":"<p>Ayudas econ\u00f3micas Para la edici\u00f3n 2026 de la Academia de Cuerdas se ha establecido un fondo de becas destinado a apoyar a los estudiantes que lo necesiten. Lamentablemente, los recursos [&hellip;]<\/p>\n","protected":false},"author":2,"featured_media":0,"parent":4489,"menu_order":0,"comment_status":"closed","ping_status":"closed","template":"","meta":{"_acf_changed":false,"_et_pb_use_builder":"on","_et_pb_old_content":"","_et_gb_content_width":"","footnotes":"","_links_to":"","_links_to_target":""},"class_list":["post-4530","page","type-page","status-publish","hentry"],"acf":[],"_links":{"self":[{"href":"https:\/\/aims.cat\/es\/wp-json\/wp\/v2\/pages\/4530","targetHints":{"allow":["GET"]}}],"collection":[{"href":"https:\/\/aims.cat\/es\/wp-json\/wp\/v2\/pages"}],"about":[{"href":"https:\/\/aims.cat\/es\/wp-json\/wp\/v2\/types\/page"}],"author":[{"embeddable":true,"href":"https:\/\/aims.cat\/es\/wp-json\/wp\/v2\/users\/2"}],"replies":[{"embeddable":true,"href":"https:\/\/aims.cat\/es\/wp-json\/wp\/v2\/comments?post=4530"}],"version-history":[{"count":6,"href":"https:\/\/aims.cat\/es\/wp-json\/wp\/v2\/pages\/4530\/revisions"}],"predecessor-version":[{"id":17957,"href":"https:\/\/aims.cat\/es\/wp-json\/wp\/v2\/pages\/4530\/revisions\/17957"}],"up":[{"embeddable":true,"href":"https:\/\/aims.cat\/es\/wp-json\/wp\/v2\/pages\/4489"}],"wp:attachment":[{"href":"https:\/\/aims.cat\/es\/wp-json\/wp\/v2\/media?parent=4530"}],"curies":[{"name":"wp","href":"https:\/\/api.w.org\/{rel}","templated":true}]}}