{"id":5971,"date":"2018-03-05T18:10:44","date_gmt":"2018-03-05T18:10:44","guid":{"rendered":"https:\/\/aims.cat\/?page_id=5971"},"modified":"2025-11-11T10:45:32","modified_gmt":"2025-11-11T10:45:32","slug":"malgorzata","status":"publish","type":"page","link":"https:\/\/aims.cat\/es\/aims-academia\/profesorado\/malgorzata\/","title":{"rendered":"Ma\u0142gorzata Garstka"},"content":{"rendered":"<p>[et_pb_section fb_built=\u00bb1&#8243; custom_padding_last_edited=\u00bbon|desktop\u00bb _builder_version=\u00bb4.16&#8243; custom_padding_tablet=\u00bb50px|0|50px|0&#8243; custom_padding_phone=\u00bb\u00bb custom_css_main_element=\u00bbpadding-bottom:0px;\u00bb transparent_background=\u00bboff\u00bb padding_mobile=\u00bboff\u00bb global_colors_info=\u00bb{}\u00bb][et_pb_row _builder_version=\u00bb4.16&#8243; background_size=\u00bbinitial\u00bb background_position=\u00bbtop_left\u00bb background_repeat=\u00bbrepeat\u00bb global_colors_info=\u00bb{}\u00bb][et_pb_column type=\u00bb4_4&#8243; _builder_version=\u00bb4.16&#8243; custom_padding=\u00bb|||\u00bb global_colors_info=\u00bb{}\u00bb custom_padding__hover=\u00bb|||\u00bb][et_pb_post_title meta=\u00bboff\u00bb featured_image=\u00bboff\u00bb text_color=\u00bblight\u00bb text_background=\u00bbon\u00bb text_bg_color=\u00bb#222222&#8243; admin_label=\u00bbT\u00edtulo de publicaci\u00f3n\u00bb _builder_version=\u00bb4.16&#8243; title_font_size=\u00bb18px\u00bb title_all_caps=\u00bboff\u00bb background_color=\u00bbrgba(255,255,255,0)\u00bb parallax=\u00bbon\u00bb parallax_effect=\u00bbon\u00bb module_bg_color=\u00bbrgba(255,255,255,0)\u00bb global_colors_info=\u00bb{}\u00bb]<\/p>\n<p>\n&nbsp;<\/p>\n<p>[\/et_pb_post_title][\/et_pb_column][\/et_pb_row][\/et_pb_section][et_pb_section fb_built=\u00bb1&#8243; custom_padding_last_edited=\u00bbon|desktop\u00bb _builder_version=\u00bb4.16&#8243; custom_padding_tablet=\u00bb50px|0|50px|0&#8243; custom_padding_phone=\u00bb\u00bb custom_css_main_element=\u00bbpadding-top:0px;\u00bb transparent_background=\u00bboff\u00bb padding_mobile=\u00bboff\u00bb global_colors_info=\u00bb{}\u00bb][et_pb_row column_structure=\u00bb1_3,2_3&#8243; _builder_version=\u00bb4.16&#8243; background_size=\u00bbinitial\u00bb background_position=\u00bbtop_left\u00bb background_repeat=\u00bbrepeat\u00bb global_colors_info=\u00bb{}\u00bb][et_pb_column type=\u00bb1_3&#8243; _builder_version=\u00bb4.16&#8243; custom_padding=\u00bb|||\u00bb global_colors_info=\u00bb{}\u00bb custom_padding__hover=\u00bb|||\u00bb][et_pb_image src=\u00bbhttps:\/\/aims.cat\/wp-content\/uploads\/2023\/07\/Malgorzata-Garstka-2023-07.jpg\u00bb title_text=\u00bbMalgorzata-Garstka-2023-07&#8243; show_in_lightbox=\u00bbon\u00bb align_tablet=\u00bbcenter\u00bb align_phone=\u00bb\u00bb align_last_edited=\u00bbon|desktop\u00bb _builder_version=\u00bb4.20.4&#8243; always_center_on_mobile=\u00bbon\u00bb global_colors_info=\u00bb{}\u00bb]<\/p>\n<p>\n&nbsp;<\/p>\n<p>[\/et_pb_image][\/et_pb_column][et_pb_column type=\u00bb2_3&#8243; _builder_version=\u00bb4.16&#8243; custom_padding=\u00bb|||\u00bb global_colors_info=\u00bb{}\u00bb custom_padding__hover=\u00bb|||\u00bb][et_pb_text admin_label=\u00bbTexto\u00bb _builder_version=\u00bb4.16&#8243; background_size=\u00bbinitial\u00bb background_position=\u00bbtop_left\u00bb background_repeat=\u00bbrepeat\u00bb global_colors_info=\u00bb{}\u00bb]<\/p>\n<p data-start=\"1145\" data-end=\"1582\" style=\"text-align: justify;\">La pianista polaco-brit\u00e1nica Gosia (Ma\u0142gorzata) Garstka est\u00e1 especializada en el arte de la m\u00fasica de c\u00e1mara. Tras haber obtenido un m\u00e1ster con distinci\u00f3n en la Royal Academy of Music, fue nombrada Hodgson Fellow en dicha instituci\u00f3n durante dos a\u00f1os consecutivos. Esta beca evolucion\u00f3 hasta convertirse en su papel como acompa\u00f1ante residente en la Academia, colaborando estrechamente con el Departamento de Cuerda.<\/p>\n<p data-start=\"1584\" data-end=\"2231\" data-is-last-node=\"\" data-is-only-node=\"\" style=\"text-align: justify;\">Gosia ha actuado como solista y como m\u00fasica de c\u00e1mara en numerosos espacios prestigiosos del Reino Unido, entre ellos Wigmore Hall, Bridgewater Hall, St John\u2019s Smith Square y St Martin in the Fields. Ha obtenido primeros premios en diversos concursos de m\u00fasica solista y de c\u00e1mara, se convirti\u00f3 en Yeoman de la Musicians\u2019 Company con el Tr\u00edo Argenta, y fue invitada como pianista oficial en el Concurso Internacional Carl Nielsen (transmitido en todo el mundo por medici.tv). Tambi\u00e9n es invitada con regularidad a trabajar como acompa\u00f1ante en cursos internacionales de verano, y forma parte del AIMS desde 2018.<\/p>\n<p class=\"x_font8\">Para obtener m\u00e1s informaci\u00f3n, visite:\u00a0<a href=\"http:\/\/www.malgorzatagarstka.com\/\" target=\"_blank\" rel=\"noopener noreferrer\" data-auth=\"NotApplicable\" data-linkindex=\"0\">www.malgorzatagarstka.com<\/a><\/p>\n<p>&nbsp;<\/p>\n<p>[\/et_pb_text][\/et_pb_column][\/et_pb_row][\/et_pb_section]<\/p>\n","protected":false},"excerpt":{"rendered":"<p>&nbsp; &nbsp; La pianista polaco-brit\u00e1nica Gosia (Ma\u0142gorzata) Garstka est\u00e1 especializada en el arte de la m\u00fasica de c\u00e1mara. Tras haber obtenido un m\u00e1ster con distinci\u00f3n en la Royal Academy of [&hellip;]<\/p>\n","protected":false},"author":3,"featured_media":0,"parent":1464,"menu_order":0,"comment_status":"closed","ping_status":"closed","template":"","meta":{"_acf_changed":false,"_et_pb_use_builder":"on","_et_pb_old_content":"","_et_gb_content_width":"","footnotes":"","_links_to":"","_links_to_target":""},"class_list":["post-5971","page","type-page","status-publish","hentry"],"acf":[],"_links":{"self":[{"href":"https:\/\/aims.cat\/es\/wp-json\/wp\/v2\/pages\/5971","targetHints":{"allow":["GET"]}}],"collection":[{"href":"https:\/\/aims.cat\/es\/wp-json\/wp\/v2\/pages"}],"about":[{"href":"https:\/\/aims.cat\/es\/wp-json\/wp\/v2\/types\/page"}],"author":[{"embeddable":true,"href":"https:\/\/aims.cat\/es\/wp-json\/wp\/v2\/users\/3"}],"replies":[{"embeddable":true,"href":"https:\/\/aims.cat\/es\/wp-json\/wp\/v2\/comments?post=5971"}],"version-history":[{"count":4,"href":"https:\/\/aims.cat\/es\/wp-json\/wp\/v2\/pages\/5971\/revisions"}],"predecessor-version":[{"id":17897,"href":"https:\/\/aims.cat\/es\/wp-json\/wp\/v2\/pages\/5971\/revisions\/17897"}],"up":[{"embeddable":true,"href":"https:\/\/aims.cat\/es\/wp-json\/wp\/v2\/pages\/1464"}],"wp:attachment":[{"href":"https:\/\/aims.cat\/es\/wp-json\/wp\/v2\/media?parent=5971"}],"curies":[{"name":"wp","href":"https:\/\/api.w.org\/{rel}","templated":true}]}}