{"id":6604,"date":"2018-11-14T06:38:38","date_gmt":"2018-11-14T06:38:38","guid":{"rendered":"https:\/\/aims.cat\/?page_id=6604"},"modified":"2025-11-18T11:17:11","modified_gmt":"2025-11-18T11:17:11","slug":"aims-proyecto-orquestra","status":"publish","type":"page","link":"https:\/\/aims.cat\/es\/aims-proyecto-orquestra\/","title":{"rendered":"Orquesta del Festival"},"content":{"rendered":"<p>[et_pb_section fb_built=\u00bb1&#8243; custom_padding_last_edited=\u00bbon|desktop\u00bb _builder_version=\u00bb4.16&#8243; custom_padding_tablet=\u00bb50px|0|50px|0&#8243; custom_padding_phone=\u00bb\u00bb custom_css_main_element=\u00bbpadding-bottom:0px;\u00bb transparent_background=\u00bboff\u00bb padding_mobile=\u00bboff\u00bb global_colors_info=\u00bb{}\u00bb][et_pb_row _builder_version=\u00bb4.16&#8243; background_size=\u00bbinitial\u00bb background_position=\u00bbtop_left\u00bb background_repeat=\u00bbrepeat\u00bb global_colors_info=\u00bb{}\u00bb][et_pb_column type=\u00bb4_4&#8243; _builder_version=\u00bb4.16&#8243; custom_padding=\u00bb|||\u00bb global_colors_info=\u00bb{}\u00bb custom_padding__hover=\u00bb|||\u00bb][et_pb_text _builder_version=\u00bb4.27.0&#8243; _module_preset=\u00bbdefault\u00bb global_colors_info=\u00bb{}\u00bb]<\/p>\n<h2>ORQUESTA DEL FESTIVAL AIMS 2026<\/h2>\n<p>[\/et_pb_text][et_pb_text _builder_version=\u00bb4.20.4&#8243; vertical_offset_tablet=\u00bb0&#8243; horizontal_offset_tablet=\u00bb0&#8243; z_index_tablet=\u00bb500&#8243; text_text_shadow_horizontal_length_tablet=\u00bb0px\u00bb text_text_shadow_vertical_length_tablet=\u00bb0px\u00bb text_text_shadow_blur_strength_tablet=\u00bb1px\u00bb link_text_shadow_horizontal_length_tablet=\u00bb0px\u00bb link_text_shadow_vertical_length_tablet=\u00bb0px\u00bb link_text_shadow_blur_strength_tablet=\u00bb1px\u00bb ul_text_shadow_horizontal_length_tablet=\u00bb0px\u00bb ul_text_shadow_vertical_length_tablet=\u00bb0px\u00bb ul_text_shadow_blur_strength_tablet=\u00bb1px\u00bb ol_text_shadow_horizontal_length_tablet=\u00bb0px\u00bb ol_text_shadow_vertical_length_tablet=\u00bb0px\u00bb ol_text_shadow_blur_strength_tablet=\u00bb1px\u00bb quote_text_shadow_horizontal_length_tablet=\u00bb0px\u00bb quote_text_shadow_vertical_length_tablet=\u00bb0px\u00bb quote_text_shadow_blur_strength_tablet=\u00bb1px\u00bb header_text_shadow_horizontal_length_tablet=\u00bb0px\u00bb header_text_shadow_vertical_length_tablet=\u00bb0px\u00bb header_text_shadow_blur_strength_tablet=\u00bb1px\u00bb header_2_text_shadow_horizontal_length_tablet=\u00bb0px\u00bb header_2_text_shadow_vertical_length_tablet=\u00bb0px\u00bb header_2_text_shadow_blur_strength_tablet=\u00bb1px\u00bb header_3_text_shadow_horizontal_length_tablet=\u00bb0px\u00bb header_3_text_shadow_vertical_length_tablet=\u00bb0px\u00bb header_3_text_shadow_blur_strength_tablet=\u00bb1px\u00bb header_4_text_shadow_horizontal_length_tablet=\u00bb0px\u00bb header_4_text_shadow_vertical_length_tablet=\u00bb0px\u00bb header_4_text_shadow_blur_strength_tablet=\u00bb1px\u00bb header_5_text_shadow_horizontal_length_tablet=\u00bb0px\u00bb header_5_text_shadow_vertical_length_tablet=\u00bb0px\u00bb header_5_text_shadow_blur_strength_tablet=\u00bb1px\u00bb header_6_text_shadow_horizontal_length_tablet=\u00bb0px\u00bb header_6_text_shadow_vertical_length_tablet=\u00bb0px\u00bb header_6_text_shadow_blur_strength_tablet=\u00bb1px\u00bb box_shadow_horizontal_tablet=\u00bb0px\u00bb box_shadow_vertical_tablet=\u00bb0px\u00bb box_shadow_blur_tablet=\u00bb40px\u00bb box_shadow_spread_tablet=\u00bb0px\u00bb global_colors_info=\u00bb{}\u00bb]<\/p>\n<ul>\n<li>Lo m\u00e1s destacado del AIMS:<span style=\"font-size: 14px;\"> La Orquesta del Festival \u2014 tres d\u00edas de intenso trabajo que culminar\u00e1n con un concierto el \u00faltimo d\u00eda.<\/span><\/li>\n<li>\n<p data-start=\"0\" data-end=\"345\">Ensayos parciales de cuerda durante la Academia de Cuerda, ensayos parciales de viento el 12 de agosto y ensayos tutti el 13 y 14 de agosto.<\/p>\n<\/li>\n<li>\n<p data-start=\"0\" data-end=\"345\">El concierto tendr\u00e1 lugar la noche del 14 de agosto.<\/p>\n<\/li>\n<li>El repertorio constar\u00e1 de la <em>Sinfon\u00eda n.\u00ba 5, op. 67<\/em>, de Ludwig van Beethoven.<\/li>\n<li>Josep Castanyer<span style=\"font-size: 14px;\"> dirigir\u00e1 la <\/span>Orquesta del Festival AIMS 2026<span style=\"font-size: 14px;\">.<\/span><\/li>\n<\/ul>\n<p><strong>Selecci\u00f3n de int\u00e9rpretes de cuerda:<\/strong><\/p>\n<ul>\n<li>El profesorado y la direcci\u00f3n de la Academia de Cuerdas realizar\u00e1n una selecci\u00f3n del alumnado.<\/li>\n<li>La participaci\u00f3n en el proyecto de la orquesta es obligatoria para el alumnado seleccionado, excepto si existe un motivo justificado.<\/li>\n<li>Precio: incluido en el precio total de la Academia de Cuerdas.<\/li>\n<\/ul>\n<p><strong>Selecci\u00f3n de int\u00e9rpretes de viento:<\/strong><\/p>\n<ul>\n<li>El profesorado y la direcci\u00f3n de la Academia de Vientos realizar\u00e1n una selecci\u00f3n del alumnado.<\/li>\n<li>La participaci\u00f3n en el proyecto de la orquesta es obligatoria para el alumnado seleccionado, excepto si existe un motivo justificado.<\/li>\n<li>La llegada ser\u00e1 antes del inicio de la Academia de Vientos, el<strong> martes 11 de agosto de 2026, antes las 18 h<\/strong>.<\/li>\n<li>Precio: no hay costes adicionales. Las personas seleccionadas para participar en la Orquesta tendr\u00e1n acceso a nocturnidad y servicio de desayuno del 11 al 15 de agosto (ambos incluidos) y a los almuerzos del 12 al 15 de agosto (ambos d\u00edas incluidos).<\/li>\n<\/ul>\n<p>[\/et_pb_text][\/et_pb_column][\/et_pb_row][\/et_pb_section][et_pb_section fb_built=\u00bb1&#8243; custom_padding_last_edited=\u00bbon|desktop\u00bb _builder_version=\u00bb4.16&#8243; custom_padding_tablet=\u00bb50px|0|50px|0&#8243; custom_padding_phone=\u00bb\u00bb custom_css_main_element=\u00bbpadding-top:0px;\u00bb transparent_background=\u00bboff\u00bb padding_mobile=\u00bboff\u00bb global_colors_info=\u00bb{}\u00bb][et_pb_row _builder_version=\u00bb4.16&#8243; background_size=\u00bbinitial\u00bb background_position=\u00bbtop_left\u00bb background_repeat=\u00bbrepeat\u00bb global_colors_info=\u00bb{}\u00bb][et_pb_column type=\u00bb4_4&#8243; _builder_version=\u00bb4.16&#8243; _module_preset=\u00bbdefault\u00bb global_colors_info=\u00bb{}\u00bb][et_pb_text _builder_version=\u00bb4.27.0&#8243; _module_preset=\u00bbdefault\u00bb text_text_color=\u00bb#FFFFFF\u00bb text_font_size=\u00bb19px\u00bb background_color=\u00bb#000000&#8243; border_width_all=\u00bb10px\u00bb border_color_all=\u00bb#000000&#8243; locked=\u00bboff\u00bb global_colors_info=\u00bb{}\u00bb]<\/p>\n<p><strong>\u00a0 <span style=\"color: #ffffff;\">\u00a0Josep Castanyer<\/span><\/strong><\/p>\n<p>[\/et_pb_text][\/et_pb_column][\/et_pb_row][et_pb_row column_structure=\u00bb1_2,1_2&#8243; _builder_version=\u00bb4.27.0&#8243; _module_preset=\u00bbdefault\u00bb global_colors_info=\u00bb{}\u00bb][et_pb_column type=\u00bb1_2&#8243; _builder_version=\u00bb4.27.0&#8243; _module_preset=\u00bbdefault\u00bb global_colors_info=\u00bb{}\u00bb][et_pb_image src=\u00bbhttps:\/\/aims.cat\/wp-content\/uploads\/2025\/11\/josep-castanyer-e1762280492552.jpg\u00bb title_text=\u00bbjosep castanyer\u00bb _builder_version=\u00bb4.27.0&#8243; _module_preset=\u00bbdefault\u00bb width=\u00bb105.3%\u00bb custom_margin=\u00bb|-43px||||\u00bb custom_padding=\u00bb|0px||||\u00bb locked=\u00bboff\u00bb global_colors_info=\u00bb{}\u00bb][\/et_pb_image][\/et_pb_column][et_pb_column type=\u00bb1_2&#8243; _builder_version=\u00bb4.27.0&#8243; _module_preset=\u00bbdefault\u00bb global_colors_info=\u00bb{}\u00bb][et_pb_text _builder_version=\u00bb4.27.0&#8243; _module_preset=\u00bbdefault\u00bb locked=\u00bboff\u00bb global_colors_info=\u00bb{}\u00bb]<\/p>\n<h2>Director<\/h2>\n<p>[\/et_pb_text][et_pb_text _builder_version=\u00bb4.27.0&#8243; _module_preset=\u00bbdefault\u00bb custom_padding=\u00bb||0px|||\u00bb hover_enabled=\u00bb0&#8243; locked=\u00bboff\u00bb global_colors_info=\u00bb{}\u00bb sticky_enabled=\u00bb0&#8243;]<\/p>\n<div data-olk-copy-source=\"MessageBody\" style=\"text-align: justify;\">Josep Castanyer Alonso, nacido en Barcelona en 1997, es miembro de la secci\u00f3n de violonchelos de la Orquesta Filarm\u00f3nica Real de Estocolmo desde 2019. Inici\u00f3 sus estudios en la Hochschule f\u00fcr Musik und Tanz de Colonia, Alemania, a los 16 a\u00f1os con la profesora Maria Kliegel, y posteriormente complet\u00f3 un m\u00e1ster en interpretaci\u00f3n de cuarteto de cuerda con el profesor G\u00fcnter Pichler, del Cuarteto Alban Berg, en la Escuela Superior de M\u00fasica Reina Sof\u00eda de Madrid. Josep tiene un t\u00edtulo en direcci\u00f3n orquestal del Royal College of Music de Estocolmo y, paralelamente, tambi\u00e9n ha estudiado composici\u00f3n.<\/div>\n<div style=\"text-align: justify;\"><\/div>\n<div style=\"text-align: justify;\">Adem\u00e1s de su actividad como director, Josep ha escrito obras para conjuntos como los 12 Violonchelistas de la Filarm\u00f3nica de Berl\u00edn, y varios de sus arreglos para piano \u2014interpretados y grabados por \u00e9l mismo\u2014 han alcanzado una gran difusi\u00f3n en l\u00ednea y en los medios, con lanzamientos discogr\u00e1ficos bajo el sello Sony Music Entertainment.<\/div>\n<div style=\"text-align: justify;\"><\/div>\n<div style=\"text-align: justify;\">Ha participado en festivales como el Festival de Verbier, Suiza, y ha trabajado con mentores como Andr\u00e1s Schiff, Lynn Harrell y G\u00e1bor Tak\u00e1cs-Nagy. Ha tocado y realizado giras con orquestas como la Orquesta Sinf\u00f3nica de la Radio Sueca, la \u00d3pera Real Sueca y la Orquesta Sinf\u00f3nica de Trondheim, tanto como violonchelista principal como de tutti.<\/div>\n<div style=\"text-align: justify;\"><\/div>\n<div style=\"text-align: justify;\">Josep particip\u00f3 como alumno en distintas ediciones de AIMS a lo largo de su formaci\u00f3n e incluso estren\u00f3 una obra propia durante el Festival AIMS 2012, una rapsodia para quinteto de cuerdas y piano que interpretaron los profesores de la academia.<\/div>\n<div style=\"text-align: justify;\"><\/div>\n<p>[\/et_pb_text][\/et_pb_column][\/et_pb_row][\/et_pb_section]<\/p>\n","protected":false},"excerpt":{"rendered":"<p>ORQUESTA DEL FESTIVAL AIMS 2026 Lo m\u00e1s destacado del AIMS: La Orquesta del Festival \u2014 tres d\u00edas de intenso trabajo que culminar\u00e1n con un concierto el \u00faltimo d\u00eda. Ensayos parciales [&hellip;]<\/p>\n","protected":false},"author":2,"featured_media":0,"parent":0,"menu_order":0,"comment_status":"closed","ping_status":"closed","template":"","meta":{"_acf_changed":false,"_et_pb_use_builder":"on","_et_pb_old_content":"<p>welcome<\/p>","_et_gb_content_width":"","footnotes":"","_links_to":"","_links_to_target":""},"class_list":["post-6604","page","type-page","status-publish","hentry"],"acf":[],"_links":{"self":[{"href":"https:\/\/aims.cat\/es\/wp-json\/wp\/v2\/pages\/6604","targetHints":{"allow":["GET"]}}],"collection":[{"href":"https:\/\/aims.cat\/es\/wp-json\/wp\/v2\/pages"}],"about":[{"href":"https:\/\/aims.cat\/es\/wp-json\/wp\/v2\/types\/page"}],"author":[{"embeddable":true,"href":"https:\/\/aims.cat\/es\/wp-json\/wp\/v2\/users\/2"}],"replies":[{"embeddable":true,"href":"https:\/\/aims.cat\/es\/wp-json\/wp\/v2\/comments?post=6604"}],"version-history":[{"count":24,"href":"https:\/\/aims.cat\/es\/wp-json\/wp\/v2\/pages\/6604\/revisions"}],"predecessor-version":[{"id":18137,"href":"https:\/\/aims.cat\/es\/wp-json\/wp\/v2\/pages\/6604\/revisions\/18137"}],"wp:attachment":[{"href":"https:\/\/aims.cat\/es\/wp-json\/wp\/v2\/media?parent=6604"}],"curies":[{"name":"wp","href":"https:\/\/api.w.org\/{rel}","templated":true}]}}