{"id":8449,"date":"2019-11-20T08:51:31","date_gmt":"2019-11-20T08:51:31","guid":{"rendered":"https:\/\/aims.cat\/?page_id=8449"},"modified":"2025-11-15T20:24:43","modified_gmt":"2025-11-15T20:24:43","slug":"aims-faqs","status":"publish","type":"page","link":"https:\/\/aims.cat\/es\/aims-academia\/aims-faqs\/","title":{"rendered":"FAQs"},"content":{"rendered":"<p>[et_pb_section fb_built=\u00bb1&#8243; admin_label=\u00bbsection\u00bb _builder_version=\u00bb4.16&#8243; global_colors_info=\u00bb{}\u00bb][et_pb_row column_structure=\u00bb1_4,3_4&#8243; admin_label=\u00bbrow\u00bb _builder_version=\u00bb4.16&#8243; background_size=\u00bbinitial\u00bb background_position=\u00bbtop_left\u00bb background_repeat=\u00bbrepeat\u00bb global_colors_info=\u00bb{}\u00bb][et_pb_column type=\u00bb1_4&#8243; _builder_version=\u00bb4.16&#8243; custom_padding=\u00bb|||\u00bb global_colors_info=\u00bb{}\u00bb custom_padding__hover=\u00bb|||\u00bb][et_pb_sidebar area=\u00bbet_pb_widget_area_3&#8243; admin_label=\u00bbMENU\u00bb module_id=\u00bbAcademyMenu\u00bb _builder_version=\u00bb4.16&#8243; z_index_tablet=\u00bb500&#8243; header_text_shadow_horizontal_length_tablet=\u00bb0px\u00bb header_text_shadow_vertical_length_tablet=\u00bb0px\u00bb header_text_shadow_blur_strength_tablet=\u00bb1px\u00bb body_text_shadow_horizontal_length_tablet=\u00bb0px\u00bb body_text_shadow_vertical_length_tablet=\u00bb0px\u00bb body_text_shadow_blur_strength_tablet=\u00bb1px\u00bb box_shadow_horizontal_tablet=\u00bb0px\u00bb box_shadow_vertical_tablet=\u00bb0px\u00bb box_shadow_blur_tablet=\u00bb40px\u00bb box_shadow_spread_tablet=\u00bb0px\u00bb text_shadow_horizontal_length_tablet=\u00bb0px\u00bb text_shadow_vertical_length_tablet=\u00bb0px\u00bb text_shadow_blur_strength_tablet=\u00bb1px\u00bb remove_border=\u00bboff\u00bb global_colors_info=\u00bb{}\u00bb][\/et_pb_sidebar][\/et_pb_column][et_pb_column type=\u00bb3_4&#8243; _builder_version=\u00bb4.16&#8243; custom_padding=\u00bb|||\u00bb global_colors_info=\u00bb{}\u00bb custom_padding__hover=\u00bb|||\u00bb][et_pb_post_title meta=\u00bboff\u00bb featured_image=\u00bboff\u00bb text_color=\u00bblight\u00bb text_background=\u00bbon\u00bb text_bg_color=\u00bb#222222&#8243; admin_label=\u00bbT\u00edtulo de publicaci\u00f3n\u00bb _builder_version=\u00bb4.16&#8243; title_font_size=\u00bb18px\u00bb title_all_caps=\u00bboff\u00bb background_color=\u00bbrgba(255,255,255,0)\u00bb parallax=\u00bbon\u00bb parallax_effect=\u00bbon\u00bb module_bg_color=\u00bbrgba(255,255,255,0)\u00bb use_border_color=\u00bboff\u00bb border_color=\u00bb#ffffff\u00bb border_style=\u00bbsolid\u00bb global_colors_info=\u00bb{}\u00bb][\/et_pb_post_title][et_pb_accordion open_toggle_text_color=\u00bb#e02b20&#8243; _builder_version=\u00bb4.27.0&#8243; toggle_text_color=\u00bb#e02b20&#8243; hover_enabled=\u00bb0&#8243; global_colors_info=\u00bb{}\u00bb sticky_enabled=\u00bb0&#8243;][et_pb_accordion_item title=\u00bbREGISTRO, POL\u00cdTICA DE PRECIOS E IMPORTES\u00bb open=\u00bbon\u00bb _builder_version=\u00bb4.27.0&#8243; hover_enabled=\u00bb0&#8243; global_colors_info=\u00bb{}\u00bb sticky_enabled=\u00bb0&#8243;]<\/p>\n<p><strong>\u00bfC\u00f3mo me registro?<br \/><\/strong>Los estudiantes deben completar el formulario de inscripci\u00f3n y enviar una tasa de inscripci\u00f3n de 220 \u20ac.<br \/>No se puede reservar una plaza hasta que hayamos recibido el importe de inscripci\u00f3n.<\/p>\n<p><strong>\u00bfQu\u00e9 incluye el importe de 940 \u20ac ?<br \/><\/strong><\/p>\n<ul>\n<li>El importe de inscripci\u00f3n<\/li>\n<li>Un m\u00ednimo de cuatro clases privadas con un profesor seleccionado<\/li>\n<li>Acceso como oyente a las clases de todos los profesores<\/li>\n<li>Participaci\u00f3n en la orquesta (alumnos seleccionados)<\/li>\n<li>Ensayos con los pianistas acompa\u00f1antes<\/li>\n<li>10 pernoctas (alojamiento y desayuno) del 5 al 15 de agosto por la ma\u00f1ana en el Seminario Diocesano de Solsona o similar.<\/li>\n<li>9 comidas (del 6 al 14 de agosto, ambos inclusive).<\/li>\n<li>Entradas para todos los conciertos del Festival AIMS seg\u00fan aforo.<\/li>\n<li>Transporte gratuito hasta ciertos conciertos fuera de Solsona.<\/li>\n<\/ul>\n<p>Los menores solo podr\u00e1n desplazarse siempre que puedan ir acompa\u00f1ados de nuestros monitores.<\/p>\n<p>Los estudiantes saldr\u00e1n de la Academia el 15 de agosto por la ma\u00f1ana.<\/p>\n<p><strong>\u00bfQu\u00e9 no incluye la tarifa de 940 \u20ac?<br \/><\/strong>No incluye las cenas. AIMS no ofrece cenas porque normalmente tenemos planeados conciertos y viajes. Las excursiones, conciertos y cenas son oportunidades para que los estudiantes se re\u00fanan y se conozcan.<br \/>Tampoco incluye m\u00fasica de c\u00e1mara con grupo asignado y profesor (la inscripci\u00f3n a m\u00fasica de c\u00e1mara cuesta 50\u202f\u20ac extra).<\/p>\n<p><strong>\u00bfSi no he escogido la opci\u00f3n extra de m\u00fasica de c\u00e1mara, no podr\u00e9 tocar en grupo?<br \/><\/strong>S\u00ed que podr\u00e1s tener un grupo y trabajar la m\u00fasica de c\u00e1mara durante AIMS, pero la organizaci\u00f3n no ser\u00e1 responsable de crear el grupo, encontrar repertorio, conseguir una aula para ensayar, una planificaci\u00f3n de ensayos, un profesor responsable de grupo ni te asegura la posibilidad de actuar en conciertos.<\/p>\n<p><strong>\u00bfCu\u00e1l es la pol\u00edtica de cancelaci\u00f3n?<\/strong><br \/>AIMS devolver\u00e1 el importe en caso de cancelaci\u00f3n por enfermedad, motivos personales importantes o en casos de fuerza mayor. Los 220\u20ac de cuota de inscripci\u00f3n solo ser\u00e1n devueltos si no se ha aceptado tu solicitud a la Academia.<\/p>\n<p><strong>\u00bfEl dep\u00f3sito de 220 \u20ac se aplica al precio del curso o es solo para la solicitud?<\/strong><br \/>Se debe realizar un dep\u00f3sito de 220 \u20ac en el momento de la solicitud para reservar plaza. Este dep\u00f3sito es parte del precio total de 940\u202f\u20ac.<\/p>\n<p><strong>\u00bfQui\u00e9n paga las comisiones bancarias?<\/strong><br \/>En algunos casos, los bancos cobrar\u00e1n comisiones de transmisi\u00f3n a nuestra cuenta. AIMS no asumir\u00e1 gastos bancarios. Cualquier cargo por comisi\u00f3n bancaria o importe de transacci\u00f3n es responsabilidad del remitente.<\/p>\n<p><strong>\u00bfHay lista de espera?<\/strong><br \/>S\u00ed, se le puede agregar a una lista de espera si la clase del profesor que solicita ya est\u00e1 llena. A veces tenemos cancelaciones. Los estudiantes que est\u00e1n en listas de espera ser\u00e1n notificados si hay un lugar disponible.<\/p>\n<p>[\/et_pb_accordion_item][et_pb_accordion_item title=\u00bbRESTRICCI\u00d3N DE EDAD Y MENORES\u00bb _builder_version=\u00bb4.27.0&#8243; global_colors_info=\u00bb{}\u00bb open=\u00bboff\u00bb]<\/p>\n<p><strong>\u00bfHay alguna restricci\u00f3n de edad?<br \/><\/strong>AIMS da la bienvenida a personas de todas las edades. Los padres o tutores legales deber\u00e1n enviar una autorizaci\u00f3n de consentimiento y certificados m\u00e9dicos.<\/p>\n<p>[\/et_pb_accordion_item][et_pb_accordion_item title=\u00bbAYUDAS ECON\u00d3MICAS\u00bb _builder_version=\u00bb4.27.0&#8243; hover_enabled=\u00bb0&#8243; global_colors_info=\u00bb{}\u00bb open=\u00bboff\u00bb sticky_enabled=\u00bb0&#8243;]<\/p>\n<p><strong>\u00bfC\u00f3mo se eval\u00faa qui\u00e9n es elegible para una ayuda financiera?<br \/><\/strong>AIMS 2026 ofrece apoyo a trav\u00e9s de la Fundaci\u00f3n AIMS y Friends of AIMS (becas totales o parciales).<\/p>\n<p>La ayuda depender\u00e1 de:<\/p>\n<ul>\n<li>Recursos disponibles de la Fundaci\u00f3n<\/li>\n<li>Resultados de la evaluaci\u00f3n del video por parte del profesor<\/li>\n<li>Necesidades econ\u00f3micas objetivas de cada solicitante, como su situaci\u00f3n econ\u00f3mica familiar, gastos de viaje, etc.<\/li>\n<\/ul>\n<p><strong>\u00bfNecesito enviar los 220 \u20ac si solicito una beca\/ayuda econ\u00f3mica?<br \/><\/strong>Aquellos de vosotros que solicit\u00e9is beca \/ ayuda econ\u00f3mica no es necesario que envi\u00e9is el importe de 220 \u20ac.<\/p>\n<p>[\/et_pb_accordion_item][et_pb_accordion_item title=\u00bbREPERTORIO Y CLASES\u00bb _builder_version=\u00bb4.27.0&#8243; hover_enabled=\u00bb0&#8243; global_colors_info=\u00bb{}\u00bb open=\u00bboff\u00bb sticky_enabled=\u00bb0&#8243;]<\/p>\n<p><strong>\u00bfExiste una m\u00fasica o un repertorio espec\u00edfico para la audici\u00f3n?<\/strong><br \/>No. Los estudiantes son libres de elegir sus propios repertorios.<\/p>\n<p><strong>\u00bfCu\u00e1ndo tengo que confirmar mi repertorio?<\/strong><br \/>Antes del 15 de julio de 2026. Esto dar\u00e1 tiempo a nuestros pianistas acompa\u00f1antes para preparar sus repertorios.<\/p>\n<p><strong>\u00bfLas clases instrumentales son privadas?<\/strong><br \/>En AIMS, todas las lecciones instrumentales se imparten de forma individual \u00abuno a uno\u00bb. Adem\u00e1s, cualquier estudiante de AIMS es libre de asistir a la lecci\u00f3n de cualquier profesor como oyente.<\/p>\n<p><strong>\u00bfPuedo pedir hacer una clase extra con el profesor?<\/strong><br \/>S\u00ed, unque depende de la disponibilidad del profesor y deber\u00e1s comunic\u00e1rnoslo en el momento de tu inscripci\u00f3n. El coste para una clase extra con el profesor ser\u00e1 de 65\u202f\u20ac. Deber\u00e1s abonar el importe junto con el segundo pago que hagas.<\/p>\n<p>[\/et_pb_accordion_item][et_pb_accordion_item title=\u00bbINSTRUMENTOS\u00bb _builder_version=\u00bb4.27.0&#8243; global_colors_info=\u00bb{}\u00bb open=\u00bboff\u00bb]<\/p>\n<p><strong>\u00bfAIMS proporciona alg\u00fan instrumento?<\/strong><br \/>AIMS puede proporcionar contrabajos simples y algunos violonchelos a aquellos estudiantes cuyos viajes les dificulta llevar sus instrumentos. Cualquier solicitud de instrumentos debe hacerse con suficiente antelaci\u00f3n por correo electr\u00f3nico.<\/p>\n<p>AIMS no proporciona ninguna cobertura de seguro para los instrumentos y no se har\u00e1 responsable en caso de da\u00f1o o robo. Debes consultar con tu seguro (o de tus padres) o del propietario para asegurarte de que tu instrumento est\u00e9 completamente cubierto.<\/p>\n<p><strong>\u00bfC\u00f3mo puedo transportar \/ mover instrumentos pesados como el contrabajo?<\/strong><br \/>Los instrumentos pesados se transportar\u00e1n en coche durante el festival y la academia.<\/p>\n<p>[\/et_pb_accordion_item][et_pb_accordion_item title=\u00bbGRUPOS DE M\u00daSICA DE C\u00c1MARA\u00bb _builder_version=\u00bb4.27.0&#8243; hover_enabled=\u00bb0&#8243; global_colors_info=\u00bb{}\u00bb open=\u00bboff\u00bb sticky_enabled=\u00bb0&#8243;]<\/p>\n<p><strong>\u00bfTengo que tocar en conjuntos de c\u00e1mara?<\/strong><br \/>Se formar\u00e1n grupos de c\u00e1mara para aquellos que lo hayan pedido en el momento de enviar el formulario de inscripci\u00f3n. Los grupos (y profesor asignado) se notificar\u00e1n por correo electr\u00f3nico antes del 20 de julio.<\/p>\n<p><strong>\u00bfTengo que traer partituras y atril?<\/strong><br \/>Los estudiantes deben traer sus propias partituras (y partes de piano) impresas y sus propios atriles para practicar en sus aulas de estudio. AIMS no se hace responsable de proveer atriles para la pr\u00e1ctica de los estudiantes.<\/p>\n<p><strong>\u00bfSi no me he inscrito al extra de m\u00fasica de c\u00e1mara, podr\u00e9 hacer m\u00fasica en grupo?<\/strong><br \/>S\u00ed, pero la organizaci\u00f3n no ser\u00e1 responsable de encontrar grupo, ni buscar profesor, ni aula para estudiar.<\/p>\n<p>[\/et_pb_accordion_item][et_pb_accordion_item title=\u00bbALOJAMIENTO\u00bb _builder_version=\u00bb4.27.0&#8243; hover_enabled=\u00bb0&#8243; global_colors_info=\u00bb{}\u00bb open=\u00bboff\u00bb sticky_enabled=\u00bb0&#8243;]<\/p>\n<p>Los alumnos del curso se alojar\u00e1n en el edificio del Seminario de la Di\u00f3cesis de Solsona.<\/p>\n<p style=\"padding-left: 30px;\">SEMINARI DE SOLSONA<br \/>Calle Pujada del Seminari, 15-16<br \/>25280 Solsona (Lleida)<br \/>Espa\u00f1a<\/p>\n<p><strong>\u00bfC\u00f3mo son las habitaciones del Seminari?<br \/><\/strong>Las habitaciones del Seminari son dobles, b\u00e1sicas y funcionales.<br \/>Hay dos camas individuales y un ba\u00f1o en cada habitaci\u00f3n.<\/p>\n<p><strong>\u00bfHay ropa de cama y toallas en el Seminari?<br \/><\/strong>Si<\/p>\n<p><strong>\u00bfHay Wifi en el Seminari?<br \/><\/strong>Si<\/p>\n<p><strong>\u00bfTengo que quedarme en el Seminari?<br \/><\/strong>No es obligatorio, pero preferimos que lo hagas para estar con el resto de los alumnos.<\/p>\n<p><strong>\u00bfHay alojamiento para los padres acompa\u00f1antes?<br \/><\/strong>Si. Los padres pueden alojarse en:<\/p>\n<ul>\n<li>Hotel Sant Roc (donde se alojan los profesores de AIMS)<br \/><a href=\"http:\/\/www.hotelsantroc.com\">http:\/\/www.hotelsantroc.com<\/a><\/li>\n<li>Hotel Solsona Center<br \/><a href=\"http:\/\/www.hotelsolsonacentre.com.es\/\">http:\/\/www.hotelsolsonacentre.com.es\/<\/a><\/li>\n<li>Hotel La Freixera<br \/><a href=\"http:\/\/www.lafreixera.com\/\">http:\/\/www.lafreixera.com\/<\/a><\/li>\n<li>Hotel Gran Sol<br \/><a href=\"http:\/\/hotelgransolsolsona.com\/\">http:\/\/hotelgransolsolsona.com\/<\/a><\/li>\n<li>En alojamientos familiares. Hay familias en Solsona que te recibir\u00edan, de forma gratuita, para un intercambio de idiomas<\/li>\n<\/ul>\n<p><strong>\u00bfPodemos alquilar un coche en Solsona?<br \/><\/strong>S\u00ed, solo hay un lugar en Solsona para alquilar un coche (garaje Citro\u00ebn). Comun\u00edquese con AIMS si necesita ayuda para hacer una reserva.<\/p>\n<p>[\/et_pb_accordion_item][et_pb_accordion_item title=\u00bbHORARIOS DE ESTUDIO\u00bb _builder_version=\u00bb4.27.0&#8243; hover_enabled=\u00bb0&#8243; global_colors_info=\u00bb{}\u00bb open=\u00bboff\u00bb sticky_enabled=\u00bb0&#8243;]<\/p>\n<p><strong>\u00bfCu\u00e1les son los horarios posibles de estudio individual?<\/strong><\/p>\n<p>Pronto informaremos de los horarios de estudio de la Academia 2026. Hasta entonces, pueden consultar los de la Academia 2025:<\/p>\n<ul>\n<li>Seminario: de 9:00 a 14:00 y de 16:00 a 21:00<\/li>\n<li>Escuela de m\u00fasica: de 8:30 a 14:00 y de 15:00 a 21:00<\/li>\n<\/ul>\n<p>Desde las 21:00 hasta las 9:00, hay que estar muy callado en el Seminario. Estamos compartiendo el espacio con otras personas que no son de AIMS, por lo que debemos asegurarnos de llevarnos bien.<\/p>\n<p>[\/et_pb_accordion_item][et_pb_accordion_item title=\u00bbALMUERZO\u00bb _builder_version=\u00bb4.27.0&#8243; hover_enabled=\u00bb0&#8243; global_colors_info=\u00bb{}\u00bb open=\u00bboff\u00bb sticky_enabled=\u00bb0&#8243;]<\/p>\n<p><strong>\u00bfD\u00f3nde almuerzan los estudiantes?<\/strong><br \/>Todos los alumnos y profesores almuerzan en un restaurante en el centro de Solsona.<\/p>\n<p><strong>\u00bfPuedo almorzar en cualquier otro lugar?<\/strong><br \/>El almuerzo es una buena oportunidad para reunirse con estudiantes de todo el mundo y para que los organizadores de AIMS expliquen las actividades diarias, los horarios, la log\u00edstica, organizaci\u00f3n de repertorio de conciertos, etc. Sin embargo, aunque es poco recomendable, los estudiantes son libres de almorzar en otro lugar por su cuenta si lo desean.<\/p>\n<p>[\/et_pb_accordion_item][et_pb_accordion_item title=\u00bbSOLSONA\u00bb _builder_version=\u00bb4.27.0&#8243; global_colors_info=\u00bb{}\u00bb open=\u00bboff\u00bb]<\/p>\n<p><strong>\u00bfHay lavander\u00eda?<br \/><\/strong>Hay algunas lavander\u00edas en Solsona.<\/p>\n<p><strong>\u00bfEs una ciudad segura, Solsona?<br \/><\/strong>Solsona es una ciudad muy peque\u00f1a y muy segura. Se puede llegar f\u00e1cilmente a pie a todas las actividades y lugares.<\/p>\n<p><strong>\u00bfQu\u00e9 tiempo hace en Solsona?<br \/><\/strong>La temperatura en Solsona suele ser alta en agosto alcanzando los 25 a 30 grados cent\u00edgrados. Trae tu ropa de verano, pero tambi\u00e9n ropa de algo m\u00e1s de abrigo porque las temperaturas pueden bajar por las tardes o despu\u00e9s de las tormentas. Si te gusta nadar, \u00a1trae tu ba\u00f1ador!<\/p>\n<p>[\/et_pb_accordion_item][et_pb_accordion_item title=\u00bbQU\u00c9 HAY QUE TRAER\u00bb _builder_version=\u00bb4.27.0&#8243; global_colors_info=\u00bb{}\u00bb open=\u00bboff\u00bb]<\/p>\n<p>\u2713 Formulario de autorizaci\u00f3n de menores si a\u00fan no nos lo ha enviado.<br \/>\u2713 Tarjeta de seguro m\u00e9dico. AIMS tiene un seguro de responsabilidad civil que cubre a todos los participantes; sin embargo, todos los estudiantes deben tener un seguro m\u00e9dico para cubrir cualquier enfermedad o accidente.<\/p>\n<p>\u2713 Debes traer tu propio atril, AIMS solo proveer\u00e1 atriles para los conciertos y clases individuales, NO para la pr\u00e1ctica de los estudiantes o para la m\u00fasica de c\u00e1mara.<\/p>\n<p>\u2713 Debes traer tus partituras ya impresas.<\/p>\n<p><strong>\u00bfCu\u00e1l es el atuendo de concierto para las actuaciones?<br \/><\/strong>\u2014 Pantal\u00f3n \/ vestido \/ falda y blusa negros<br \/>\u2014 Pantal\u00f3n, camisa y zapatos negros<\/p>\n<p>[\/et_pb_accordion_item][et_pb_accordion_item title=\u00bbVIAJAR HACIA Y DESDE SOLSONA\u00bb _builder_version=\u00bb4.27.0&#8243; hover_enabled=\u00bb0&#8243; global_colors_info=\u00bb{}\u00bb open=\u00bboff\u00bb sticky_enabled=\u00bb0&#8243;]<\/p>\n<p><strong>\u00bfC\u00f3mo puedo llegar a Solsona?<br \/><\/strong>A Solsona se accede por carretera. Est\u00e1 a tan solo una hora y media de Barcelona en coche y un poco m\u00e1s de dos horas en autob\u00fas. Est\u00e1 a poco m\u00e1s de 100 km de Barcelona.<\/p>\n<p>Hay dos opciones para llegar a Solsona:<br \/>I. Taxi directo desde el aeropuerto<br \/>Si decides coger un taxi directo a Solsona, te costar\u00e1 unos 160 \u20ac que deber\u00e1s pagar directamente al conductor. Si lo deseas, estaremos encantados de enviarte un taxi desde Solsona para que te recoja en el aeropuerto.<\/p>\n<p>II. Autob\u00fas desde la terminal de autobuses Estaci\u00f3 del Nord<br \/>C\u00f3mo llegar desde el aeropuerto de Barcelona a la terminal de autobuses Estaci\u00f3 del Nord<br \/>a) en taxi<br \/>b) Aerobus + Metro<br \/>c) Bus 46 + Metro<br \/>d) Tren Renfe + Metro<br \/>e) Metro L9<\/p>\n<p>a) Taxi: Un taxi es la forma m\u00e1s f\u00e1cil y r\u00e1pida de llegar al centro de Barcelona desde el aeropuerto. Tarda unos 20-25 minutos. El precio oscila entre los 25 \u20ac y los 30 \u20ac (dependiendo del tr\u00e1fico). Dentro de la estaci\u00f3n compra tu billete a Solsona en la taquilla de ALSA Alsina Graells.<\/p>\n<p>b) Aerobus: Existe un autob\u00fas lanzadera Aerobus que va desde el Aeropuerto de Barcelona hasta el centro de la ciudad de Barcelona. Debes bajarte del autob\u00fas en la parada Pla\u00e7a Catalunya (que es donde termina el servicio). Desde all\u00ed, toma la l\u00ednea 1 del metro (L1) hasta Arc de Triomf.<\/p>\n<p>Baja en Arc de Triomf. Dependiendo de la salida que tomes, tendr\u00e1s que caminar a la derecha (con el Arc de Triomf a tus espaldas) para ver la estaci\u00f3n de autobuses (Estaci\u00f3 del Nord). Dentro de la estaci\u00f3n compra tu billete a Solsona en la taquilla de ALSA Alsina Graells.<\/p>\n<p>c) Autob\u00fas 46: Al llegar, sigue el s\u00edmbolo del autob\u00fas y las se\u00f1ales de conexi\u00f3n y baja un piso hasta la parada de autob\u00fas \u201cMetropolitans\u201d.<\/p>\n<p>Coge el autob\u00fas p\u00fablico n\u00ba 46 hasta Plaza Espa\u00f1a. El precio del billete sencillo es de 2 \u20ac que puedes comprar en el autob\u00fas. Este autob\u00fas sale cada 20 minutos y Plaza Espa\u00f1a es la \u00faltima parada. Para aquellos que lleguen a la Terminal 2 (T2), toma el autob\u00fas n\u00famero 46. El autob\u00fas n\u00famero 46 para frente a la T2.<\/p>\n<p>En Plaza Espa\u00f1a tienes que tomar la l\u00ednea 1 (L1) del Metro (metro) hasta Arc de Triomf. Baja en Arc de Triomf. Dependiendo de la salida que tomes, tendr\u00e1s que caminar una cuadra a la derecha (con el Arc de Triomf a tus espaldas) para ver la estaci\u00f3n de autobuses (Estaci\u00f3 del Nord). Dentro de la estaci\u00f3n compra tu billete a Solsona en la taquilla de ALSA Alsina Graells.<\/p>\n<p>d) Tren Renfe: El aeropuerto tambi\u00e9n cuenta con el tren de cercan\u00edas Rodalies. La l\u00ednea es R2 Nord y es operada por Renfe.<\/p>\n<p>La estaci\u00f3n de tren est\u00e1 ubicada cerca de la T2 frente a la T2B y est\u00e1 conectada a la terminal por una pasarela a\u00e9rea (entrada al comienzo de la T2B, justo antes de la T2A, en el primer piso). Desde la T1, deber\u00e1s tomar el autob\u00fas de enlace gratuito que conecta las 2 terminales. Es un viaje de 10 minutos.<\/p>\n<p>Para el centro de la ciudad se recomienda bajar en la estaci\u00f3n Passeig de Gr\u00e0cia. Desde all\u00ed, dir\u00edgete a Pla\u00e7a Catalunya para tomar la l\u00ednea 1 (L1) de Metro (metro) hasta Arc de Triomf.<\/p>\n<p>Baja en Arc de Triomf. Dependiendo de la salida que tomes, tendr\u00e1s que caminar a la derecha (con el Arc de Triomf a tus espaldas) para ver la estaci\u00f3n de autobuses (Estaci\u00f3 del Nord). Dentro de la estaci\u00f3n compra tu billete a Solsona en la taquilla de ALSA Alsina Graells.<\/p>\n<p>e) Metro: Toma la L9 Sud (l\u00ednea naranja) hasta la parada Torrasa y desde all\u00ed toma la l\u00ednea 1 (L1) del Metro (metro) hasta Arc de Triomf.<\/p>\n<p>Baja en Arc de Triomf. Dependiendo de la salida que tomes, tendr\u00e1s que caminar a la derecha (con el Arc de Triomf a tus espaldas) para ver la estaci\u00f3n de autobuses (Estaci\u00f3 Nord). Dentro de la estaci\u00f3n compra tu billete a Solsona en la taquilla de ALSA Alsina Graells.<\/p>\n<p>AIMS no proporciona un servicio de transporte para estudiantes o sus familias.<\/p>\n<p><strong>\u00bfCu\u00e1ndo puedo llegar a Solsona?<br \/>Debes llegar el 5 de agosto antes de las 18h.<br \/><\/strong>Si llegas unos d\u00edas antes o te quedas unos d\u00edas despu\u00e9s de la Academia, deber\u00e1s pagar tus noches adicionales. El precio por manutenci\u00f3n extra lo confirmaremos lo antes posible, mientras puedes ponerte en contacto con nosotros a trav\u00e9s de <a href=\"mailto:info@aims.cat\">info@aims.cat<\/a><\/p>\n<p>AIMS necesita estar informado sobre llegadas anticipadas y \/ o salidas tard\u00edas.<\/p>\n<p><strong>\u00bfA d\u00f3nde tengo que ir al llegar?<br \/><\/strong>Para aquellos de vosotros que llegu\u00e9is en autom\u00f3vil o transporte privado, deb\u00e9is ir al Seminari.<br \/>Los que llegu\u00e9is en autob\u00fas desde Barcelona el equipo de AIMS os recogeremos en la parada de autob\u00fas de Solsona para llevaros al Seminari.<\/p>\n<p><strong>\u00bfCu\u00e1ndo puedo salir de Solsona?<br \/><\/strong>El d\u00eda de salida es el 15 de agosto por la ma\u00f1ana.<\/p>\n<p><strong>\u00bfQu\u00e9 pasa si no puedo quedarme durante la durada del Festival?<br \/><\/strong>Preferimos que te quedes durante todo el festival, pero puede haber algunas excepciones con el acuerdo previo del director de AIMS.<\/p>\n<p>[\/et_pb_accordion_item][et_pb_accordion_item title=\u00bbCERTIFICADO DE PARTICIPACI\u00d3N\u00bb _builder_version=\u00bb4.27.0&#8243; global_colors_info=\u00bb{}\u00bb open=\u00bboff\u00bb]<\/p>\n<p><strong>\u00bfRecibimos un certificado de participaci\u00f3n?<\/strong><br \/>Los estudiantes recibir\u00e1n un certificado de la Universidad de Lleida durante los primeros quince d\u00edas de septiembre v\u00eda email.<\/p>\n<p>[\/et_pb_accordion_item][et_pb_accordion_item title=\u00bbSEGURO\u00bb _builder_version=\u00bb4.18.0&#8243; global_colors_info=\u00bb{}\u00bb open=\u00bboff\u00bb]<\/p>\n<p><strong>\u00bfNecesito un seguro privado?<br \/><\/strong>AIMS tiene un seguro de responsabilidad civil que cubre a todos los participantes. Sin embargo, todos los estudiantes deben tener un seguro m\u00e9dico para cubrir cualquier enfermedad o accidente.<\/p>\n<p><strong>\u00bfEs obligatorio traer mi tarjeta de seguro y la tarjeta de vacunaci\u00f3n?<br \/><\/strong>Aunque no es obligatorio, le sugerimos que lo haga. En caso de que necesite ir a un m\u00e9dico, cuanta m\u00e1s informaci\u00f3n proporcione, mejor.<\/p>\n<p>[\/et_pb_accordion_item][\/et_pb_accordion][\/et_pb_column][\/et_pb_row][\/et_pb_section]<\/p>\n","protected":false},"excerpt":{"rendered":"<p>\u00bfC\u00f3mo me registro?Los estudiantes deben completar el formulario de inscripci\u00f3n y enviar una tasa de inscripci\u00f3n de 220 \u20ac.No se puede reservar una plaza hasta que hayamos recibido el importe [&hellip;]<\/p>\n","protected":false},"author":3,"featured_media":0,"parent":1020,"menu_order":0,"comment_status":"closed","ping_status":"closed","template":"","meta":{"_acf_changed":false,"_et_pb_use_builder":"on","_et_pb_old_content":"","_et_gb_content_width":"","footnotes":"","_links_to":"","_links_to_target":""},"class_list":["post-8449","page","type-page","status-publish","hentry"],"acf":[],"_links":{"self":[{"href":"https:\/\/aims.cat\/es\/wp-json\/wp\/v2\/pages\/8449","targetHints":{"allow":["GET"]}}],"collection":[{"href":"https:\/\/aims.cat\/es\/wp-json\/wp\/v2\/pages"}],"about":[{"href":"https:\/\/aims.cat\/es\/wp-json\/wp\/v2\/types\/page"}],"author":[{"embeddable":true,"href":"https:\/\/aims.cat\/es\/wp-json\/wp\/v2\/users\/3"}],"replies":[{"embeddable":true,"href":"https:\/\/aims.cat\/es\/wp-json\/wp\/v2\/comments?post=8449"}],"version-history":[{"count":8,"href":"https:\/\/aims.cat\/es\/wp-json\/wp\/v2\/pages\/8449\/revisions"}],"predecessor-version":[{"id":17978,"href":"https:\/\/aims.cat\/es\/wp-json\/wp\/v2\/pages\/8449\/revisions\/17978"}],"up":[{"embeddable":true,"href":"https:\/\/aims.cat\/es\/wp-json\/wp\/v2\/pages\/1020"}],"wp:attachment":[{"href":"https:\/\/aims.cat\/es\/wp-json\/wp\/v2\/media?parent=8449"}],"curies":[{"name":"wp","href":"https:\/\/api.w.org\/{rel}","templated":true}]}}