{"id":961,"date":"2016-01-25T07:16:04","date_gmt":"2016-01-25T07:16:04","guid":{"rendered":"https:\/\/aims.cat\/es\/about\/"},"modified":"2022-11-15T10:12:05","modified_gmt":"2022-11-15T10:12:05","slug":"sobre","status":"publish","type":"page","link":"https:\/\/aims.cat\/es\/sobre\/","title":{"rendered":"Sobre la AIMS Fundaci\u00f3n"},"content":{"rendered":"<p>[et_pb_section fb_built=\u00bb1&#8243; admin_label=\u00bbsection\u00bb _builder_version=\u00bb4.16&#8243; global_colors_info=\u00bb{}\u00bb][et_pb_row column_structure=\u00bb1_4,3_4&#8243; admin_label=\u00bbrow\u00bb _builder_version=\u00bb4.16&#8243; background_size=\u00bbinitial\u00bb background_position=\u00bbtop_left\u00bb background_repeat=\u00bbrepeat\u00bb global_colors_info=\u00bb{}\u00bb][et_pb_column type=\u00bb1_4&#8243; _builder_version=\u00bb4.16&#8243; custom_padding=\u00bb|||\u00bb global_colors_info=\u00bb{}\u00bb custom_padding__hover=\u00bb|||\u00bb][et_pb_post_title meta=\u00bboff\u00bb featured_image=\u00bboff\u00bb text_color=\u00bblight\u00bb text_background=\u00bbon\u00bb text_bg_color=\u00bb#ea4951&#8243; admin_label=\u00bbT\u00edtulo de publicaci\u00f3n\u00bb _builder_version=\u00bb4.16&#8243; title_all_caps=\u00bboff\u00bb background_color=\u00bbrgba(255,255,255,0)\u00bb parallax=\u00bbon\u00bb parallax_method=\u00bboff\u00bb parallax_effect=\u00bbon\u00bb module_bg_color=\u00bbrgba(255,255,255,0)\u00bb use_border_color=\u00bboff\u00bb border_color=\u00bb#ffffff\u00bb border_style=\u00bbsolid\u00bb global_colors_info=\u00bb{}\u00bb][\/et_pb_post_title][et_pb_sidebar area=\u00bbet_pb_widget_area_2&#8243; admin_label=\u00bbMENU\u00bb module_id=\u00bbSectionMenu\u00bb module_class=\u00bbHideLessThan981&#8243; _builder_version=\u00bb4.16&#8243; remove_border=\u00bboff\u00bb global_colors_info=\u00bb{}\u00bb][\/et_pb_sidebar][\/et_pb_column][et_pb_column type=\u00bb3_4&#8243; _builder_version=\u00bb4.16&#8243; custom_padding=\u00bb|||\u00bb global_colors_info=\u00bb{}\u00bb custom_padding__hover=\u00bb|||\u00bb][et_pb_text admin_label=\u00bbTexto\u00bb _builder_version=\u00bb4.19.0&#8243; background_size=\u00bbinitial\u00bb background_position=\u00bbtop_left\u00bb background_repeat=\u00bbrepeat\u00bb module_alignment=\u00bbleft\u00bb hover_enabled=\u00bb0&#8243; z_index_tablet=\u00bb500&#8243; text_text_shadow_horizontal_length_tablet=\u00bb0px\u00bb text_text_shadow_vertical_length_tablet=\u00bb0px\u00bb text_text_shadow_blur_strength_tablet=\u00bb1px\u00bb link_text_shadow_horizontal_length_tablet=\u00bb0px\u00bb link_text_shadow_vertical_length_tablet=\u00bb0px\u00bb link_text_shadow_blur_strength_tablet=\u00bb1px\u00bb ul_text_shadow_horizontal_length_tablet=\u00bb0px\u00bb ul_text_shadow_vertical_length_tablet=\u00bb0px\u00bb ul_text_shadow_blur_strength_tablet=\u00bb1px\u00bb ol_text_shadow_horizontal_length_tablet=\u00bb0px\u00bb ol_text_shadow_vertical_length_tablet=\u00bb0px\u00bb ol_text_shadow_blur_strength_tablet=\u00bb1px\u00bb quote_text_shadow_horizontal_length_tablet=\u00bb0px\u00bb quote_text_shadow_vertical_length_tablet=\u00bb0px\u00bb quote_text_shadow_blur_strength_tablet=\u00bb1px\u00bb header_text_shadow_horizontal_length_tablet=\u00bb0px\u00bb header_text_shadow_vertical_length_tablet=\u00bb0px\u00bb header_text_shadow_blur_strength_tablet=\u00bb1px\u00bb header_2_text_shadow_horizontal_length_tablet=\u00bb0px\u00bb header_2_text_shadow_vertical_length_tablet=\u00bb0px\u00bb header_2_text_shadow_blur_strength_tablet=\u00bb1px\u00bb header_3_text_shadow_horizontal_length_tablet=\u00bb0px\u00bb header_3_text_shadow_vertical_length_tablet=\u00bb0px\u00bb header_3_text_shadow_blur_strength_tablet=\u00bb1px\u00bb header_4_text_shadow_horizontal_length_tablet=\u00bb0px\u00bb header_4_text_shadow_vertical_length_tablet=\u00bb0px\u00bb header_4_text_shadow_blur_strength_tablet=\u00bb1px\u00bb header_5_text_shadow_horizontal_length_tablet=\u00bb0px\u00bb header_5_text_shadow_vertical_length_tablet=\u00bb0px\u00bb header_5_text_shadow_blur_strength_tablet=\u00bb1px\u00bb header_6_text_shadow_horizontal_length_tablet=\u00bb0px\u00bb header_6_text_shadow_vertical_length_tablet=\u00bb0px\u00bb header_6_text_shadow_blur_strength_tablet=\u00bb1px\u00bb box_shadow_horizontal_tablet=\u00bb0px\u00bb box_shadow_vertical_tablet=\u00bb0px\u00bb box_shadow_blur_tablet=\u00bb40px\u00bb box_shadow_spread_tablet=\u00bb0px\u00bb global_colors_info=\u00bb{}\u00bb sticky_enabled=\u00bb0&#8243;]<\/p>\n<p><img loading=\"lazy\" decoding=\"async\" class=\"wp-image-8174  alignleft\" src=\"https:\/\/aims.cat\/wp-content\/uploads\/2019\/11\/Peter_Thiemann-1-150x150.jpg\" alt=\"\" width=\"178\" height=\"178\" \/><strong>Bienvenidos al AIMS!\u00a0<\/strong><\/p>\n<p>AIMS significa \u00abAcademia Internacional de M\u00fasica de Solsona\u00bb. La AIMS lleva en activo ya m\u00e1s de 20 a\u00f1os, ofreciendo tres programas: AIMS Academia, AIMS Festival y AIMS Social. La AIMS Fundaci\u00f3n se estableci\u00f3 en 2015 a fin de expandir estos programas y a\u00f1adir otros nuevos.<\/p>\n<p>La AIMS Fundaci\u00f3n opera en el campo de la m\u00fasica cl\u00e1sica y la educaci\u00f3n, ofreciendo actividades que tienen como objetivo servir como enlaces entre la m\u00fasica y la sociedad. Se esfuerza para fomentar la interacci\u00f3n entre los m\u00fasicos j\u00f3venes de cualquier nacionalidad, introduciendo actividades que exploren la sinergia entre la tecnolog\u00eda moderna y la m\u00fasica, y actividades orientadas a j\u00f3venes talentos, especialmente a aquellos cuyo origen o posibilidades econ\u00f3micas puedan limitar el adecuado desarrollo para acceder al mundo profesional.<\/p>\n<p><strong>AIMS Academia<\/strong> invita a j\u00f3venes estudiantes de m\u00fasica con talento de todo el mundo, y ofrece clases individuales y grupales con reconocidos profesores de m\u00fasica procedentes de instituciones de gran renombre. El programa proporciona una extensa formaci\u00f3n y orientaci\u00f3n a los j\u00f3venes, especialmente a aquellos que tienen pocas oportunidades.<\/p>\n<p><strong>AIMS Festival<\/strong> ofrece la posibilidad que los estudiantes puedan manifestar su talento y sus habilidades reci\u00e9n aprendidas ante un p\u00fablico local, en lugares hist\u00f3ricos, iglesias y pueblos. Los conciertos en el festival son la culminaci\u00f3n del aprendizaje realizado y la orientaci\u00f3n recibida que finalmente conectan a los estudiantes y maestros con el p\u00fablico.<\/p>\n<p><strong>AIMS Social<\/strong> lleva a cabo actividades sociales que vinculan la m\u00fasica con la sociedad. El programa transfiere actuaciones de m\u00fasica en vivo a aquellos colectivos que no pueden asistir a los conciertos, desde centros m\u00e9dicos, residencias y hogares de ancianos, hasta centros de discapacitados.<\/p>\n<p><strong>AIMS Tutor\u00eda y Apadrinamiento<\/strong>.\u00a0Este programa ofrece tutor\u00eda y orientaci\u00f3n a j\u00f3venes talentos y, en especial, a los que tienen pocas oportunidades para la formaci\u00f3n profesional.<\/p>\n<p><img loading=\"lazy\" decoding=\"async\" class=\"wp-image-9639  aligncenter\" src=\"https:\/\/aims.cat\/wp-content\/uploads\/2020\/07\/Signature-Peter-Thiemann-300x150.png\" alt=\"\" width=\"210\" height=\"105\" \/><\/p>\n<p style=\"text-align: center;\"><strong>Peter Thiemann<\/strong><br \/>Presidente de la AIMS Fundaci\u00f3n<\/p>\n<p>[\/et_pb_text][\/et_pb_column][\/et_pb_row][\/et_pb_section]<\/p>\n","protected":false},"excerpt":{"rendered":"<p>Bienvenidos al AIMS!\u00a0 AIMS significa \u00abAcademia Internacional de M\u00fasica de Solsona\u00bb. La AIMS lleva en activo ya m\u00e1s de 20 a\u00f1os, ofreciendo tres programas: AIMS Academia, AIMS Festival y AIMS [&hellip;]<\/p>\n","protected":false},"author":2,"featured_media":0,"parent":0,"menu_order":0,"comment_status":"closed","ping_status":"closed","template":"","meta":{"_acf_changed":false,"_et_pb_use_builder":"on","_et_pb_old_content":"<p>AIMS stands for Academia Internacional de M\u00fasica de Solsona.\u00a0 AIMS has been operating near Barcelona, Spainfor 14 years, running three programs: AIMS Academy, AIMS Festival, and AIMS Social.\u00a0 The AIMS Foundation has recently been established to expand on these existing programs and to add new ones.<\/p><p>The AIMS Foundation operates in the field of classical music and education, providing activities which aim to serve as links between music and society. It strives to foster interaction between young musicians from any nation, introducing activities which explore the synergy between modern technology and music, and activities of comprehensive mentoring and guidance to young talents especially for those whose origin or economic possibilities limit a proper development of their professional training.<\/p><p>Naturally, creating great music starts by nurturing young musicians.<\/p><p>The AIMS Academy invites and brings talented young music students together from around the world, and provides private and group mentoring with highly renowned music professors from well-known institutions.\u00a0 This program provides comprehensive mentoring and guidance to young talents especially to those with limited opportunity for professional training.<\/p><p>The AIMS Festival provides an opportunity for students to express their talents and newly learned skills in front of local audiences, in historic locations and churches and towns.\u00a0 The performances at the music festival are the culmination of tutoring and mentoring that finally connects the students and teachers to the audience.<\/p><p>AIMS Social carries out social activities that link music with society.\u00a0 The program brings live music performances to those who cannot come to classical concerts: to medical centers, senior living facilities, and homes for the elderly and the disabled.<\/p><p>AIMS Music and Technology explores the synergy between modern technology and music.\u00a0 We seek to understand (or determine?) the critical needs and preferences of professional and amateur musicians. Then we adopt or develop technical solutions that aid music performances, teaching and learning.<\/p>","_et_gb_content_width":"","footnotes":"","_links_to":"","_links_to_target":""},"class_list":["post-961","page","type-page","status-publish","hentry"],"acf":[],"_links":{"self":[{"href":"https:\/\/aims.cat\/es\/wp-json\/wp\/v2\/pages\/961","targetHints":{"allow":["GET"]}}],"collection":[{"href":"https:\/\/aims.cat\/es\/wp-json\/wp\/v2\/pages"}],"about":[{"href":"https:\/\/aims.cat\/es\/wp-json\/wp\/v2\/types\/page"}],"author":[{"embeddable":true,"href":"https:\/\/aims.cat\/es\/wp-json\/wp\/v2\/users\/2"}],"replies":[{"embeddable":true,"href":"https:\/\/aims.cat\/es\/wp-json\/wp\/v2\/comments?post=961"}],"version-history":[{"count":2,"href":"https:\/\/aims.cat\/es\/wp-json\/wp\/v2\/pages\/961\/revisions"}],"predecessor-version":[{"id":14834,"href":"https:\/\/aims.cat\/es\/wp-json\/wp\/v2\/pages\/961\/revisions\/14834"}],"wp:attachment":[{"href":"https:\/\/aims.cat\/es\/wp-json\/wp\/v2\/media?parent=961"}],"curies":[{"name":"wp","href":"https:\/\/api.w.org\/{rel}","templated":true}]}}