{"id":968,"date":"2016-01-25T07:16:42","date_gmt":"2016-01-25T07:16:42","guid":{"rendered":"https:\/\/aims.cat\/es\/our-approach\/"},"modified":"2016-02-22T06:45:45","modified_gmt":"2016-02-22T06:45:45","slug":"enfoque","status":"publish","type":"page","link":"https:\/\/aims.cat\/es\/enfoque\/","title":{"rendered":"Enfoque"},"content":{"rendered":"<p>[et_pb_section admin_label=\u00bbsection\u00bb][et_pb_row admin_label=\u00bbrow\u00bb][et_pb_column type=\u00bb1_4&#8243;][et_pb_post_title admin_label=\u00bbT\u00edtulo de publicaci\u00f3n\u00bb title=\u00bbon\u00bb meta=\u00bboff\u00bb author=\u00bbon\u00bb date=\u00bbon\u00bb categories=\u00bbon\u00bb comments=\u00bbon\u00bb featured_image=\u00bboff\u00bb featured_placement=\u00bbbelow\u00bb parallax_effect=\u00bbon\u00bb parallax_method=\u00bbon\u00bb text_orientation=\u00bbleft\u00bb text_color=\u00bblight\u00bb text_background=\u00bbon\u00bb text_bg_color=\u00bb#ea4951&#8243; module_bg_color=\u00bbrgba(255,255,255,0)\u00bb title_all_caps=\u00bboff\u00bb meta_font_size=\u00bb14&#8243; use_border_color=\u00bboff\u00bb border_color=\u00bb#ffffff\u00bb border_style=\u00bbsolid\u00bb] [\/et_pb_post_title][et_pb_sidebar admin_label=\u00bbMENU\u00bb orientation=\u00bbleft\u00bb area=\u00bbet_pb_widget_area_2&#8243; background_layout=\u00bblight\u00bb remove_border=\u00bboff\u00bb header_font_size=\u00bb18&#8243; body_font_size=\u00bb14&#8243; module_class=\u00bbHideLessThan981&#8243; module_id=\u00bbSectionMenu\u00bb] [\/et_pb_sidebar][\/et_pb_column][et_pb_column type=\u00bb3_4&#8243;][et_pb_text admin_label=\u00bbTexto\u00bb background_layout=\u00bblight\u00bb text_orientation=\u00bbleft\u00bb use_border_color=\u00bboff\u00bb border_color=\u00bb#ffffff\u00bb border_style=\u00bbsolid\u00bb]<\/p>\n<p>Como fundadores de la AIMS Fundaci\u00f3n, estamos convencidos de la necesidad de lograr un beneficio social a trav\u00e9s de la educaci\u00f3n musical y con la aportaci\u00f3n de nuestro trabajo. Este es nuestro compromiso inherente y actuamos como organizaci\u00f3n independiente sin \u00e1nimo de lucro.<\/p>\n<p>Nuestro compromiso como fundaci\u00f3n es a largo plazo: un compromiso activo, internacional, transparente y basado en la colaboraci\u00f3n.<\/p>\n<p>[\/et_pb_text][\/et_pb_column][\/et_pb_row][\/et_pb_section]<\/p>\n","protected":false},"excerpt":{"rendered":"<p>Como fundadores de la AIMS Fundaci\u00f3n, estamos convencidos de la necesidad de lograr un beneficio social a trav\u00e9s de la educaci\u00f3n musical y con la aportaci\u00f3n de nuestro trabajo. Este [&hellip;]<\/p>\n","protected":false},"author":2,"featured_media":0,"parent":0,"menu_order":0,"comment_status":"closed","ping_status":"closed","template":"","meta":{"_acf_changed":false,"_et_pb_use_builder":"on","_et_pb_old_content":"","_et_gb_content_width":"","footnotes":"","_links_to":"","_links_to_target":""},"class_list":["post-968","page","type-page","status-publish","hentry"],"acf":[],"_links":{"self":[{"href":"https:\/\/aims.cat\/es\/wp-json\/wp\/v2\/pages\/968","targetHints":{"allow":["GET"]}}],"collection":[{"href":"https:\/\/aims.cat\/es\/wp-json\/wp\/v2\/pages"}],"about":[{"href":"https:\/\/aims.cat\/es\/wp-json\/wp\/v2\/types\/page"}],"author":[{"embeddable":true,"href":"https:\/\/aims.cat\/es\/wp-json\/wp\/v2\/users\/2"}],"replies":[{"embeddable":true,"href":"https:\/\/aims.cat\/es\/wp-json\/wp\/v2\/comments?post=968"}],"version-history":[{"count":0,"href":"https:\/\/aims.cat\/es\/wp-json\/wp\/v2\/pages\/968\/revisions"}],"wp:attachment":[{"href":"https:\/\/aims.cat\/es\/wp-json\/wp\/v2\/media?parent=968"}],"curies":[{"name":"wp","href":"https:\/\/api.w.org\/{rel}","templated":true}]}}