{"id":977,"date":"2016-01-25T07:17:17","date_gmt":"2016-01-25T07:17:17","guid":{"rendered":"https:\/\/aims.cat\/es\/partners\/"},"modified":"2025-07-30T17:59:32","modified_gmt":"2025-07-30T17:59:32","slug":"colaboradores","status":"publish","type":"page","link":"https:\/\/aims.cat\/es\/colaboradores\/","title":{"rendered":"Colaboradores"},"content":{"rendered":"<p>[et_pb_section fb_built=\u00bb1&#8243; _builder_version=\u00bb4.16&#8243; global_colors_info=\u00bb{}\u00bb][et_pb_row column_structure=\u00bb1_4,1_4,1_4,1_4&#8243; _builder_version=\u00bb4.16&#8243; background_size=\u00bbinitial\u00bb background_position=\u00bbtop_left\u00bb background_repeat=\u00bbrepeat\u00bb global_colors_info=\u00bb{}\u00bb][et_pb_column type=\u00bb1_4&#8243; _builder_version=\u00bb4.16&#8243; custom_padding=\u00bb|||\u00bb global_colors_info=\u00bb{}\u00bb custom_padding__hover=\u00bb|||\u00bb][et_pb_post_title meta=\u00bboff\u00bb featured_image=\u00bboff\u00bb text_color=\u00bblight\u00bb text_background=\u00bbon\u00bb text_bg_color=\u00bb#ea4951&#8243; admin_label=\u00bbT\u00edtulo de publicaci\u00f3n\u00bb _builder_version=\u00bb4.27.0&#8243; title_all_caps=\u00bboff\u00bb background_color=\u00bbrgba(255,255,255,0)\u00bb parallax=\u00bbon\u00bb parallax_effect=\u00bbon\u00bb module_bg_color=\u00bbrgba(255,255,255,0)\u00bb use_border_color=\u00bboff\u00bb border_color=\u00bb#ffffff\u00bb border_style=\u00bbsolid\u00bb global_colors_info=\u00bb{}\u00bb][\/et_pb_post_title][et_pb_sidebar area=\u00bbet_pb_widget_area_2&#8243; admin_label=\u00bbMENU\u00bb module_id=\u00bbSectionMenu\u00bb module_class=\u00bbHideLessThan981&#8243; _builder_version=\u00bb4.27.0&#8243; vertical_offset_tablet=\u00bb0&#8243; horizontal_offset_tablet=\u00bb0&#8243; z_index_tablet=\u00bb0&#8243; header_text_shadow_horizontal_length_tablet=\u00bb0px\u00bb header_text_shadow_vertical_length_tablet=\u00bb0px\u00bb header_text_shadow_blur_strength_tablet=\u00bb1px\u00bb body_text_shadow_horizontal_length_tablet=\u00bb0px\u00bb body_text_shadow_vertical_length_tablet=\u00bb0px\u00bb body_text_shadow_blur_strength_tablet=\u00bb1px\u00bb box_shadow_horizontal_tablet=\u00bb0px\u00bb box_shadow_vertical_tablet=\u00bb0px\u00bb box_shadow_blur_tablet=\u00bb40px\u00bb box_shadow_spread_tablet=\u00bb0px\u00bb text_shadow_horizontal_length_tablet=\u00bb0px\u00bb text_shadow_vertical_length_tablet=\u00bb0px\u00bb text_shadow_blur_strength_tablet=\u00bb1px\u00bb global_colors_info=\u00bb{}\u00bb][\/et_pb_sidebar][\/et_pb_column][et_pb_column type=\u00bb1_4&#8243; _builder_version=\u00bb4.16&#8243; custom_padding=\u00bb|||\u00bb global_colors_info=\u00bb{}\u00bb custom_padding__hover=\u00bb|||\u00bb][et_pb_text _builder_version=\u00bb4.27.0&#8243; _module_preset=\u00bbdefault\u00bb global_colors_info=\u00bb{}\u00bb]<\/p>\n<p><img loading=\"lazy\" decoding=\"async\" class=\"wp-image-3575 alignnone \" src=\"https:\/\/aims.cat\/wp-content\/uploads\/2017\/04\/partner-ajsolsona.jpg\" alt=\"\" width=\"308\" height=\"179\" srcset=\"https:\/\/aims.cat\/wp-content\/uploads\/2017\/04\/partner-ajsolsona.jpg 336w, https:\/\/aims.cat\/wp-content\/uploads\/2017\/04\/partner-ajsolsona-300x174.jpg 300w\" sizes=\"(max-width: 308px) 100vw, 308px\" \/><\/p>\n<p>[\/et_pb_text][et_pb_text _builder_version=\u00bb4.19.0&#8243; _module_preset=\u00bbdefault\u00bb global_colors_info=\u00bb{}\u00bb]<\/p>\n<p><img loading=\"lazy\" decoding=\"async\" class=\"wp-image-14151 alignnone \" src=\"https:\/\/aims.cat\/wp-content\/uploads\/2020\/02\/Generalitat_de_Catalunya_-_Departament_de_Cultura.jpg\" alt=\"\" width=\"404\" height=\"135\" \/><\/p>\n<p>[\/et_pb_text][et_pb_text _builder_version=\u00bb4.19.0&#8243; _module_preset=\u00bbdefault\u00bb global_colors_info=\u00bb{}\u00bb]<\/p>\n<p><img loading=\"lazy\" decoding=\"async\" class=\"wp-image-3584 alignnone \" src=\"https:\/\/aims.cat\/wp-content\/uploads\/2017\/04\/partner-friendsofaims.jpg\" alt=\"\" width=\"382\" height=\"149\" srcset=\"https:\/\/aims.cat\/wp-content\/uploads\/2017\/04\/partner-friendsofaims.jpg 500w, https:\/\/aims.cat\/wp-content\/uploads\/2017\/04\/partner-friendsofaims-300x117.jpg 300w\" sizes=\"(max-width: 382px) 100vw, 382px\" \/><\/p>\n<p>[\/et_pb_text][et_pb_text _builder_version=\u00bb4.19.0&#8243; _module_preset=\u00bbdefault\u00bb global_colors_info=\u00bb{}\u00bb]<\/p>\n<p><img loading=\"lazy\" decoding=\"async\" class=\"wp-image-12223 alignnone \" src=\"https:\/\/aims.cat\/wp-content\/uploads\/2021\/07\/electra-energia.jpg\" alt=\"\" width=\"227\" height=\"154\" srcset=\"https:\/\/aims.cat\/wp-content\/uploads\/2021\/07\/electra-energia.jpg 449w, https:\/\/aims.cat\/wp-content\/uploads\/2021\/07\/electra-energia-300x204.jpg 300w\" sizes=\"(max-width: 227px) 100vw, 227px\" \/><\/p>\n<p>[\/et_pb_text][\/et_pb_column][et_pb_column type=\u00bb1_4&#8243; _builder_version=\u00bb4.16&#8243; custom_padding=\u00bb|||\u00bb global_colors_info=\u00bb{}\u00bb custom_padding__hover=\u00bb|||\u00bb][et_pb_text _builder_version=\u00bb4.20.4&#8243; _module_preset=\u00bbdefault\u00bb link_option_url=\u00bbhttps:\/\/www.iei.cat\/\u00bb link_option_url_new_window=\u00bbon\u00bb global_colors_info=\u00bb{}\u00bb]<\/p>\n<p><img loading=\"lazy\" decoding=\"async\" class=\"wp-image-14953 alignnone \" src=\"https:\/\/aims.cat\/wp-content\/uploads\/2022\/11\/estudis_ilerdencs.jpg\" alt=\"\" width=\"346\" height=\"189\" \/><\/p>\n<p>[\/et_pb_text][et_pb_text _builder_version=\u00bb4.19.0&#8243; _module_preset=\u00bbdefault\u00bb global_colors_info=\u00bb{}\u00bb]<\/p>\n<p><img loading=\"lazy\" decoding=\"async\" class=\"wp-image-12202  aligncenter\" src=\"https:\/\/aims.cat\/wp-content\/uploads\/2021\/07\/consell-comarcal.jpg\" alt=\"\" width=\"137\" height=\"137\" \/><\/p>\n<p>[\/et_pb_text][et_pb_text _builder_version=\u00bb4.27.0&#8243; _module_preset=\u00bbdefault\u00bb hover_enabled=\u00bb0&#8243; sticky_enabled=\u00bb0&#8243;]<\/p>\n<p><img decoding=\"async\" src=\"https:\/\/www.aralleida.cat\/wp-content\/uploads\/2024\/04\/ara_lleida_diputacio_patronat.png\" alt=\"Identitat visual corporativa - Ara Lleida\" \/><\/p>\n<p>[\/et_pb_text][\/et_pb_column][et_pb_column type=\u00bb1_4&#8243; _builder_version=\u00bb4.16&#8243; custom_padding=\u00bb|||\u00bb global_colors_info=\u00bb{}\u00bb custom_padding__hover=\u00bb|||\u00bb][et_pb_text _builder_version=\u00bb4.19.0&#8243; _module_preset=\u00bbdefault\u00bb global_colors_info=\u00bb{}\u00bb]<\/p>\n<p><img loading=\"lazy\" decoding=\"async\" class=\"wp-image-12190  aligncenter\" src=\"https:\/\/aims.cat\/wp-content\/uploads\/2021\/07\/logo-sense-fons-ok.png\" alt=\"\" width=\"152\" height=\"167\" \/><\/p>\n<p>[\/et_pb_text][et_pb_text _builder_version=\u00bb4.19.0&#8243; _module_preset=\u00bbdefault\u00bb global_colors_info=\u00bb{}\u00bb]<\/p>\n<p><img loading=\"lazy\" decoding=\"async\" class=\"wp-image-3572 alignnone \" src=\"https:\/\/aims.cat\/wp-content\/uploads\/2017\/04\/partner-aie.jpg\" alt=\"\" width=\"484\" height=\"189\" srcset=\"https:\/\/aims.cat\/wp-content\/uploads\/2017\/04\/partner-aie.jpg 500w, https:\/\/aims.cat\/wp-content\/uploads\/2017\/04\/partner-aie-300x117.jpg 300w\" sizes=\"(max-width: 484px) 100vw, 484px\" \/><\/p>\n<p>[\/et_pb_text][et_pb_text _builder_version=\u00bb4.19.0&#8243; _module_preset=\u00bbdefault\u00bb global_colors_info=\u00bb{}\u00bb]<\/p>\n<p><img loading=\"lazy\" decoding=\"async\" class=\"wp-image-14145 alignnone \" src=\"https:\/\/aims.cat\/wp-content\/uploads\/2022\/07\/Fruits-taribo-rotated.jpg\" alt=\"\" width=\"271\" height=\"79\" \/><\/p>\n<p>[\/et_pb_text][\/et_pb_column][\/et_pb_row][et_pb_row column_structure=\u00bb1_4,3_4&#8243; _builder_version=\u00bb4.16&#8243; _module_preset=\u00bbdefault\u00bb global_colors_info=\u00bb{}\u00bb][et_pb_column type=\u00bb1_4&#8243; _builder_version=\u00bb4.16&#8243; _module_preset=\u00bbdefault\u00bb global_colors_info=\u00bb{}\u00bb][\/et_pb_column][et_pb_column type=\u00bb3_4&#8243; _builder_version=\u00bb4.16&#8243; _module_preset=\u00bbdefault\u00bb global_colors_info=\u00bb{}\u00bb][et_pb_text _builder_version=\u00bb4.16&#8243; global_colors_info=\u00bb{}\u00bb]<\/p>\n<h3>Con la colaboraci\u00f3n de<\/h3>\n<p>Ajuntament de Solsona, Ajuntament de Cardona, Ajuntament de Castellar de la Ribera, Ajuntament de Castellnou de Bages, Ajuntament de La Seu d\u2019Urgell, Ajuntament de Nav\u00e8s, Ajuntament d\u2019Od\u00e8n, Ajuntament d\u2019Olius, Ajuntament d\u2019Oliana, Ajuntament d\u2019Organy\u00e0, Ajuntament de Riner, Ajuntament de Sallent, Ajuntament de Sant Lloren\u00e7 de Morunys, Ajuntament de Tor\u00e0, Hotel Monegal, Museu Dioces\u00e0 i Comarcal de Solsona, Bisbat de Solsona, Associaci\u00f3 Amics de la Torre de Vallferosa, Associaci\u00f3 Amics de l\u2019orgue de Collbat\u00f3, Joventuts Musicals de Moi\u00e0, Hotel Sant Roc, AMISOL, Jove Orquestra Nacional de Catalunya (JONC)<\/p>\n<p>[\/et_pb_text][et_pb_text _builder_version=\u00bb4.18.0&#8243; global_colors_info=\u00bb{}\u00bb]<\/p>\n<h3>Donantes<\/h3>\n<p>Marie-Luise Thiemann, Assumpta Blanch, Josep M\u00aa Masseg\u00fa, Clara Thiemann, Anna Boix, Miquel Flotats, Maria Teresa Montaner, Manuel Pavia, Miquel \u00c0ngel Murcia<\/p>\n<p>[\/et_pb_text][\/et_pb_column][\/et_pb_row][\/et_pb_section]<\/p>\n","protected":false},"excerpt":{"rendered":"<p>Con la colaboraci\u00f3n de Ajuntament de Solsona, Ajuntament de Cardona, Ajuntament de Castellar de la Ribera, Ajuntament de Castellnou de Bages, Ajuntament de La Seu d\u2019Urgell, Ajuntament de Nav\u00e8s, Ajuntament [&hellip;]<\/p>\n","protected":false},"author":2,"featured_media":0,"parent":0,"menu_order":0,"comment_status":"closed","ping_status":"closed","template":"","meta":{"_acf_changed":false,"_et_pb_use_builder":"on","_et_pb_old_content":"","_et_gb_content_width":"","footnotes":"","_links_to":"","_links_to_target":""},"class_list":["post-977","page","type-page","status-publish","hentry"],"acf":[],"_links":{"self":[{"href":"https:\/\/aims.cat\/es\/wp-json\/wp\/v2\/pages\/977","targetHints":{"allow":["GET"]}}],"collection":[{"href":"https:\/\/aims.cat\/es\/wp-json\/wp\/v2\/pages"}],"about":[{"href":"https:\/\/aims.cat\/es\/wp-json\/wp\/v2\/types\/page"}],"author":[{"embeddable":true,"href":"https:\/\/aims.cat\/es\/wp-json\/wp\/v2\/users\/2"}],"replies":[{"embeddable":true,"href":"https:\/\/aims.cat\/es\/wp-json\/wp\/v2\/comments?post=977"}],"version-history":[{"count":10,"href":"https:\/\/aims.cat\/es\/wp-json\/wp\/v2\/pages\/977\/revisions"}],"predecessor-version":[{"id":17635,"href":"https:\/\/aims.cat\/es\/wp-json\/wp\/v2\/pages\/977\/revisions\/17635"}],"wp:attachment":[{"href":"https:\/\/aims.cat\/es\/wp-json\/wp\/v2\/media?parent=977"}],"curies":[{"name":"wp","href":"https:\/\/api.w.org\/{rel}","templated":true}]}}